  {"id":15401,"date":"2018-08-05T20:53:31","date_gmt":"2018-08-05T19:53:31","guid":{"rendered":"https:\/\/stptrans.com\/nordic-translation-specialists\/"},"modified":"2022-04-26T12:56:31","modified_gmt":"2022-04-26T11:56:31","slug":"specialister-i-nordisk-oversaettelse-old","status":"publish","type":"page","link":"https:\/\/stptrans.com\/da\/specialister-i-nordisk-oversaettelse-old\/","title":{"rendered":"Specialister i nordisk overs\u00e6ttelse"},"content":{"rendered":"","protected":false},"excerpt":{"rendered":"","protected":false},"author":4,"featured_media":0,"parent":0,"menu_order":0,"comment_status":"closed","ping_status":"closed","template":"","meta":{"_acf_changed":false,"episode_type":"","audio_file":"","podmotor_file_id":"","podmotor_episode_id":"","cover_image":"","cover_image_id":"","duration":"","filesize":"","filesize_raw":"","date_recorded":"","explicit":"","block":"","itunes_episode_number":"","itunes_title":"","itunes_season_number":"","itunes_episode_type":"","footnotes":""},"coauthors":[238],"class_list":["post-15401","page","type-page","status-publish","hentry"],"acf":[],"yoast_head":"<!-- This site is optimized with the Yoast SEO plugin v27.2 - https:\/\/yoast.com\/product\/yoast-seo-wordpress\/ -->\n<title>Specialister i nordisk overs\u00e6ttelse | sa国际传媒 (STP)<\/title>\n<meta name=\"description\" content=\"Sandberg er din overs\u00e6ttelsespartner til kommunikation p\u00e5 det nordiske marked. Vi tilbyder skalerbare kvalitetsl\u00f8sninger til alle dine danske, engelske, finske, islandske, norske og svenske lokaliseringsbehov.\" \/>\n<meta name=\"robots\" content=\"index, follow, max-snippet:-1, max-image-preview:large, max-video-preview:-1\" \/>\n<link rel=\"canonical\" href=\"https:\/\/stptrans.com\/da\/specialister-i-nordisk-oversaettelse-old\/\" \/>\n<meta property=\"og:locale\" content=\"da_DK\" \/>\n<meta property=\"og:type\" content=\"article\" \/>\n<meta property=\"og:title\" content=\"Specialister i nordisk overs\u00e6ttelse | sa国际传媒 (STP)\" \/>\n<meta property=\"og:description\" content=\"Sandberg er din overs\u00e6ttelsespartner til kommunikation p\u00e5 det nordiske marked. Vi tilbyder skalerbare kvalitetsl\u00f8sninger til alle dine danske, engelske, finske, islandske, norske og svenske lokaliseringsbehov.\" \/>\n<meta property=\"og:url\" content=\"https:\/\/stptrans.com\/da\/specialister-i-nordisk-oversaettelse-old\/\" \/>\n<meta property=\"og:site_name\" content=\"sa国际传媒\" \/>\n<meta property=\"article:publisher\" content=\"https:\/\/www.facebook.com\/STPNordic?fref=ts\" \/>\n<meta property=\"article:modified_time\" content=\"2022-04-26T11:56:31+00:00\" \/>\n<meta name=\"twitter:card\" content=\"summary_large_image\" \/>\n<meta name=\"twitter:title\" content=\"Specialister i nordisk overs\u00e6ttelse | sa国际传媒 (STP)\" \/>\n<meta name=\"twitter:description\" content=\"Sandberg er din overs\u00e6ttelsespartner til kommunikation p\u00e5 det nordiske marked. Vi tilbyder skalerbare kvalitetsl\u00f8sninger til alle dine danske, engelske, finske, islandske, norske og svenske lokaliseringsbehov.\" \/>\n<meta name=\"twitter:site\" content=\"@STPConnect\" \/>\n<script type=\"application\/ld+json\" class=\"yoast-schema-graph\">{\"@context\":\"https:\/\/schema.org\",\"@graph\":[{\"@type\":\"WebPage\",\"@id\":\"https:\/\/stptrans.com\/da\/specialister-i-nordisk-oversaettelse-old\/\",\"url\":\"https:\/\/stptrans.com\/da\/specialister-i-nordisk-oversaettelse-old\/\",\"name\":\"Specialister i nordisk overs\u00e6ttelse | sa国际传媒 (STP)\",\"isPartOf\":{\"@id\":\"https:\/\/stptrans.com\/da\/#website\"},\"datePublished\":\"2018-08-05T19:53:31+00:00\",\"dateModified\":\"2022-04-26T11:56:31+00:00\",\"description\":\"Sandberg er din overs\u00e6ttelsespartner til kommunikation p\u00e5 det nordiske marked. Vi tilbyder skalerbare kvalitetsl\u00f8sninger til alle dine danske, engelske, finske, islandske, norske og svenske lokaliseringsbehov.\",\"breadcrumb\":{\"@id\":\"https:\/\/stptrans.com\/da\/specialister-i-nordisk-oversaettelse-old\/#breadcrumb\"},\"inLanguage\":\"da-DK\",\"potentialAction\":[{\"@type\":\"ReadAction\",\"target\":[\"https:\/\/stptrans.com\/da\/specialister-i-nordisk-oversaettelse-old\/\"]}]},{\"@type\":\"BreadcrumbList\",\"@id\":\"https:\/\/stptrans.com\/da\/specialister-i-nordisk-oversaettelse-old\/#breadcrumb\",\"itemListElement\":[{\"@type\":\"ListItem\",\"position\":1,\"name\":\"Home\",\"item\":\"https:\/\/stptrans.com\/da\/\"},{\"@type\":\"ListItem\",\"position\":2,\"name\":\"Specialister i nordisk overs\u00e6ttelse\"}]},{\"@type\":\"WebSite\",\"@id\":\"https:\/\/stptrans.com\/da\/#website\",\"url\":\"https:\/\/stptrans.com\/da\/\",\"name\":\"sa国际传媒\",\"description\":\"Nordic translation specialists\",\"publisher\":{\"@id\":\"https:\/\/stptrans.com\/da\/#organization\"},\"potentialAction\":[{\"@type\":\"SearchAction\",\"target\":{\"@type\":\"EntryPoint\",\"urlTemplate\":\"https:\/\/stptrans.com\/da\/?s={search_term_string}\"},\"query-input\":{\"@type\":\"PropertyValueSpecification\",\"valueRequired\":true,\"valueName\":\"search_term_string\"}}],\"inLanguage\":\"da-DK\"},{\"@type\":\"Organization\",\"@id\":\"https:\/\/stptrans.com\/da\/#organization\",\"name\":\"sa国际传媒\",\"url\":\"https:\/\/stptrans.com\/da\/\",\"logo\":{\"@type\":\"ImageObject\",\"inLanguage\":\"da-DK\",\"@id\":\"https:\/\/stptrans.com\/da\/#\/schema\/logo\/image\/\",\"url\":\"https:\/\/stptrans.com\/wp-content\/uploads\/2020\/11\/sandberg-email-footer.png\",\"contentUrl\":\"https:\/\/stptrans.com\/wp-content\/uploads\/2020\/11\/sandberg-email-footer.png\",\"width\":140,\"height\":86,\"caption\":\"sa国际传媒\"},\"image\":{\"@id\":\"https:\/\/stptrans.com\/da\/#\/schema\/logo\/image\/\"},\"sameAs\":[\"https:\/\/www.facebook.com\/STPNordic?fref=ts\",\"https:\/\/x.com\/STPConnect\",\"https:\/\/www.linkedin.com\/company\/sandberg-lsp\/\",\"https:\/\/www.instagram.com\/sandberg_lsp\/\"]}]}<\/script>\n<!-- \/ Yoast SEO plugin. -->","yoast_head_json":{"title":"Specialister i nordisk overs\u00e6ttelse | sa国际传媒 (STP)","description":"Sandberg er din overs\u00e6ttelsespartner til kommunikation p\u00e5 det nordiske marked. Vi tilbyder skalerbare kvalitetsl\u00f8sninger til alle dine danske, engelske, finske, islandske, norske og svenske lokaliseringsbehov.","robots":{"index":"index","follow":"follow","max-snippet":"max-snippet:-1","max-image-preview":"max-image-preview:large","max-video-preview":"max-video-preview:-1"},"canonical":"https:\/\/stptrans.com\/da\/specialister-i-nordisk-oversaettelse-old\/","og_locale":"da_DK","og_type":"article","og_title":"Specialister i nordisk overs\u00e6ttelse | sa国际传媒 (STP)","og_description":"Sandberg er din overs\u00e6ttelsespartner til kommunikation p\u00e5 det nordiske marked. Vi tilbyder skalerbare kvalitetsl\u00f8sninger til alle dine danske, engelske, finske, islandske, norske og svenske lokaliseringsbehov.","og_url":"https:\/\/stptrans.com\/da\/specialister-i-nordisk-oversaettelse-old\/","og_site_name":"sa国际传媒","article_publisher":"https:\/\/www.facebook.com\/STPNordic?fref=ts","article_modified_time":"2022-04-26T11:56:31+00:00","twitter_card":"summary_large_image","twitter_title":"Specialister i nordisk overs\u00e6ttelse | sa国际传媒 (STP)","twitter_description":"Sandberg er din overs\u00e6ttelsespartner til kommunikation p\u00e5 det nordiske marked. Vi tilbyder skalerbare kvalitetsl\u00f8sninger til alle dine danske, engelske, finske, islandske, norske og svenske lokaliseringsbehov.","twitter_site":"@STPConnect","schema":{"@context":"https:\/\/schema.org","@graph":[{"@type":"WebPage","@id":"https:\/\/stptrans.com\/da\/specialister-i-nordisk-oversaettelse-old\/","url":"https:\/\/stptrans.com\/da\/specialister-i-nordisk-oversaettelse-old\/","name":"Specialister i nordisk overs\u00e6ttelse | sa国际传媒 (STP)","isPartOf":{"@id":"https:\/\/stptrans.com\/da\/#website"},"datePublished":"2018-08-05T19:53:31+00:00","dateModified":"2022-04-26T11:56:31+00:00","description":"Sandberg er din overs\u00e6ttelsespartner til kommunikation p\u00e5 det nordiske marked. Vi tilbyder skalerbare kvalitetsl\u00f8sninger til alle dine danske, engelske, finske, islandske, norske og svenske lokaliseringsbehov.","breadcrumb":{"@id":"https:\/\/stptrans.com\/da\/specialister-i-nordisk-oversaettelse-old\/#breadcrumb"},"inLanguage":"da-DK","potentialAction":[{"@type":"ReadAction","target":["https:\/\/stptrans.com\/da\/specialister-i-nordisk-oversaettelse-old\/"]}]},{"@type":"BreadcrumbList","@id":"https:\/\/stptrans.com\/da\/specialister-i-nordisk-oversaettelse-old\/#breadcrumb","itemListElement":[{"@type":"ListItem","position":1,"name":"Home","item":"https:\/\/stptrans.com\/da\/"},{"@type":"ListItem","position":2,"name":"Specialister i nordisk overs\u00e6ttelse"}]},{"@type":"WebSite","@id":"https:\/\/stptrans.com\/da\/#website","url":"https:\/\/stptrans.com\/da\/","name":"sa国际传媒","description":"Nordic translation specialists","publisher":{"@id":"https:\/\/stptrans.com\/da\/#organization"},"potentialAction":[{"@type":"SearchAction","target":{"@type":"EntryPoint","urlTemplate":"https:\/\/stptrans.com\/da\/?s={search_term_string}"},"query-input":{"@type":"PropertyValueSpecification","valueRequired":true,"valueName":"search_term_string"}}],"inLanguage":"da-DK"},{"@type":"Organization","@id":"https:\/\/stptrans.com\/da\/#organization","name":"sa国际传媒","url":"https:\/\/stptrans.com\/da\/","logo":{"@type":"ImageObject","inLanguage":"da-DK","@id":"https:\/\/stptrans.com\/da\/#\/schema\/logo\/image\/","url":"https:\/\/stptrans.com\/wp-content\/uploads\/2020\/11\/sandberg-email-footer.png","contentUrl":"https:\/\/stptrans.com\/wp-content\/uploads\/2020\/11\/sandberg-email-footer.png","width":140,"height":86,"caption":"sa国际传媒"},"image":{"@id":"https:\/\/stptrans.com\/da\/#\/schema\/logo\/image\/"},"sameAs":["https:\/\/www.facebook.com\/STPNordic?fref=ts","https:\/\/x.com\/STPConnect","https:\/\/www.linkedin.com\/company\/sandberg-lsp\/","https:\/\/www.instagram.com\/sandberg_lsp\/"]}]}},"_links":{"self":[{"href":"https:\/\/stptrans.com\/da\/wp-json\/wp\/v2\/pages\/15401","targetHints":{"allow":["GET"]}}],"collection":[{"href":"https:\/\/stptrans.com\/da\/wp-json\/wp\/v2\/pages"}],"about":[{"href":"https:\/\/stptrans.com\/da\/wp-json\/wp\/v2\/types\/page"}],"author":[{"embeddable":true,"href":"https:\/\/stptrans.com\/da\/wp-json\/wp\/v2\/users\/4"}],"replies":[{"embeddable":true,"href":"https:\/\/stptrans.com\/da\/wp-json\/wp\/v2\/comments?post=15401"}],"version-history":[{"count":12,"href":"https:\/\/stptrans.com\/da\/wp-json\/wp\/v2\/pages\/15401\/revisions"}],"predecessor-version":[{"id":29664,"href":"https:\/\/stptrans.com\/da\/wp-json\/wp\/v2\/pages\/15401\/revisions\/29664"}],"wp:attachment":[{"href":"https:\/\/stptrans.com\/da\/wp-json\/wp\/v2\/media?parent=15401"}],"wp:term":[{"taxonomy":"author","embeddable":true,"href":"https:\/\/stptrans.com\/da\/wp-json\/wp\/v2\/coauthors?post=15401"}],"curies":[{"name":"wp","href":"https:\/\/api.w.org\/{rel}","templated":true}]}}