  {"id":28831,"date":"2021-02-23T09:17:26","date_gmt":"2021-02-23T09:17:26","guid":{"rendered":"https:\/\/stptrans.com\/?page_id=28831"},"modified":"2026-01-27T08:11:05","modified_gmt":"2026-01-27T08:11:05","slug":"anmod-om-et-tilbud","status":"publish","type":"page","link":"https:\/\/stptrans.com\/da\/anmod-om-et-tilbud\/","title":{"rendered":"Anmod om et tilbud"},"content":{"rendered":"\t\t<div data-elementor-type=\"wp-page\" data-elementor-id=\"28831\" class=\"elementor elementor-28831\" data-elementor-post-type=\"page\">\n\t\t\t\t\t\t<section data-particle_enable=\"false\" data-particle-mobile-disabled=\"false\" class=\"elementor-section elementor-top-section elementor-element elementor-element-57ed7e7e elementor-section-boxed elementor-section-height-default elementor-section-height-default\" data-id=\"57ed7e7e\" data-element_type=\"section\" data-e-type=\"section\" id=\"edit-width\">\n\t\t\t\t\t\t<div class=\"elementor-container elementor-column-gap-default\">\n\t\t\t\t\t<div class=\"elementor-column elementor-col-50 elementor-top-column elementor-element elementor-element-b37b0cc\" data-id=\"b37b0cc\" data-element_type=\"column\" data-e-type=\"column\">\n\t\t\t<div class=\"elementor-widget-wrap elementor-element-populated\">\n\t\t\t\t\t\t<div class=\"elementor-element elementor-element-52f814e elementor-widget elementor-widget-heading\" data-id=\"52f814e\" data-element_type=\"widget\" data-e-type=\"widget\" data-widget_type=\"heading.default\">\n\t\t\t\t<div class=\"elementor-widget-container\">\n\t\t\t\t\t<h1 class=\"elementor-heading-title elementor-size-default\">Kontakt os<\/h1>\t\t\t\t<\/div>\n\t\t\t\t<\/div>\n\t\t\t\t<div class=\"elementor-element elementor-element-6d2c783a elementor-widget elementor-widget-text-editor\" data-id=\"6d2c783a\" data-element_type=\"widget\" data-e-type=\"widget\" data-widget_type=\"text-editor.default\">\n\t\t\t\t<div class=\"elementor-widget-container\">\n\t\t\t\t\t\t\t\t\t<p>For at kunne give dig et tilbud p\u00e5 et overs\u00e6ttelsesjob vil vi gerne vide lidt om dig og dit projekt.<\/p><p><strong>Bem\u00e6rk, at vi udelukkende arbejder med andre virksomheder \u2013 ikke privatpersoner.<\/strong><\/p><p>Hvis du er interesseret i at blive freelancer hos os, skal du i stedet udfylde <a href=\"\/da\/bliv-freelancer\/\">denne formular<\/a>.<\/p>\t\t\t\t\t\t\t\t<\/div>\n\t\t\t\t<\/div>\n\t\t\t\t<section data-particle_enable=\"false\" data-particle-mobile-disabled=\"false\" class=\"elementor-section elementor-inner-section elementor-element elementor-element-e831039 elementor-section-boxed elementor-section-height-default elementor-section-height-default\" data-id=\"e831039\" data-element_type=\"section\" data-e-type=\"section\">\n\t\t\t\t\t\t<div class=\"elementor-container elementor-column-gap-default\">\n\t\t\t\t\t<div class=\"elementor-column elementor-col-100 elementor-inner-column elementor-element elementor-element-386f7a6\" data-id=\"386f7a6\" data-element_type=\"column\" data-e-type=\"column\">\n\t\t\t<div class=\"elementor-widget-wrap elementor-element-populated\">\n\t\t\t\t\t\t<div class=\"elementor-element elementor-element-a029495 elementor-widget elementor-widget-image\" data-id=\"a029495\" data-element_type=\"widget\" data-e-type=\"widget\" data-widget_type=\"image.default\">\n\t\t\t\t<div class=\"elementor-widget-container\">\n\t\t\t\t\t\t\t\t\t\t\t\t\t\t\t<img fetchpriority=\"high\" decoding=\"async\" width=\"768\" height=\"755\" src=\"https:\/\/stptrans.com\/wp-content\/uploads\/2020\/03\/social-768x755.png\" class=\"attachment-medium_large size-medium_large wp-image-23186\" alt=\"Two circular images with emloyees at Sandberg being social.\" srcset=\"https:\/\/stptrans.com\/wp-content\/uploads\/2020\/03\/social-768x755.png 768w, https:\/\/stptrans.com\/wp-content\/uploads\/2020\/03\/social-300x295.png 300w, https:\/\/stptrans.com\/wp-content\/uploads\/2020\/03\/social.png 810w\" sizes=\"(max-width: 768px) 100vw, 768px\" \/>\t\t\t\t\t\t\t\t\t\t\t\t\t\t\t<\/div>\n\t\t\t\t<\/div>\n\t\t\t\t\t<\/div>\n\t\t<\/div>\n\t\t\t\t\t<\/div>\n\t\t<\/section>\n\t\t\t\t\t<\/div>\n\t\t<\/div>\n\t\t\t\t<div class=\"elementor-column elementor-col-50 elementor-top-column elementor-element elementor-element-60af931\" data-id=\"60af931\" data-element_type=\"column\" data-e-type=\"column\" data-settings=\"{&quot;background_background&quot;:&quot;classic&quot;}\">\n\t\t\t<div class=\"elementor-widget-wrap elementor-element-populated\">\n\t\t\t\t\t\t<section data-particle_enable=\"false\" data-particle-mobile-disabled=\"false\" class=\"elementor-section elementor-inner-section elementor-element elementor-element-295399f elementor-reverse-mobile elementor-section-boxed elementor-section-height-default elementor-section-height-default\" data-id=\"295399f\" data-element_type=\"section\" data-e-type=\"section\">\n\t\t\t\t\t\t<div class=\"elementor-container elementor-column-gap-default\">\n\t\t\t\t\t<div class=\"elementor-column elementor-col-100 elementor-inner-column elementor-element elementor-element-7d5cea6\" data-id=\"7d5cea6\" data-element_type=\"column\" data-e-type=\"column\">\n\t\t\t<div class=\"elementor-widget-wrap elementor-element-populated\">\n\t\t\t\t\t\t<div class=\"elementor-element elementor-element-990c439 elementor-widget elementor-widget-text-editor\" data-id=\"990c439\" data-element_type=\"widget\" data-e-type=\"widget\" data-widget_type=\"text-editor.default\">\n\t\t\t\t<div class=\"elementor-widget-container\">\n\t\t\t\t\t\t\t\t\t<div id=\"opcrm-webform-680f5ecea43bdc22c5ef8a09\" class=\"opcrm-webform\" data-form-url=\"https:\/\/forms.onepagecrm.com\/680f5ecea43bdc22c5ef8a09\/\">\u00a0<\/div><p><script type=\"text\/javascript\" src=\"https:\/\/forms.onepagecrm.com\/embed.js\"><\/script><\/p>\t\t\t\t\t\t\t\t<\/div>\n\t\t\t\t<\/div>\n\t\t\t\t\t<\/div>\n\t\t<\/div>\n\t\t\t\t\t<\/div>\n\t\t<\/section>\n\t\t\t\t\t<\/div>\n\t\t<\/div>\n\t\t\t\t\t<\/div>\n\t\t<\/section>\n\t\t\t\t<\/div>\n\t\t","protected":false},"excerpt":{"rendered":"<p>Kontakt os For at kunne give dig et tilbud p\u00e5 et overs\u00e6ttelsesjob vil vi gerne vide lidt om dig og dit projekt","protected":false},"author":14,"featured_media":0,"parent":0,"menu_order":0,"comment_status":"closed","ping_status":"closed","template":"elementor_header_footer","meta":{"_acf_changed":false,"episode_type":"","audio_file":"","podmotor_file_id":"","podmotor_episode_id":"","cover_image":"","cover_image_id":"","duration":"","filesize":"","filesize_raw":"","date_recorded":"","explicit":"","block":"","itunes_episode_number":"","itunes_title":"","itunes_season_number":"","itunes_episode_type":"","footnotes":""},"coauthors":[125],"class_list":["post-28831","page","type-page","status-publish","hentry"],"acf":[],"yoast_head":"<!-- This site is optimized with the Yoast SEO plugin v27.2 - https:\/\/yoast.com\/product\/yoast-seo-wordpress\/ -->\n<title>Anmod om et tilbud - sa国际传媒<\/title>\n<meta name=\"robots\" content=\"index, follow, max-snippet:-1, max-image-preview:large, max-video-preview:-1\" \/>\n<link rel=\"canonical\" href=\"https:\/\/stptrans.com\/da\/anmod-om-et-tilbud\/\" \/>\n<meta property=\"og:locale\" content=\"da_DK\" \/>\n<meta property=\"og:type\" content=\"article\" \/>\n<meta property=\"og:title\" content=\"Anmod om et tilbud - sa国际传媒\" \/>\n<meta property=\"og:description\" content=\"Kontakt os For at kunne give dig et tilbud p\u00e5 et overs\u00e6ttelsesjob vil vi gerne vide lidt om dig og dit projekt. Bem\u00e6rk, at vi udelukkende arbejder med andre virksomheder \u2013 ikke privatpersoner. Hvis du er interesseret i at blive freelancer hos os, skal du i stedet udfylde denne formular. \u00a0\" \/>\n<meta property=\"og:url\" content=\"https:\/\/stptrans.com\/da\/anmod-om-et-tilbud\/\" \/>\n<meta property=\"og:site_name\" content=\"sa国际传媒\" \/>\n<meta property=\"article:publisher\" content=\"https:\/\/www.facebook.com\/STPNordic?fref=ts\" \/>\n<meta property=\"article:modified_time\" content=\"2026-01-27T08:11:05+00:00\" \/>\n<meta property=\"og:image\" content=\"https:\/\/stptrans.com\/wp-content\/uploads\/2020\/03\/social.png\" \/>\n\t<meta property=\"og:image:width\" content=\"810\" \/>\n\t<meta property=\"og:image:height\" content=\"796\" \/>\n\t<meta property=\"og:image:type\" content=\"image\/png\" \/>\n<meta name=\"twitter:card\" content=\"summary_large_image\" \/>\n<meta name=\"twitter:site\" content=\"@STPConnect\" \/>\n<meta name=\"twitter:label1\" content=\"Estimeret l\u00e6setid\" \/>\n\t<meta name=\"twitter:data1\" content=\"1 minut\" \/>\n\t<meta name=\"twitter:label2\" content=\"Skrevet af\" \/>\n\t<meta name=\"twitter:data2\" content=\"Max Naylor\" \/>\n<script type=\"application\/ld+json\" class=\"yoast-schema-graph\">{\"@context\":\"https:\/\/schema.org\",\"@graph\":[{\"@type\":\"WebPage\",\"@id\":\"https:\/\/stptrans.com\/da\/anmod-om-et-tilbud\/\",\"url\":\"https:\/\/stptrans.com\/da\/anmod-om-et-tilbud\/\",\"name\":\"Anmod om et tilbud - sa国际传媒\",\"isPartOf\":{\"@id\":\"https:\/\/stptrans.com\/da\/#website\"},\"primaryImageOfPage\":{\"@id\":\"https:\/\/stptrans.com\/da\/anmod-om-et-tilbud\/#primaryimage\"},\"image\":{\"@id\":\"https:\/\/stptrans.com\/da\/anmod-om-et-tilbud\/#primaryimage\"},\"thumbnailUrl\":\"https:\/\/stptrans.com\/wp-content\/uploads\/2020\/03\/social-768x755.png\",\"datePublished\":\"2021-02-23T09:17:26+00:00\",\"dateModified\":\"2026-01-27T08:11:05+00:00\",\"breadcrumb\":{\"@id\":\"https:\/\/stptrans.com\/da\/anmod-om-et-tilbud\/#breadcrumb\"},\"inLanguage\":\"da-DK\",\"potentialAction\":[{\"@type\":\"ReadAction\",\"target\":[\"https:\/\/stptrans.com\/da\/anmod-om-et-tilbud\/\"]}]},{\"@type\":\"ImageObject\",\"inLanguage\":\"da-DK\",\"@id\":\"https:\/\/stptrans.com\/da\/anmod-om-et-tilbud\/#primaryimage\",\"url\":\"https:\/\/stptrans.com\/wp-content\/uploads\/2020\/03\/social-768x755.png\",\"contentUrl\":\"https:\/\/stptrans.com\/wp-content\/uploads\/2020\/03\/social-768x755.png\"},{\"@type\":\"BreadcrumbList\",\"@id\":\"https:\/\/stptrans.com\/da\/anmod-om-et-tilbud\/#breadcrumb\",\"itemListElement\":[{\"@type\":\"ListItem\",\"position\":1,\"name\":\"Home\",\"item\":\"https:\/\/stptrans.com\/da\/\"},{\"@type\":\"ListItem\",\"position\":2,\"name\":\"Anmod om et tilbud\"}]},{\"@type\":\"WebSite\",\"@id\":\"https:\/\/stptrans.com\/da\/#website\",\"url\":\"https:\/\/stptrans.com\/da\/\",\"name\":\"sa国际传媒\",\"description\":\"Nordic translation specialists\",\"publisher\":{\"@id\":\"https:\/\/stptrans.com\/da\/#organization\"},\"potentialAction\":[{\"@type\":\"SearchAction\",\"target\":{\"@type\":\"EntryPoint\",\"urlTemplate\":\"https:\/\/stptrans.com\/da\/?s={search_term_string}\"},\"query-input\":{\"@type\":\"PropertyValueSpecification\",\"valueRequired\":true,\"valueName\":\"search_term_string\"}}],\"inLanguage\":\"da-DK\"},{\"@type\":\"Organization\",\"@id\":\"https:\/\/stptrans.com\/da\/#organization\",\"name\":\"sa国际传媒\",\"url\":\"https:\/\/stptrans.com\/da\/\",\"logo\":{\"@type\":\"ImageObject\",\"inLanguage\":\"da-DK\",\"@id\":\"https:\/\/stptrans.com\/da\/#\/schema\/logo\/image\/\",\"url\":\"https:\/\/stptrans.com\/wp-content\/uploads\/2020\/11\/sandberg-email-footer.png\",\"contentUrl\":\"https:\/\/stptrans.com\/wp-content\/uploads\/2020\/11\/sandberg-email-footer.png\",\"width\":140,\"height\":86,\"caption\":\"sa国际传媒\"},\"image\":{\"@id\":\"https:\/\/stptrans.com\/da\/#\/schema\/logo\/image\/\"},\"sameAs\":[\"https:\/\/www.facebook.com\/STPNordic?fref=ts\",\"https:\/\/x.com\/STPConnect\",\"https:\/\/www.linkedin.com\/company\/sandberg-lsp\/\",\"https:\/\/www.instagram.com\/sandberg_lsp\/\"]}]}<\/script>\n<!-- \/ Yoast SEO plugin. -->","yoast_head_json":{"title":"Anmod om et tilbud - sa国际传媒","robots":{"index":"index","follow":"follow","max-snippet":"max-snippet:-1","max-image-preview":"max-image-preview:large","max-video-preview":"max-video-preview:-1"},"canonical":"https:\/\/stptrans.com\/da\/anmod-om-et-tilbud\/","og_locale":"da_DK","og_type":"article","og_title":"Anmod om et tilbud - sa国际传媒","og_description":"Kontakt os For at kunne give dig et tilbud p\u00e5 et overs\u00e6ttelsesjob vil vi gerne vide lidt om dig og dit projekt. Bem\u00e6rk, at vi udelukkende arbejder med andre virksomheder \u2013 ikke privatpersoner. Hvis du er interesseret i at blive freelancer hos os, skal du i stedet udfylde denne formular. \u00a0","og_url":"https:\/\/stptrans.com\/da\/anmod-om-et-tilbud\/","og_site_name":"sa国际传媒","article_publisher":"https:\/\/www.facebook.com\/STPNordic?fref=ts","article_modified_time":"2026-01-27T08:11:05+00:00","og_image":[{"width":810,"height":796,"url":"https:\/\/stptrans.com\/wp-content\/uploads\/2020\/03\/social.png","type":"image\/png"}],"twitter_card":"summary_large_image","twitter_site":"@STPConnect","twitter_misc":{"Estimeret l\u00e6setid":"1 minut","Skrevet af":"Max Naylor"},"schema":{"@context":"https:\/\/schema.org","@graph":[{"@type":"WebPage","@id":"https:\/\/stptrans.com\/da\/anmod-om-et-tilbud\/","url":"https:\/\/stptrans.com\/da\/anmod-om-et-tilbud\/","name":"Anmod om et tilbud - sa国际传媒","isPartOf":{"@id":"https:\/\/stptrans.com\/da\/#website"},"primaryImageOfPage":{"@id":"https:\/\/stptrans.com\/da\/anmod-om-et-tilbud\/#primaryimage"},"image":{"@id":"https:\/\/stptrans.com\/da\/anmod-om-et-tilbud\/#primaryimage"},"thumbnailUrl":"https:\/\/stptrans.com\/wp-content\/uploads\/2020\/03\/social-768x755.png","datePublished":"2021-02-23T09:17:26+00:00","dateModified":"2026-01-27T08:11:05+00:00","breadcrumb":{"@id":"https:\/\/stptrans.com\/da\/anmod-om-et-tilbud\/#breadcrumb"},"inLanguage":"da-DK","potentialAction":[{"@type":"ReadAction","target":["https:\/\/stptrans.com\/da\/anmod-om-et-tilbud\/"]}]},{"@type":"ImageObject","inLanguage":"da-DK","@id":"https:\/\/stptrans.com\/da\/anmod-om-et-tilbud\/#primaryimage","url":"https:\/\/stptrans.com\/wp-content\/uploads\/2020\/03\/social-768x755.png","contentUrl":"https:\/\/stptrans.com\/wp-content\/uploads\/2020\/03\/social-768x755.png"},{"@type":"BreadcrumbList","@id":"https:\/\/stptrans.com\/da\/anmod-om-et-tilbud\/#breadcrumb","itemListElement":[{"@type":"ListItem","position":1,"name":"Home","item":"https:\/\/stptrans.com\/da\/"},{"@type":"ListItem","position":2,"name":"Anmod om et tilbud"}]},{"@type":"WebSite","@id":"https:\/\/stptrans.com\/da\/#website","url":"https:\/\/stptrans.com\/da\/","name":"sa国际传媒","description":"Nordic translation specialists","publisher":{"@id":"https:\/\/stptrans.com\/da\/#organization"},"potentialAction":[{"@type":"SearchAction","target":{"@type":"EntryPoint","urlTemplate":"https:\/\/stptrans.com\/da\/?s={search_term_string}"},"query-input":{"@type":"PropertyValueSpecification","valueRequired":true,"valueName":"search_term_string"}}],"inLanguage":"da-DK"},{"@type":"Organization","@id":"https:\/\/stptrans.com\/da\/#organization","name":"sa国际传媒","url":"https:\/\/stptrans.com\/da\/","logo":{"@type":"ImageObject","inLanguage":"da-DK","@id":"https:\/\/stptrans.com\/da\/#\/schema\/logo\/image\/","url":"https:\/\/stptrans.com\/wp-content\/uploads\/2020\/11\/sandberg-email-footer.png","contentUrl":"https:\/\/stptrans.com\/wp-content\/uploads\/2020\/11\/sandberg-email-footer.png","width":140,"height":86,"caption":"sa国际传媒"},"image":{"@id":"https:\/\/stptrans.com\/da\/#\/schema\/logo\/image\/"},"sameAs":["https:\/\/www.facebook.com\/STPNordic?fref=ts","https:\/\/x.com\/STPConnect","https:\/\/www.linkedin.com\/company\/sandberg-lsp\/","https:\/\/www.instagram.com\/sandberg_lsp\/"]}]}},"_links":{"self":[{"href":"https:\/\/stptrans.com\/da\/wp-json\/wp\/v2\/pages\/28831","targetHints":{"allow":["GET"]}}],"collection":[{"href":"https:\/\/stptrans.com\/da\/wp-json\/wp\/v2\/pages"}],"about":[{"href":"https:\/\/stptrans.com\/da\/wp-json\/wp\/v2\/types\/page"}],"author":[{"embeddable":true,"href":"https:\/\/stptrans.com\/da\/wp-json\/wp\/v2\/users\/14"}],"replies":[{"embeddable":true,"href":"https:\/\/stptrans.com\/da\/wp-json\/wp\/v2\/comments?post=28831"}],"version-history":[{"count":9,"href":"https:\/\/stptrans.com\/da\/wp-json\/wp\/v2\/pages\/28831\/revisions"}],"predecessor-version":[{"id":52460,"href":"https:\/\/stptrans.com\/da\/wp-json\/wp\/v2\/pages\/28831\/revisions\/52460"}],"wp:attachment":[{"href":"https:\/\/stptrans.com\/da\/wp-json\/wp\/v2\/media?parent=28831"}],"wp:term":[{"taxonomy":"author","embeddable":true,"href":"https:\/\/stptrans.com\/da\/wp-json\/wp\/v2\/coauthors?post=28831"}],"curies":[{"name":"wp","href":"https:\/\/api.w.org\/{rel}","templated":true}]}}