  {"id":22810,"date":"2020-03-03T11:01:55","date_gmt":"2020-03-03T11:01:55","guid":{"rendered":"https:\/\/stptrans.com\/wie-wir-mit-ihnen-zusammenarbeiten\/"},"modified":"2020-05-14T12:01:02","modified_gmt":"2020-05-14T11:01:02","slug":"wie-wir-mit-ihnen-zusammenarbeiten","status":"publish","type":"page","link":"https:\/\/stptrans.com\/de\/wie-wir-mit-ihnen-zusammenarbeiten\/","title":{"rendered":"Wie wir mit Ihnen zusammenarbeiten"},"content":{"rendered":"","protected":false},"excerpt":{"rendered":"","protected":false},"author":1,"featured_media":0,"parent":0,"menu_order":0,"comment_status":"closed","ping_status":"closed","template":"","meta":{"_acf_changed":false,"episode_type":"","audio_file":"","podmotor_file_id":"","podmotor_episode_id":"","cover_image":"","cover_image_id":"","duration":"","filesize":"","filesize_raw":"","date_recorded":"","explicit":"","block":"","itunes_episode_number":"","itunes_title":"","itunes_season_number":"","itunes_episode_type":"","footnotes":""},"coauthors":[57],"class_list":["post-22810","page","type-page","status-publish","hentry"],"acf":[],"yoast_head":"<!-- This site is optimized with the Yoast SEO plugin v27.2 - https:\/\/yoast.com\/product\/yoast-seo-wordpress\/ -->\n<title>Zusammenarbeit mit Ihnen | sa国际传媒 (STP)<\/title>\n<meta name=\"description\" content=\"Wie passt es Ihnen am besten? Wir bei Sandberg orientieren uns an den individuellen Bed\u00fcrfnissen unserer Kunden. Wenn wir Ihre Anforderungen kennen, k\u00f6nnen wir die Zusammenarbeit mit Ihnen so gestalten, dass keine W\u00fcnsche offen bleiben.\" \/>\n<meta name=\"robots\" content=\"index, follow, max-snippet:-1, max-image-preview:large, max-video-preview:-1\" \/>\n<link rel=\"canonical\" href=\"https:\/\/stptrans.com\/de\/wie-wir-mit-ihnen-zusammenarbeiten\/\" \/>\n<meta property=\"og:locale\" content=\"de_DE\" \/>\n<meta property=\"og:type\" content=\"article\" \/>\n<meta property=\"og:title\" content=\"Zusammenarbeit mit Ihnen | sa国际传媒 (STP)\" \/>\n<meta property=\"og:description\" content=\"Wie passt es Ihnen am besten? Wir bei Sandberg orientieren uns an den individuellen Bed\u00fcrfnissen unserer Kunden. Wenn wir Ihre Anforderungen kennen, k\u00f6nnen wir die Zusammenarbeit mit Ihnen so gestalten, dass keine W\u00fcnsche offen bleiben.\" \/>\n<meta property=\"og:url\" content=\"https:\/\/stptrans.com\/de\/wie-wir-mit-ihnen-zusammenarbeiten\/\" \/>\n<meta property=\"og:site_name\" content=\"sa国际传媒\" \/>\n<meta property=\"article:publisher\" content=\"https:\/\/www.facebook.com\/STPNordic?fref=ts\" \/>\n<meta property=\"article:modified_time\" content=\"2020-05-14T11:01:02+00:00\" \/>\n<meta name=\"twitter:card\" content=\"summary_large_image\" \/>\n<meta name=\"twitter:title\" content=\"Zusammenarbeit mit Ihnen | sa国际传媒 (STP)\" \/>\n<meta name=\"twitter:description\" content=\"Wie passt es Ihnen am besten? Wir bei Sandberg orientieren uns an den individuellen Bed\u00fcrfnissen unserer Kunden. Wenn wir Ihre Anforderungen kennen, k\u00f6nnen wir die Zusammenarbeit mit Ihnen so gestalten, dass keine W\u00fcnsche offen bleiben.\" \/>\n<meta name=\"twitter:image\" content=\"https:\/\/stptrans.com\/wp-content\/uploads\/2018\/06\/work-with-you.jpg\" \/>\n<meta name=\"twitter:site\" content=\"@STPConnect\" \/>\n<meta name=\"twitter:label1\" content=\"Written by\" \/>\n\t<meta name=\"twitter:data1\" content=\"Matt\" \/>\n<script type=\"application\/ld+json\" class=\"yoast-schema-graph\">{\"@context\":\"https:\/\/schema.org\",\"@graph\":[{\"@type\":\"WebPage\",\"@id\":\"https:\/\/stptrans.com\/de\/wie-wir-mit-ihnen-zusammenarbeiten\/\",\"url\":\"https:\/\/stptrans.com\/de\/wie-wir-mit-ihnen-zusammenarbeiten\/\",\"name\":\"Zusammenarbeit mit Ihnen | sa国际传媒 (STP)\",\"isPartOf\":{\"@id\":\"https:\/\/stptrans.com\/de\/#website\"},\"datePublished\":\"2020-03-03T11:01:55+00:00\",\"dateModified\":\"2020-05-14T11:01:02+00:00\",\"description\":\"Wie passt es Ihnen am besten? Wir bei Sandberg orientieren uns an den individuellen Bed\u00fcrfnissen unserer Kunden. Wenn wir Ihre Anforderungen kennen, k\u00f6nnen wir die Zusammenarbeit mit Ihnen so gestalten, dass keine W\u00fcnsche offen bleiben.\",\"breadcrumb\":{\"@id\":\"https:\/\/stptrans.com\/de\/wie-wir-mit-ihnen-zusammenarbeiten\/#breadcrumb\"},\"inLanguage\":\"de\",\"potentialAction\":[{\"@type\":\"ReadAction\",\"target\":[\"https:\/\/stptrans.com\/de\/wie-wir-mit-ihnen-zusammenarbeiten\/\"]}]},{\"@type\":\"BreadcrumbList\",\"@id\":\"https:\/\/stptrans.com\/de\/wie-wir-mit-ihnen-zusammenarbeiten\/#breadcrumb\",\"itemListElement\":[{\"@type\":\"ListItem\",\"position\":1,\"name\":\"Home\",\"item\":\"https:\/\/stptrans.com\/de\/\"},{\"@type\":\"ListItem\",\"position\":2,\"name\":\"Wie wir mit Ihnen zusammenarbeiten\"}]},{\"@type\":\"WebSite\",\"@id\":\"https:\/\/stptrans.com\/de\/#website\",\"url\":\"https:\/\/stptrans.com\/de\/\",\"name\":\"sa国际传媒\",\"description\":\"Nordic translation specialists\",\"publisher\":{\"@id\":\"https:\/\/stptrans.com\/de\/#organization\"},\"potentialAction\":[{\"@type\":\"SearchAction\",\"target\":{\"@type\":\"EntryPoint\",\"urlTemplate\":\"https:\/\/stptrans.com\/de\/?s={search_term_string}\"},\"query-input\":{\"@type\":\"PropertyValueSpecification\",\"valueRequired\":true,\"valueName\":\"search_term_string\"}}],\"inLanguage\":\"de\"},{\"@type\":\"Organization\",\"@id\":\"https:\/\/stptrans.com\/de\/#organization\",\"name\":\"sa国际传媒\",\"url\":\"https:\/\/stptrans.com\/de\/\",\"logo\":{\"@type\":\"ImageObject\",\"inLanguage\":\"de\",\"@id\":\"https:\/\/stptrans.com\/de\/#\/schema\/logo\/image\/\",\"url\":\"https:\/\/stptrans.com\/wp-content\/uploads\/2020\/11\/sandberg-email-footer.png\",\"contentUrl\":\"https:\/\/stptrans.com\/wp-content\/uploads\/2020\/11\/sandberg-email-footer.png\",\"width\":140,\"height\":86,\"caption\":\"sa国际传媒\"},\"image\":{\"@id\":\"https:\/\/stptrans.com\/de\/#\/schema\/logo\/image\/\"},\"sameAs\":[\"https:\/\/www.facebook.com\/STPNordic?fref=ts\",\"https:\/\/x.com\/STPConnect\",\"https:\/\/www.linkedin.com\/company\/sandberg-lsp\/\",\"https:\/\/www.instagram.com\/sandberg_lsp\/\"]}]}<\/script>\n<!-- \/ Yoast SEO plugin. -->","yoast_head_json":{"title":"Zusammenarbeit mit Ihnen | sa国际传媒 (STP)","description":"Wie passt es Ihnen am besten? Wir bei Sandberg orientieren uns an den individuellen Bed\u00fcrfnissen unserer Kunden. Wenn wir Ihre Anforderungen kennen, k\u00f6nnen wir die Zusammenarbeit mit Ihnen so gestalten, dass keine W\u00fcnsche offen bleiben.","robots":{"index":"index","follow":"follow","max-snippet":"max-snippet:-1","max-image-preview":"max-image-preview:large","max-video-preview":"max-video-preview:-1"},"canonical":"https:\/\/stptrans.com\/de\/wie-wir-mit-ihnen-zusammenarbeiten\/","og_locale":"de_DE","og_type":"article","og_title":"Zusammenarbeit mit Ihnen | sa国际传媒 (STP)","og_description":"Wie passt es Ihnen am besten? Wir bei Sandberg orientieren uns an den individuellen Bed\u00fcrfnissen unserer Kunden. Wenn wir Ihre Anforderungen kennen, k\u00f6nnen wir die Zusammenarbeit mit Ihnen so gestalten, dass keine W\u00fcnsche offen bleiben.","og_url":"https:\/\/stptrans.com\/de\/wie-wir-mit-ihnen-zusammenarbeiten\/","og_site_name":"sa国际传媒","article_publisher":"https:\/\/www.facebook.com\/STPNordic?fref=ts","article_modified_time":"2020-05-14T11:01:02+00:00","twitter_card":"summary_large_image","twitter_title":"Zusammenarbeit mit Ihnen | sa国际传媒 (STP)","twitter_description":"Wie passt es Ihnen am besten? Wir bei Sandberg orientieren uns an den individuellen Bed\u00fcrfnissen unserer Kunden. Wenn wir Ihre Anforderungen kennen, k\u00f6nnen wir die Zusammenarbeit mit Ihnen so gestalten, dass keine W\u00fcnsche offen bleiben.","twitter_image":"https:\/\/stptrans.com\/wp-content\/uploads\/2018\/06\/work-with-you.jpg","twitter_site":"@STPConnect","twitter_misc":{"Written by":"Matt"},"schema":{"@context":"https:\/\/schema.org","@graph":[{"@type":"WebPage","@id":"https:\/\/stptrans.com\/de\/wie-wir-mit-ihnen-zusammenarbeiten\/","url":"https:\/\/stptrans.com\/de\/wie-wir-mit-ihnen-zusammenarbeiten\/","name":"Zusammenarbeit mit Ihnen | sa国际传媒 (STP)","isPartOf":{"@id":"https:\/\/stptrans.com\/de\/#website"},"datePublished":"2020-03-03T11:01:55+00:00","dateModified":"2020-05-14T11:01:02+00:00","description":"Wie passt es Ihnen am besten? Wir bei Sandberg orientieren uns an den individuellen Bed\u00fcrfnissen unserer Kunden. Wenn wir Ihre Anforderungen kennen, k\u00f6nnen wir die Zusammenarbeit mit Ihnen so gestalten, dass keine W\u00fcnsche offen bleiben.","breadcrumb":{"@id":"https:\/\/stptrans.com\/de\/wie-wir-mit-ihnen-zusammenarbeiten\/#breadcrumb"},"inLanguage":"de","potentialAction":[{"@type":"ReadAction","target":["https:\/\/stptrans.com\/de\/wie-wir-mit-ihnen-zusammenarbeiten\/"]}]},{"@type":"BreadcrumbList","@id":"https:\/\/stptrans.com\/de\/wie-wir-mit-ihnen-zusammenarbeiten\/#breadcrumb","itemListElement":[{"@type":"ListItem","position":1,"name":"Home","item":"https:\/\/stptrans.com\/de\/"},{"@type":"ListItem","position":2,"name":"Wie wir mit Ihnen zusammenarbeiten"}]},{"@type":"WebSite","@id":"https:\/\/stptrans.com\/de\/#website","url":"https:\/\/stptrans.com\/de\/","name":"sa国际传媒","description":"Nordic translation specialists","publisher":{"@id":"https:\/\/stptrans.com\/de\/#organization"},"potentialAction":[{"@type":"SearchAction","target":{"@type":"EntryPoint","urlTemplate":"https:\/\/stptrans.com\/de\/?s={search_term_string}"},"query-input":{"@type":"PropertyValueSpecification","valueRequired":true,"valueName":"search_term_string"}}],"inLanguage":"de"},{"@type":"Organization","@id":"https:\/\/stptrans.com\/de\/#organization","name":"sa国际传媒","url":"https:\/\/stptrans.com\/de\/","logo":{"@type":"ImageObject","inLanguage":"de","@id":"https:\/\/stptrans.com\/de\/#\/schema\/logo\/image\/","url":"https:\/\/stptrans.com\/wp-content\/uploads\/2020\/11\/sandberg-email-footer.png","contentUrl":"https:\/\/stptrans.com\/wp-content\/uploads\/2020\/11\/sandberg-email-footer.png","width":140,"height":86,"caption":"sa国际传媒"},"image":{"@id":"https:\/\/stptrans.com\/de\/#\/schema\/logo\/image\/"},"sameAs":["https:\/\/www.facebook.com\/STPNordic?fref=ts","https:\/\/x.com\/STPConnect","https:\/\/www.linkedin.com\/company\/sandberg-lsp\/","https:\/\/www.instagram.com\/sandberg_lsp\/"]}]}},"_links":{"self":[{"href":"https:\/\/stptrans.com\/de\/wp-json\/wp\/v2\/pages\/22810","targetHints":{"allow":["GET"]}}],"collection":[{"href":"https:\/\/stptrans.com\/de\/wp-json\/wp\/v2\/pages"}],"about":[{"href":"https:\/\/stptrans.com\/de\/wp-json\/wp\/v2\/types\/page"}],"author":[{"embeddable":true,"href":"https:\/\/stptrans.com\/de\/wp-json\/wp\/v2\/users\/1"}],"replies":[{"embeddable":true,"href":"https:\/\/stptrans.com\/de\/wp-json\/wp\/v2\/comments?post=22810"}],"version-history":[{"count":5,"href":"https:\/\/stptrans.com\/de\/wp-json\/wp\/v2\/pages\/22810\/revisions"}],"predecessor-version":[{"id":24048,"href":"https:\/\/stptrans.com\/de\/wp-json\/wp\/v2\/pages\/22810\/revisions\/24048"}],"wp:attachment":[{"href":"https:\/\/stptrans.com\/de\/wp-json\/wp\/v2\/media?parent=22810"}],"wp:term":[{"taxonomy":"author","embeddable":true,"href":"https:\/\/stptrans.com\/de\/wp-json\/wp\/v2\/coauthors?post=22810"}],"curies":[{"name":"wp","href":"https:\/\/api.w.org\/{rel}","templated":true}]}}