  {"id":31523,"date":"2021-03-26T10:48:23","date_gmt":"2021-03-26T10:48:23","guid":{"rendered":"https:\/\/stptrans.com\/lokalisierungsloesungen\/"},"modified":"2021-04-06T12:08:03","modified_gmt":"2021-04-06T11:08:03","slug":"loesungen","status":"publish","type":"page","link":"https:\/\/stptrans.com\/de\/loesungen\/","title":{"rendered":"Lokalisierungsl\u00f6sungen"},"content":{"rendered":"","protected":false},"excerpt":{"rendered":"","protected":false},"author":14,"featured_media":0,"parent":0,"menu_order":0,"comment_status":"closed","ping_status":"closed","template":"","meta":{"_acf_changed":false,"episode_type":"","audio_file":"","podmotor_file_id":"","podmotor_episode_id":"","cover_image":"","cover_image_id":"","duration":"","filesize":"","filesize_raw":"","date_recorded":"","explicit":"","block":"","itunes_episode_number":"","itunes_title":"","itunes_season_number":"","itunes_episode_type":"","footnotes":""},"coauthors":[125],"class_list":["post-31523","page","type-page","status-publish","hentry"],"acf":[],"yoast_head":"<!-- This site is optimized with the Yoast SEO plugin v27.2 - https:\/\/yoast.com\/product\/yoast-seo-wordpress\/ -->\n<title>Lokalisierungsl\u00f6sungen - sa国际传媒<\/title>\n<meta name=\"description\" content=\"Unsere Lokalisierungs- und \u00dcbersetzungsl\u00f6sungen sind auf Ihre Bed\u00fcrfnisse zugeschnitten. Wir sind auf die nordischen Sprachen und Englisch spezialisiert.\" \/>\n<meta name=\"robots\" content=\"index, follow, max-snippet:-1, max-image-preview:large, max-video-preview:-1\" \/>\n<link rel=\"canonical\" href=\"https:\/\/stptrans.com\/de\/loesungen\/\" \/>\n<meta property=\"og:locale\" content=\"de_DE\" \/>\n<meta property=\"og:type\" content=\"article\" \/>\n<meta property=\"og:title\" content=\"Lokalisierungsl\u00f6sungen\" \/>\n<meta property=\"og:description\" content=\"Unsere Lokalisierungs- und \u00dcbersetzungsl\u00f6sungen sind auf Ihre Bed\u00fcrfnisse zugeschnitten. Wir sind auf die nordischen Sprachen und Englisch spezialisiert.\" \/>\n<meta property=\"og:url\" content=\"https:\/\/stptrans.com\/de\/loesungen\/\" \/>\n<meta property=\"og:site_name\" content=\"sa国际传媒\" \/>\n<meta property=\"article:publisher\" content=\"https:\/\/www.facebook.com\/STPNordic?fref=ts\" \/>\n<meta property=\"article:modified_time\" content=\"2021-04-06T11:08:03+00:00\" \/>\n<meta name=\"twitter:card\" content=\"summary_large_image\" \/>\n<meta name=\"twitter:title\" content=\"Lokalisierungsl\u00f6sungen\" \/>\n<meta name=\"twitter:description\" content=\"Unsere Lokalisierungs- und \u00dcbersetzungsl\u00f6sungen sind auf Ihre Bed\u00fcrfnisse zugeschnitten. Wir sind auf die nordischen Sprachen und Englisch spezialisiert.\" \/>\n<meta name=\"twitter:image\" content=\"https:\/\/stptrans.com\/wp-content\/uploads\/2020\/10\/share-image-generic.jpg\" \/>\n<meta name=\"twitter:site\" content=\"@STPConnect\" \/>\n<meta name=\"twitter:label1\" content=\"Written by\" \/>\n\t<meta name=\"twitter:data1\" content=\"Max Naylor\" \/>\n<script type=\"application\/ld+json\" class=\"yoast-schema-graph\">{\"@context\":\"https:\/\/schema.org\",\"@graph\":[{\"@type\":\"WebPage\",\"@id\":\"https:\/\/stptrans.com\/de\/loesungen\/\",\"url\":\"https:\/\/stptrans.com\/de\/loesungen\/\",\"name\":\"Lokalisierungsl\u00f6sungen - sa国际传媒\",\"isPartOf\":{\"@id\":\"https:\/\/stptrans.com\/de\/#website\"},\"datePublished\":\"2021-03-26T10:48:23+00:00\",\"dateModified\":\"2021-04-06T11:08:03+00:00\",\"description\":\"Unsere Lokalisierungs- und \u00dcbersetzungsl\u00f6sungen sind auf Ihre Bed\u00fcrfnisse zugeschnitten. Wir sind auf die nordischen Sprachen und Englisch spezialisiert.\",\"breadcrumb\":{\"@id\":\"https:\/\/stptrans.com\/de\/loesungen\/#breadcrumb\"},\"inLanguage\":\"de\",\"potentialAction\":[{\"@type\":\"ReadAction\",\"target\":[\"https:\/\/stptrans.com\/de\/loesungen\/\"]}]},{\"@type\":\"BreadcrumbList\",\"@id\":\"https:\/\/stptrans.com\/de\/loesungen\/#breadcrumb\",\"itemListElement\":[{\"@type\":\"ListItem\",\"position\":1,\"name\":\"Home\",\"item\":\"https:\/\/stptrans.com\/de\/\"},{\"@type\":\"ListItem\",\"position\":2,\"name\":\"Lokalisierungsl\u00f6sungen\"}]},{\"@type\":\"WebSite\",\"@id\":\"https:\/\/stptrans.com\/de\/#website\",\"url\":\"https:\/\/stptrans.com\/de\/\",\"name\":\"sa国际传媒\",\"description\":\"Nordic translation specialists\",\"publisher\":{\"@id\":\"https:\/\/stptrans.com\/de\/#organization\"},\"potentialAction\":[{\"@type\":\"SearchAction\",\"target\":{\"@type\":\"EntryPoint\",\"urlTemplate\":\"https:\/\/stptrans.com\/de\/?s={search_term_string}\"},\"query-input\":{\"@type\":\"PropertyValueSpecification\",\"valueRequired\":true,\"valueName\":\"search_term_string\"}}],\"inLanguage\":\"de\"},{\"@type\":\"Organization\",\"@id\":\"https:\/\/stptrans.com\/de\/#organization\",\"name\":\"sa国际传媒\",\"url\":\"https:\/\/stptrans.com\/de\/\",\"logo\":{\"@type\":\"ImageObject\",\"inLanguage\":\"de\",\"@id\":\"https:\/\/stptrans.com\/de\/#\/schema\/logo\/image\/\",\"url\":\"https:\/\/stptrans.com\/wp-content\/uploads\/2020\/11\/sandberg-email-footer.png\",\"contentUrl\":\"https:\/\/stptrans.com\/wp-content\/uploads\/2020\/11\/sandberg-email-footer.png\",\"width\":140,\"height\":86,\"caption\":\"sa国际传媒\"},\"image\":{\"@id\":\"https:\/\/stptrans.com\/de\/#\/schema\/logo\/image\/\"},\"sameAs\":[\"https:\/\/www.facebook.com\/STPNordic?fref=ts\",\"https:\/\/x.com\/STPConnect\",\"https:\/\/www.linkedin.com\/company\/sandberg-lsp\/\",\"https:\/\/www.instagram.com\/sandberg_lsp\/\"]}]}<\/script>\n<!-- \/ Yoast SEO plugin. -->","yoast_head_json":{"title":"Lokalisierungsl\u00f6sungen - sa国际传媒","description":"Unsere Lokalisierungs- und \u00dcbersetzungsl\u00f6sungen sind auf Ihre Bed\u00fcrfnisse zugeschnitten. Wir sind auf die nordischen Sprachen und Englisch spezialisiert.","robots":{"index":"index","follow":"follow","max-snippet":"max-snippet:-1","max-image-preview":"max-image-preview:large","max-video-preview":"max-video-preview:-1"},"canonical":"https:\/\/stptrans.com\/de\/loesungen\/","og_locale":"de_DE","og_type":"article","og_title":"Lokalisierungsl\u00f6sungen","og_description":"Unsere Lokalisierungs- und \u00dcbersetzungsl\u00f6sungen sind auf Ihre Bed\u00fcrfnisse zugeschnitten. Wir sind auf die nordischen Sprachen und Englisch spezialisiert.","og_url":"https:\/\/stptrans.com\/de\/loesungen\/","og_site_name":"sa国际传媒","article_publisher":"https:\/\/www.facebook.com\/STPNordic?fref=ts","article_modified_time":"2021-04-06T11:08:03+00:00","twitter_card":"summary_large_image","twitter_title":"Lokalisierungsl\u00f6sungen","twitter_description":"Unsere Lokalisierungs- und \u00dcbersetzungsl\u00f6sungen sind auf Ihre Bed\u00fcrfnisse zugeschnitten. Wir sind auf die nordischen Sprachen und Englisch spezialisiert.","twitter_image":"https:\/\/stptrans.com\/wp-content\/uploads\/2020\/10\/share-image-generic.jpg","twitter_site":"@STPConnect","twitter_misc":{"Written by":"Max Naylor"},"schema":{"@context":"https:\/\/schema.org","@graph":[{"@type":"WebPage","@id":"https:\/\/stptrans.com\/de\/loesungen\/","url":"https:\/\/stptrans.com\/de\/loesungen\/","name":"Lokalisierungsl\u00f6sungen - sa国际传媒","isPartOf":{"@id":"https:\/\/stptrans.com\/de\/#website"},"datePublished":"2021-03-26T10:48:23+00:00","dateModified":"2021-04-06T11:08:03+00:00","description":"Unsere Lokalisierungs- und \u00dcbersetzungsl\u00f6sungen sind auf Ihre Bed\u00fcrfnisse zugeschnitten. Wir sind auf die nordischen Sprachen und Englisch spezialisiert.","breadcrumb":{"@id":"https:\/\/stptrans.com\/de\/loesungen\/#breadcrumb"},"inLanguage":"de","potentialAction":[{"@type":"ReadAction","target":["https:\/\/stptrans.com\/de\/loesungen\/"]}]},{"@type":"BreadcrumbList","@id":"https:\/\/stptrans.com\/de\/loesungen\/#breadcrumb","itemListElement":[{"@type":"ListItem","position":1,"name":"Home","item":"https:\/\/stptrans.com\/de\/"},{"@type":"ListItem","position":2,"name":"Lokalisierungsl\u00f6sungen"}]},{"@type":"WebSite","@id":"https:\/\/stptrans.com\/de\/#website","url":"https:\/\/stptrans.com\/de\/","name":"sa国际传媒","description":"Nordic translation specialists","publisher":{"@id":"https:\/\/stptrans.com\/de\/#organization"},"potentialAction":[{"@type":"SearchAction","target":{"@type":"EntryPoint","urlTemplate":"https:\/\/stptrans.com\/de\/?s={search_term_string}"},"query-input":{"@type":"PropertyValueSpecification","valueRequired":true,"valueName":"search_term_string"}}],"inLanguage":"de"},{"@type":"Organization","@id":"https:\/\/stptrans.com\/de\/#organization","name":"sa国际传媒","url":"https:\/\/stptrans.com\/de\/","logo":{"@type":"ImageObject","inLanguage":"de","@id":"https:\/\/stptrans.com\/de\/#\/schema\/logo\/image\/","url":"https:\/\/stptrans.com\/wp-content\/uploads\/2020\/11\/sandberg-email-footer.png","contentUrl":"https:\/\/stptrans.com\/wp-content\/uploads\/2020\/11\/sandberg-email-footer.png","width":140,"height":86,"caption":"sa国际传媒"},"image":{"@id":"https:\/\/stptrans.com\/de\/#\/schema\/logo\/image\/"},"sameAs":["https:\/\/www.facebook.com\/STPNordic?fref=ts","https:\/\/x.com\/STPConnect","https:\/\/www.linkedin.com\/company\/sandberg-lsp\/","https:\/\/www.instagram.com\/sandberg_lsp\/"]}]}},"_links":{"self":[{"href":"https:\/\/stptrans.com\/de\/wp-json\/wp\/v2\/pages\/31523","targetHints":{"allow":["GET"]}}],"collection":[{"href":"https:\/\/stptrans.com\/de\/wp-json\/wp\/v2\/pages"}],"about":[{"href":"https:\/\/stptrans.com\/de\/wp-json\/wp\/v2\/types\/page"}],"author":[{"embeddable":true,"href":"https:\/\/stptrans.com\/de\/wp-json\/wp\/v2\/users\/14"}],"replies":[{"embeddable":true,"href":"https:\/\/stptrans.com\/de\/wp-json\/wp\/v2\/comments?post=31523"}],"version-history":[{"count":8,"href":"https:\/\/stptrans.com\/de\/wp-json\/wp\/v2\/pages\/31523\/revisions"}],"predecessor-version":[{"id":31870,"href":"https:\/\/stptrans.com\/de\/wp-json\/wp\/v2\/pages\/31523\/revisions\/31870"}],"wp:attachment":[{"href":"https:\/\/stptrans.com\/de\/wp-json\/wp\/v2\/media?parent=31523"}],"wp:term":[{"taxonomy":"author","embeddable":true,"href":"https:\/\/stptrans.com\/de\/wp-json\/wp\/v2\/coauthors?post=31523"}],"curies":[{"name":"wp","href":"https:\/\/api.w.org\/{rel}","templated":true}]}}