  {"id":29300,"date":"2021-02-24T08:56:21","date_gmt":"2021-02-24T08:56:21","guid":{"rendered":"https:\/\/stptrans.com\/?page_id=29300"},"modified":"2026-01-29T18:03:10","modified_gmt":"2026-01-29T18:03:10","slug":"pyyda-tarjous","status":"publish","type":"page","link":"https:\/\/stptrans.com\/fi\/pyyda-tarjous\/","title":{"rendered":"Pyyd\u00e4 tarjous"},"content":{"rendered":"\t\t<div data-elementor-type=\"wp-page\" data-elementor-id=\"29300\" class=\"elementor elementor-29300 elementor-28831\" data-elementor-post-type=\"page\">\n\t\t\t\t\t\t<section data-particle_enable=\"false\" data-particle-mobile-disabled=\"false\" class=\"elementor-section elementor-top-section elementor-element elementor-element-aa1f75a elementor-section-boxed elementor-section-height-default elementor-section-height-default\" data-id=\"aa1f75a\" data-element_type=\"section\" data-e-type=\"section\" id=\"edit-width\">\n\t\t\t\t\t\t<div class=\"elementor-container elementor-column-gap-default\">\n\t\t\t\t\t<div class=\"elementor-column elementor-col-50 elementor-top-column elementor-element elementor-element-e541d1c\" data-id=\"e541d1c\" data-element_type=\"column\" data-e-type=\"column\">\n\t\t\t<div class=\"elementor-widget-wrap elementor-element-populated\">\n\t\t\t\t\t\t<div class=\"elementor-element elementor-element-8f58281 elementor-widget elementor-widget-text-editor\" data-id=\"8f58281\" data-element_type=\"widget\" data-e-type=\"widget\" data-widget_type=\"text-editor.default\">\n\t\t\t\t<div class=\"elementor-widget-container\">\n\t\t\t\t\t\t\t\t\t<p>Voit tiedustella k\u00e4\u00e4nn\u00f6sty\u00f6n hintaa kertomalla itsest\u00e4si ja projektistasi.<\/p><p>Huomaa, ett\u00e4 otamme t\u00f6it\u00e4 vastaan vain toisilta yrityksilt\u00e4, emme yksityishenkil\u00f6ilt\u00e4.<\/p><p>Jos haluat tarjota freelance-k\u00e4\u00e4nt\u00e4j\u00e4n palveluita, ota yhteys <a href=\"https:\/\/stptrans.com\/fi\/tule-meille-freelanceriksi\/\" rel=\"noopener\">toisella lomakkeella<\/a>.<\/p>\t\t\t\t\t\t\t\t<\/div>\n\t\t\t\t<\/div>\n\t\t\t\t<div class=\"elementor-element elementor-element-86b5ac1 elementor-widget elementor-widget-image\" data-id=\"86b5ac1\" data-element_type=\"widget\" data-e-type=\"widget\" data-widget_type=\"image.default\">\n\t\t\t\t<div class=\"elementor-widget-container\">\n\t\t\t\t\t\t\t\t\t\t\t\t\t\t\t<img fetchpriority=\"high\" decoding=\"async\" width=\"768\" height=\"755\" src=\"https:\/\/stptrans.com\/wp-content\/uploads\/2020\/03\/social-768x755.png\" class=\"attachment-medium_large size-medium_large wp-image-23187\" alt=\"Two circular images with emloyees at Sandberg being social.\" srcset=\"https:\/\/stptrans.com\/wp-content\/uploads\/2020\/03\/social-768x755.png 768w, https:\/\/stptrans.com\/wp-content\/uploads\/2020\/03\/social-300x295.png 300w, https:\/\/stptrans.com\/wp-content\/uploads\/2020\/03\/social.png 810w\" sizes=\"(max-width: 768px) 100vw, 768px\" \/>\t\t\t\t\t\t\t\t\t\t\t\t\t\t\t<\/div>\n\t\t\t\t<\/div>\n\t\t\t\t\t<\/div>\n\t\t<\/div>\n\t\t\t\t<div class=\"elementor-column elementor-col-50 elementor-top-column elementor-element elementor-element-43a4b11\" data-id=\"43a4b11\" data-element_type=\"column\" data-e-type=\"column\">\n\t\t\t<div class=\"elementor-widget-wrap elementor-element-populated\">\n\t\t\t\t\t\t<section data-particle_enable=\"false\" data-particle-mobile-disabled=\"false\" class=\"elementor-section elementor-inner-section elementor-element elementor-element-f6bd6d0 elementor-reverse-mobile elementor-section-boxed elementor-section-height-default elementor-section-height-default\" data-id=\"f6bd6d0\" data-element_type=\"section\" data-e-type=\"section\">\n\t\t\t\t\t\t<div class=\"elementor-container elementor-column-gap-default\">\n\t\t\t\t\t<div class=\"elementor-column elementor-col-100 elementor-inner-column elementor-element elementor-element-2f87629\" data-id=\"2f87629\" data-element_type=\"column\" data-e-type=\"column\">\n\t\t\t<div class=\"elementor-widget-wrap elementor-element-populated\">\n\t\t\t\t\t\t<div class=\"elementor-element elementor-element-52cc7e3 elementor-widget elementor-widget-text-editor\" data-id=\"52cc7e3\" data-element_type=\"widget\" data-e-type=\"widget\" data-widget_type=\"text-editor.default\">\n\t\t\t\t<div class=\"elementor-widget-container\">\n\t\t\t\t\t\t\t\t\t<div id=\"opcrm-webform-680f5ecea43bdc22c5ef8a09\" class=\"opcrm-webform\" data-form-url=\"https:\/\/forms.onepagecrm.com\/680f5ecea43bdc22c5ef8a09\/\">\u00a0<\/div><p><script type=\"text\/javascript\" src=\"https:\/\/forms.onepagecrm.com\/embed.js\"><\/script><\/p>\t\t\t\t\t\t\t\t<\/div>\n\t\t\t\t<\/div>\n\t\t\t\t\t<\/div>\n\t\t<\/div>\n\t\t\t\t\t<\/div>\n\t\t<\/section>\n\t\t\t\t\t<\/div>\n\t\t<\/div>\n\t\t\t\t\t<\/div>\n\t\t<\/section>\n\t\t\t\t<section data-particle_enable=\"false\" data-particle-mobile-disabled=\"false\" class=\"elementor-section elementor-top-section elementor-element elementor-element-9630f1c elementor-hidden-desktop elementor-hidden-tablet elementor-hidden-mobile elementor-section-boxed elementor-section-height-default elementor-section-height-default\" data-id=\"9630f1c\" data-element_type=\"section\" data-e-type=\"section\">\n\t\t\t\t\t\t<div class=\"elementor-container elementor-column-gap-default\">\n\t\t\t\t\t<div class=\"elementor-column elementor-col-100 elementor-top-column elementor-element elementor-element-9b22ad8\" data-id=\"9b22ad8\" data-element_type=\"column\" data-e-type=\"column\">\n\t\t\t<div class=\"elementor-widget-wrap elementor-element-populated\">\n\t\t\t\t\t\t<div class=\"elementor-element elementor-element-8bb75ee elementor-widget elementor-widget-text-editor\" data-id=\"8bb75ee\" data-element_type=\"widget\" data-e-type=\"widget\" data-widget_type=\"text-editor.default\">\n\t\t\t\t<div class=\"elementor-widget-container\">\n\t\t\t\t\t\t\t\t\tVoit tiedustella k\u00e4\u00e4nn\u00f6sty\u00f6n hintaa kertomalla itsest\u00e4si ja projektistasi.\n\nHuomaa, ett\u00e4 otamme t\u00f6it\u00e4 vastaan vain toisilta yrityksilt\u00e4, emme yksityishenkil\u00f6ilt\u00e4.\n\nJos haluat tarjota freelance-k\u00e4\u00e4nt\u00e4j\u00e4n palveluita, ota yhteys toisella lomakkeella.\t\t\t\t\t\t\t\t<\/div>\n\t\t\t\t<\/div>\n\t\t\t\t\t<\/div>\n\t\t<\/div>\n\t\t\t\t\t<\/div>\n\t\t<\/section>\n\t\t\t\t<\/div>\n\t\t","protected":false},"excerpt":{"rendered":"<p>Voit tiedustella k\u00e4\u00e4nn\u00f6sty\u00f6n hintaa kertomalla itsest\u00e4si ja projektistasi. Huomaa, ett\u00e4 otamme t\u00f6it\u00e4 vas","protected":false},"author":14,"featured_media":0,"parent":0,"menu_order":0,"comment_status":"closed","ping_status":"closed","template":"elementor_header_footer","meta":{"_acf_changed":false,"episode_type":"","audio_file":"","podmotor_file_id":"","podmotor_episode_id":"","cover_image":"","cover_image_id":"","duration":"","filesize":"","filesize_raw":"","date_recorded":"","explicit":"","block":"","itunes_episode_number":"","itunes_title":"","itunes_season_number":"","itunes_episode_type":"","footnotes":""},"coauthors":[125],"class_list":["post-29300","page","type-page","status-publish","hentry"],"acf":[],"yoast_head":"<!-- This site is optimized with the Yoast SEO plugin v27.2 - https:\/\/yoast.com\/product\/yoast-seo-wordpress\/ -->\n<title>Pyyd\u00e4 tarjous - sa国际传媒<\/title>\n<meta name=\"robots\" content=\"index, follow, max-snippet:-1, max-image-preview:large, max-video-preview:-1\" \/>\n<link rel=\"canonical\" href=\"https:\/\/stptrans.com\/fi\/pyyda-tarjous\/\" \/>\n<meta property=\"og:locale\" content=\"fi_FI\" \/>\n<meta property=\"og:type\" content=\"article\" \/>\n<meta property=\"og:title\" content=\"Pyyd\u00e4 tarjous - sa国际传媒\" \/>\n<meta property=\"og:description\" content=\"Voit tiedustella k\u00e4\u00e4nn\u00f6sty\u00f6n hintaa kertomalla itsest\u00e4si ja projektistasi. Huomaa, ett\u00e4 otamme t\u00f6it\u00e4 vastaan vain toisilta yrityksilt\u00e4, emme yksityishenkil\u00f6ilt\u00e4. Jos haluat tarjota freelance-k\u00e4\u00e4nt\u00e4j\u00e4n palveluita, ota yhteys toisella lomakkeella. \u00a0 Voit tiedustella k\u00e4\u00e4nn\u00f6sty\u00f6n hintaa kertomalla itsest\u00e4si ja projektistasi. Huomaa, ett\u00e4 otamme t\u00f6it\u00e4 vastaan vain toisilta yrityksilt\u00e4, emme yksityishenkil\u00f6ilt\u00e4. Jos haluat tarjota freelance-k\u00e4\u00e4nt\u00e4j\u00e4n palveluita, ota yhteys toisella lomakkeella.\" \/>\n<meta property=\"og:url\" content=\"https:\/\/stptrans.com\/fi\/pyyda-tarjous\/\" \/>\n<meta property=\"og:site_name\" content=\"sa国际传媒\" \/>\n<meta property=\"article:publisher\" content=\"https:\/\/www.facebook.com\/STPNordic?fref=ts\" \/>\n<meta property=\"article:modified_time\" content=\"2026-01-29T18:03:10+00:00\" \/>\n<meta property=\"og:image\" content=\"https:\/\/stptrans.com\/wp-content\/uploads\/2020\/03\/social.png\" \/>\n\t<meta property=\"og:image:width\" content=\"810\" \/>\n\t<meta property=\"og:image:height\" content=\"796\" \/>\n\t<meta property=\"og:image:type\" content=\"image\/png\" \/>\n<meta name=\"twitter:card\" content=\"summary_large_image\" \/>\n<meta name=\"twitter:site\" content=\"@STPConnect\" \/>\n<meta name=\"twitter:label1\" content=\"Arvioitu lukuaika\" \/>\n\t<meta name=\"twitter:data1\" content=\"1 minuutti\" \/>\n\t<meta name=\"twitter:label2\" content=\"Written by\" \/>\n\t<meta name=\"twitter:data2\" content=\"Max Naylor\" \/>\n<script type=\"application\/ld+json\" class=\"yoast-schema-graph\">{\"@context\":\"https:\/\/schema.org\",\"@graph\":[{\"@type\":\"WebPage\",\"@id\":\"https:\/\/stptrans.com\/fi\/pyyda-tarjous\/\",\"url\":\"https:\/\/stptrans.com\/fi\/pyyda-tarjous\/\",\"name\":\"Pyyd\u00e4 tarjous - sa国际传媒\",\"isPartOf\":{\"@id\":\"https:\/\/stptrans.com\/fi\/#website\"},\"primaryImageOfPage\":{\"@id\":\"https:\/\/stptrans.com\/fi\/pyyda-tarjous\/#primaryimage\"},\"image\":{\"@id\":\"https:\/\/stptrans.com\/fi\/pyyda-tarjous\/#primaryimage\"},\"thumbnailUrl\":\"https:\/\/stptrans.com\/wp-content\/uploads\/2020\/03\/social-768x755.png\",\"datePublished\":\"2021-02-24T08:56:21+00:00\",\"dateModified\":\"2026-01-29T18:03:10+00:00\",\"breadcrumb\":{\"@id\":\"https:\/\/stptrans.com\/fi\/pyyda-tarjous\/#breadcrumb\"},\"inLanguage\":\"fi\",\"potentialAction\":[{\"@type\":\"ReadAction\",\"target\":[\"https:\/\/stptrans.com\/fi\/pyyda-tarjous\/\"]}]},{\"@type\":\"ImageObject\",\"inLanguage\":\"fi\",\"@id\":\"https:\/\/stptrans.com\/fi\/pyyda-tarjous\/#primaryimage\",\"url\":\"https:\/\/stptrans.com\/wp-content\/uploads\/2020\/03\/social-768x755.png\",\"contentUrl\":\"https:\/\/stptrans.com\/wp-content\/uploads\/2020\/03\/social-768x755.png\"},{\"@type\":\"BreadcrumbList\",\"@id\":\"https:\/\/stptrans.com\/fi\/pyyda-tarjous\/#breadcrumb\",\"itemListElement\":[{\"@type\":\"ListItem\",\"position\":1,\"name\":\"Home\",\"item\":\"https:\/\/stptrans.com\/fi\/\"},{\"@type\":\"ListItem\",\"position\":2,\"name\":\"Pyyd\u00e4 tarjous\"}]},{\"@type\":\"WebSite\",\"@id\":\"https:\/\/stptrans.com\/fi\/#website\",\"url\":\"https:\/\/stptrans.com\/fi\/\",\"name\":\"sa国际传媒\",\"description\":\"Nordic translation specialists\",\"publisher\":{\"@id\":\"https:\/\/stptrans.com\/fi\/#organization\"},\"potentialAction\":[{\"@type\":\"SearchAction\",\"target\":{\"@type\":\"EntryPoint\",\"urlTemplate\":\"https:\/\/stptrans.com\/fi\/?s={search_term_string}\"},\"query-input\":{\"@type\":\"PropertyValueSpecification\",\"valueRequired\":true,\"valueName\":\"search_term_string\"}}],\"inLanguage\":\"fi\"},{\"@type\":\"Organization\",\"@id\":\"https:\/\/stptrans.com\/fi\/#organization\",\"name\":\"sa国际传媒\",\"url\":\"https:\/\/stptrans.com\/fi\/\",\"logo\":{\"@type\":\"ImageObject\",\"inLanguage\":\"fi\",\"@id\":\"https:\/\/stptrans.com\/fi\/#\/schema\/logo\/image\/\",\"url\":\"https:\/\/stptrans.com\/wp-content\/uploads\/2020\/11\/sandberg-email-footer.png\",\"contentUrl\":\"https:\/\/stptrans.com\/wp-content\/uploads\/2020\/11\/sandberg-email-footer.png\",\"width\":140,\"height\":86,\"caption\":\"sa国际传媒\"},\"image\":{\"@id\":\"https:\/\/stptrans.com\/fi\/#\/schema\/logo\/image\/\"},\"sameAs\":[\"https:\/\/www.facebook.com\/STPNordic?fref=ts\",\"https:\/\/x.com\/STPConnect\",\"https:\/\/www.linkedin.com\/company\/sandberg-lsp\/\",\"https:\/\/www.instagram.com\/sandberg_lsp\/\"]}]}<\/script>\n<!-- \/ Yoast SEO plugin. -->","yoast_head_json":{"title":"Pyyd\u00e4 tarjous - sa国际传媒","robots":{"index":"index","follow":"follow","max-snippet":"max-snippet:-1","max-image-preview":"max-image-preview:large","max-video-preview":"max-video-preview:-1"},"canonical":"https:\/\/stptrans.com\/fi\/pyyda-tarjous\/","og_locale":"fi_FI","og_type":"article","og_title":"Pyyd\u00e4 tarjous - sa国际传媒","og_description":"Voit tiedustella k\u00e4\u00e4nn\u00f6sty\u00f6n hintaa kertomalla itsest\u00e4si ja projektistasi. Huomaa, ett\u00e4 otamme t\u00f6it\u00e4 vastaan vain toisilta yrityksilt\u00e4, emme yksityishenkil\u00f6ilt\u00e4. Jos haluat tarjota freelance-k\u00e4\u00e4nt\u00e4j\u00e4n palveluita, ota yhteys toisella lomakkeella. \u00a0 Voit tiedustella k\u00e4\u00e4nn\u00f6sty\u00f6n hintaa kertomalla itsest\u00e4si ja projektistasi. Huomaa, ett\u00e4 otamme t\u00f6it\u00e4 vastaan vain toisilta yrityksilt\u00e4, emme yksityishenkil\u00f6ilt\u00e4. Jos haluat tarjota freelance-k\u00e4\u00e4nt\u00e4j\u00e4n palveluita, ota yhteys toisella lomakkeella.","og_url":"https:\/\/stptrans.com\/fi\/pyyda-tarjous\/","og_site_name":"sa国际传媒","article_publisher":"https:\/\/www.facebook.com\/STPNordic?fref=ts","article_modified_time":"2026-01-29T18:03:10+00:00","og_image":[{"width":810,"height":796,"url":"https:\/\/stptrans.com\/wp-content\/uploads\/2020\/03\/social.png","type":"image\/png"}],"twitter_card":"summary_large_image","twitter_site":"@STPConnect","twitter_misc":{"Arvioitu lukuaika":"1 minuutti","Written by":"Max Naylor"},"schema":{"@context":"https:\/\/schema.org","@graph":[{"@type":"WebPage","@id":"https:\/\/stptrans.com\/fi\/pyyda-tarjous\/","url":"https:\/\/stptrans.com\/fi\/pyyda-tarjous\/","name":"Pyyd\u00e4 tarjous - sa国际传媒","isPartOf":{"@id":"https:\/\/stptrans.com\/fi\/#website"},"primaryImageOfPage":{"@id":"https:\/\/stptrans.com\/fi\/pyyda-tarjous\/#primaryimage"},"image":{"@id":"https:\/\/stptrans.com\/fi\/pyyda-tarjous\/#primaryimage"},"thumbnailUrl":"https:\/\/stptrans.com\/wp-content\/uploads\/2020\/03\/social-768x755.png","datePublished":"2021-02-24T08:56:21+00:00","dateModified":"2026-01-29T18:03:10+00:00","breadcrumb":{"@id":"https:\/\/stptrans.com\/fi\/pyyda-tarjous\/#breadcrumb"},"inLanguage":"fi","potentialAction":[{"@type":"ReadAction","target":["https:\/\/stptrans.com\/fi\/pyyda-tarjous\/"]}]},{"@type":"ImageObject","inLanguage":"fi","@id":"https:\/\/stptrans.com\/fi\/pyyda-tarjous\/#primaryimage","url":"https:\/\/stptrans.com\/wp-content\/uploads\/2020\/03\/social-768x755.png","contentUrl":"https:\/\/stptrans.com\/wp-content\/uploads\/2020\/03\/social-768x755.png"},{"@type":"BreadcrumbList","@id":"https:\/\/stptrans.com\/fi\/pyyda-tarjous\/#breadcrumb","itemListElement":[{"@type":"ListItem","position":1,"name":"Home","item":"https:\/\/stptrans.com\/fi\/"},{"@type":"ListItem","position":2,"name":"Pyyd\u00e4 tarjous"}]},{"@type":"WebSite","@id":"https:\/\/stptrans.com\/fi\/#website","url":"https:\/\/stptrans.com\/fi\/","name":"sa国际传媒","description":"Nordic translation specialists","publisher":{"@id":"https:\/\/stptrans.com\/fi\/#organization"},"potentialAction":[{"@type":"SearchAction","target":{"@type":"EntryPoint","urlTemplate":"https:\/\/stptrans.com\/fi\/?s={search_term_string}"},"query-input":{"@type":"PropertyValueSpecification","valueRequired":true,"valueName":"search_term_string"}}],"inLanguage":"fi"},{"@type":"Organization","@id":"https:\/\/stptrans.com\/fi\/#organization","name":"sa国际传媒","url":"https:\/\/stptrans.com\/fi\/","logo":{"@type":"ImageObject","inLanguage":"fi","@id":"https:\/\/stptrans.com\/fi\/#\/schema\/logo\/image\/","url":"https:\/\/stptrans.com\/wp-content\/uploads\/2020\/11\/sandberg-email-footer.png","contentUrl":"https:\/\/stptrans.com\/wp-content\/uploads\/2020\/11\/sandberg-email-footer.png","width":140,"height":86,"caption":"sa国际传媒"},"image":{"@id":"https:\/\/stptrans.com\/fi\/#\/schema\/logo\/image\/"},"sameAs":["https:\/\/www.facebook.com\/STPNordic?fref=ts","https:\/\/x.com\/STPConnect","https:\/\/www.linkedin.com\/company\/sandberg-lsp\/","https:\/\/www.instagram.com\/sandberg_lsp\/"]}]}},"_links":{"self":[{"href":"https:\/\/stptrans.com\/fi\/wp-json\/wp\/v2\/pages\/29300","targetHints":{"allow":["GET"]}}],"collection":[{"href":"https:\/\/stptrans.com\/fi\/wp-json\/wp\/v2\/pages"}],"about":[{"href":"https:\/\/stptrans.com\/fi\/wp-json\/wp\/v2\/types\/page"}],"author":[{"embeddable":true,"href":"https:\/\/stptrans.com\/fi\/wp-json\/wp\/v2\/users\/14"}],"replies":[{"embeddable":true,"href":"https:\/\/stptrans.com\/fi\/wp-json\/wp\/v2\/comments?post=29300"}],"version-history":[{"count":33,"href":"https:\/\/stptrans.com\/fi\/wp-json\/wp\/v2\/pages\/29300\/revisions"}],"predecessor-version":[{"id":52607,"href":"https:\/\/stptrans.com\/fi\/wp-json\/wp\/v2\/pages\/29300\/revisions\/52607"}],"wp:attachment":[{"href":"https:\/\/stptrans.com\/fi\/wp-json\/wp\/v2\/media?parent=29300"}],"wp:term":[{"taxonomy":"author","embeddable":true,"href":"https:\/\/stptrans.com\/fi\/wp-json\/wp\/v2\/coauthors?post=29300"}],"curies":[{"name":"wp","href":"https:\/\/api.w.org\/{rel}","templated":true}]}}