  {"id":31854,"date":"2021-03-26T14:09:33","date_gmt":"2021-03-26T14:09:33","guid":{"rendered":"https:\/\/stptrans.com\/lokalisointiratkaisut\/"},"modified":"2021-04-06T12:27:07","modified_gmt":"2021-04-06T11:27:07","slug":"ratkaisut","status":"publish","type":"page","link":"https:\/\/stptrans.com\/fi\/ratkaisut\/","title":{"rendered":"Lokalisointiratkaisut"},"content":{"rendered":"","protected":false},"excerpt":{"rendered":"","protected":false},"author":14,"featured_media":0,"parent":0,"menu_order":0,"comment_status":"closed","ping_status":"closed","template":"","meta":{"_acf_changed":false,"episode_type":"","audio_file":"","podmotor_file_id":"","podmotor_episode_id":"","cover_image":"","cover_image_id":"","duration":"","filesize":"","filesize_raw":"","date_recorded":"","explicit":"","block":"","itunes_episode_number":"","itunes_title":"","itunes_season_number":"","itunes_episode_type":"","footnotes":""},"coauthors":[125],"class_list":["post-31854","page","type-page","status-publish","hentry"],"acf":[],"yoast_head":"<!-- This site is optimized with the Yoast SEO plugin v27.2 - https:\/\/yoast.com\/product\/yoast-seo-wordpress\/ -->\n<title>Lokalisointiratkaisut - sa国际传媒<\/title>\n<meta name=\"description\" content=\"Lokalisointi- ja k\u00e4\u00e4nn\u00f6sratkaisumme on r\u00e4\u00e4t\u00e4l\u00f6ity tarpeidesi mukaan. Erikoistunut pohjoismaisiin kieliin ja englantiin.\" \/>\n<meta name=\"robots\" content=\"index, follow, max-snippet:-1, max-image-preview:large, max-video-preview:-1\" \/>\n<link rel=\"canonical\" href=\"https:\/\/stptrans.com\/fi\/ratkaisut\/\" \/>\n<meta property=\"og:locale\" content=\"fi_FI\" \/>\n<meta property=\"og:type\" content=\"article\" \/>\n<meta property=\"og:title\" content=\"Lokalisointiratkaisut\" \/>\n<meta property=\"og:description\" content=\"Lokalisointi- ja k\u00e4\u00e4nn\u00f6sratkaisumme on r\u00e4\u00e4t\u00e4l\u00f6ity tarpeidesi mukaan. Erikoistunut pohjoismaisiin kieliin ja englantiin.\" \/>\n<meta property=\"og:url\" content=\"https:\/\/stptrans.com\/fi\/ratkaisut\/\" \/>\n<meta property=\"og:site_name\" content=\"sa国际传媒\" \/>\n<meta property=\"article:publisher\" content=\"https:\/\/www.facebook.com\/STPNordic?fref=ts\" \/>\n<meta property=\"article:modified_time\" content=\"2021-04-06T11:27:07+00:00\" \/>\n<meta name=\"twitter:card\" content=\"summary_large_image\" \/>\n<meta name=\"twitter:title\" content=\"Lokalisointiratkaisut\" \/>\n<meta name=\"twitter:description\" content=\"Lokalisointi- ja k\u00e4\u00e4nn\u00f6sratkaisumme on r\u00e4\u00e4t\u00e4l\u00f6ity tarpeidesi mukaan. Erikoistunut pohjoismaisiin kieliin ja englantiin.\" \/>\n<meta name=\"twitter:image\" content=\"https:\/\/stptrans.com\/wp-content\/uploads\/2020\/10\/share-image-generic.jpg\" \/>\n<meta name=\"twitter:site\" content=\"@STPConnect\" \/>\n<meta name=\"twitter:label1\" content=\"Written by\" \/>\n\t<meta name=\"twitter:data1\" content=\"Max Naylor\" \/>\n<script type=\"application\/ld+json\" class=\"yoast-schema-graph\">{\"@context\":\"https:\/\/schema.org\",\"@graph\":[{\"@type\":\"WebPage\",\"@id\":\"https:\/\/stptrans.com\/fi\/ratkaisut\/\",\"url\":\"https:\/\/stptrans.com\/fi\/ratkaisut\/\",\"name\":\"Lokalisointiratkaisut - sa国际传媒\",\"isPartOf\":{\"@id\":\"https:\/\/stptrans.com\/fi\/#website\"},\"datePublished\":\"2021-03-26T14:09:33+00:00\",\"dateModified\":\"2021-04-06T11:27:07+00:00\",\"description\":\"Lokalisointi- ja k\u00e4\u00e4nn\u00f6sratkaisumme on r\u00e4\u00e4t\u00e4l\u00f6ity tarpeidesi mukaan. Erikoistunut pohjoismaisiin kieliin ja englantiin.\",\"breadcrumb\":{\"@id\":\"https:\/\/stptrans.com\/fi\/ratkaisut\/#breadcrumb\"},\"inLanguage\":\"fi\",\"potentialAction\":[{\"@type\":\"ReadAction\",\"target\":[\"https:\/\/stptrans.com\/fi\/ratkaisut\/\"]}]},{\"@type\":\"BreadcrumbList\",\"@id\":\"https:\/\/stptrans.com\/fi\/ratkaisut\/#breadcrumb\",\"itemListElement\":[{\"@type\":\"ListItem\",\"position\":1,\"name\":\"Home\",\"item\":\"https:\/\/stptrans.com\/fi\/\"},{\"@type\":\"ListItem\",\"position\":2,\"name\":\"Lokalisointiratkaisut\"}]},{\"@type\":\"WebSite\",\"@id\":\"https:\/\/stptrans.com\/fi\/#website\",\"url\":\"https:\/\/stptrans.com\/fi\/\",\"name\":\"sa国际传媒\",\"description\":\"Nordic translation specialists\",\"publisher\":{\"@id\":\"https:\/\/stptrans.com\/fi\/#organization\"},\"potentialAction\":[{\"@type\":\"SearchAction\",\"target\":{\"@type\":\"EntryPoint\",\"urlTemplate\":\"https:\/\/stptrans.com\/fi\/?s={search_term_string}\"},\"query-input\":{\"@type\":\"PropertyValueSpecification\",\"valueRequired\":true,\"valueName\":\"search_term_string\"}}],\"inLanguage\":\"fi\"},{\"@type\":\"Organization\",\"@id\":\"https:\/\/stptrans.com\/fi\/#organization\",\"name\":\"sa国际传媒\",\"url\":\"https:\/\/stptrans.com\/fi\/\",\"logo\":{\"@type\":\"ImageObject\",\"inLanguage\":\"fi\",\"@id\":\"https:\/\/stptrans.com\/fi\/#\/schema\/logo\/image\/\",\"url\":\"https:\/\/stptrans.com\/wp-content\/uploads\/2020\/11\/sandberg-email-footer.png\",\"contentUrl\":\"https:\/\/stptrans.com\/wp-content\/uploads\/2020\/11\/sandberg-email-footer.png\",\"width\":140,\"height\":86,\"caption\":\"sa国际传媒\"},\"image\":{\"@id\":\"https:\/\/stptrans.com\/fi\/#\/schema\/logo\/image\/\"},\"sameAs\":[\"https:\/\/www.facebook.com\/STPNordic?fref=ts\",\"https:\/\/x.com\/STPConnect\",\"https:\/\/www.linkedin.com\/company\/sandberg-lsp\/\",\"https:\/\/www.instagram.com\/sandberg_lsp\/\"]}]}<\/script>\n<!-- \/ Yoast SEO plugin. -->","yoast_head_json":{"title":"Lokalisointiratkaisut - sa国际传媒","description":"Lokalisointi- ja k\u00e4\u00e4nn\u00f6sratkaisumme on r\u00e4\u00e4t\u00e4l\u00f6ity tarpeidesi mukaan. Erikoistunut pohjoismaisiin kieliin ja englantiin.","robots":{"index":"index","follow":"follow","max-snippet":"max-snippet:-1","max-image-preview":"max-image-preview:large","max-video-preview":"max-video-preview:-1"},"canonical":"https:\/\/stptrans.com\/fi\/ratkaisut\/","og_locale":"fi_FI","og_type":"article","og_title":"Lokalisointiratkaisut","og_description":"Lokalisointi- ja k\u00e4\u00e4nn\u00f6sratkaisumme on r\u00e4\u00e4t\u00e4l\u00f6ity tarpeidesi mukaan. Erikoistunut pohjoismaisiin kieliin ja englantiin.","og_url":"https:\/\/stptrans.com\/fi\/ratkaisut\/","og_site_name":"sa国际传媒","article_publisher":"https:\/\/www.facebook.com\/STPNordic?fref=ts","article_modified_time":"2021-04-06T11:27:07+00:00","twitter_card":"summary_large_image","twitter_title":"Lokalisointiratkaisut","twitter_description":"Lokalisointi- ja k\u00e4\u00e4nn\u00f6sratkaisumme on r\u00e4\u00e4t\u00e4l\u00f6ity tarpeidesi mukaan. Erikoistunut pohjoismaisiin kieliin ja englantiin.","twitter_image":"https:\/\/stptrans.com\/wp-content\/uploads\/2020\/10\/share-image-generic.jpg","twitter_site":"@STPConnect","twitter_misc":{"Written by":"Max Naylor"},"schema":{"@context":"https:\/\/schema.org","@graph":[{"@type":"WebPage","@id":"https:\/\/stptrans.com\/fi\/ratkaisut\/","url":"https:\/\/stptrans.com\/fi\/ratkaisut\/","name":"Lokalisointiratkaisut - sa国际传媒","isPartOf":{"@id":"https:\/\/stptrans.com\/fi\/#website"},"datePublished":"2021-03-26T14:09:33+00:00","dateModified":"2021-04-06T11:27:07+00:00","description":"Lokalisointi- ja k\u00e4\u00e4nn\u00f6sratkaisumme on r\u00e4\u00e4t\u00e4l\u00f6ity tarpeidesi mukaan. Erikoistunut pohjoismaisiin kieliin ja englantiin.","breadcrumb":{"@id":"https:\/\/stptrans.com\/fi\/ratkaisut\/#breadcrumb"},"inLanguage":"fi","potentialAction":[{"@type":"ReadAction","target":["https:\/\/stptrans.com\/fi\/ratkaisut\/"]}]},{"@type":"BreadcrumbList","@id":"https:\/\/stptrans.com\/fi\/ratkaisut\/#breadcrumb","itemListElement":[{"@type":"ListItem","position":1,"name":"Home","item":"https:\/\/stptrans.com\/fi\/"},{"@type":"ListItem","position":2,"name":"Lokalisointiratkaisut"}]},{"@type":"WebSite","@id":"https:\/\/stptrans.com\/fi\/#website","url":"https:\/\/stptrans.com\/fi\/","name":"sa国际传媒","description":"Nordic translation specialists","publisher":{"@id":"https:\/\/stptrans.com\/fi\/#organization"},"potentialAction":[{"@type":"SearchAction","target":{"@type":"EntryPoint","urlTemplate":"https:\/\/stptrans.com\/fi\/?s={search_term_string}"},"query-input":{"@type":"PropertyValueSpecification","valueRequired":true,"valueName":"search_term_string"}}],"inLanguage":"fi"},{"@type":"Organization","@id":"https:\/\/stptrans.com\/fi\/#organization","name":"sa国际传媒","url":"https:\/\/stptrans.com\/fi\/","logo":{"@type":"ImageObject","inLanguage":"fi","@id":"https:\/\/stptrans.com\/fi\/#\/schema\/logo\/image\/","url":"https:\/\/stptrans.com\/wp-content\/uploads\/2020\/11\/sandberg-email-footer.png","contentUrl":"https:\/\/stptrans.com\/wp-content\/uploads\/2020\/11\/sandberg-email-footer.png","width":140,"height":86,"caption":"sa国际传媒"},"image":{"@id":"https:\/\/stptrans.com\/fi\/#\/schema\/logo\/image\/"},"sameAs":["https:\/\/www.facebook.com\/STPNordic?fref=ts","https:\/\/x.com\/STPConnect","https:\/\/www.linkedin.com\/company\/sandberg-lsp\/","https:\/\/www.instagram.com\/sandberg_lsp\/"]}]}},"_links":{"self":[{"href":"https:\/\/stptrans.com\/fi\/wp-json\/wp\/v2\/pages\/31854","targetHints":{"allow":["GET"]}}],"collection":[{"href":"https:\/\/stptrans.com\/fi\/wp-json\/wp\/v2\/pages"}],"about":[{"href":"https:\/\/stptrans.com\/fi\/wp-json\/wp\/v2\/types\/page"}],"author":[{"embeddable":true,"href":"https:\/\/stptrans.com\/fi\/wp-json\/wp\/v2\/users\/14"}],"replies":[{"embeddable":true,"href":"https:\/\/stptrans.com\/fi\/wp-json\/wp\/v2\/comments?post=31854"}],"version-history":[{"count":10,"href":"https:\/\/stptrans.com\/fi\/wp-json\/wp\/v2\/pages\/31854\/revisions"}],"predecessor-version":[{"id":31928,"href":"https:\/\/stptrans.com\/fi\/wp-json\/wp\/v2\/pages\/31854\/revisions\/31928"}],"wp:attachment":[{"href":"https:\/\/stptrans.com\/fi\/wp-json\/wp\/v2\/media?parent=31854"}],"wp:term":[{"taxonomy":"author","embeddable":true,"href":"https:\/\/stptrans.com\/fi\/wp-json\/wp\/v2\/coauthors?post=31854"}],"curies":[{"name":"wp","href":"https:\/\/api.w.org\/{rel}","templated":true}]}}