  {"id":22642,"date":"2020-02-13T15:28:42","date_gmt":"2020-02-13T15:28:42","guid":{"rendered":"https:\/\/stptrans.com\/comment-nous-collaborons\/"},"modified":"2020-05-14T12:00:54","modified_gmt":"2020-05-14T11:00:54","slug":"comment-nous-collaborons","status":"publish","type":"page","link":"https:\/\/stptrans.com\/fr\/comment-nous-collaborons\/","title":{"rendered":"Comment nous collaborons"},"content":{"rendered":"","protected":false},"excerpt":{"rendered":"","protected":false},"author":1,"featured_media":0,"parent":0,"menu_order":0,"comment_status":"closed","ping_status":"closed","template":"","meta":{"_acf_changed":false,"episode_type":"","audio_file":"","podmotor_file_id":"","podmotor_episode_id":"","cover_image":"","cover_image_id":"","duration":"","filesize":"","filesize_raw":"","date_recorded":"","explicit":"","block":"","itunes_episode_number":"","itunes_title":"","itunes_season_number":"","itunes_episode_type":"","footnotes":""},"coauthors":[57],"class_list":["post-22642","page","type-page","status-publish","hentry"],"acf":[],"yoast_head":"<!-- This site is optimized with the Yoast SEO plugin v27.2 - https:\/\/yoast.com\/product\/yoast-seo-wordpress\/ -->\n<title>Travailler ensemble | sa国际传媒 (STP)<\/title>\n<meta name=\"description\" content=\"Qu\u2019est-ce qui est le mieux pour vous\u00a0? Chez Sandberg, nous sommes guid\u00e9s par les besoins sp\u00e9cifiques de nos clients. Une fois que nous connaissons vos attentes, nous savons \u00e9galement comment travailler ensemble pour y r\u00e9pondre.\" \/>\n<meta name=\"robots\" content=\"index, follow, max-snippet:-1, max-image-preview:large, max-video-preview:-1\" \/>\n<link rel=\"canonical\" href=\"https:\/\/stptrans.com\/fr\/comment-nous-collaborons\/\" \/>\n<meta property=\"og:locale\" content=\"fr_FR\" \/>\n<meta property=\"og:type\" content=\"article\" \/>\n<meta property=\"og:title\" content=\"Travailler ensemble | sa国际传媒 (STP)\" \/>\n<meta property=\"og:description\" content=\"Qu\u2019est-ce qui est le mieux pour vous\u00a0? Chez Sandberg, nous sommes guid\u00e9s par les besoins sp\u00e9cifiques de nos clients. Une fois que nous connaissons vos attentes, nous savons \u00e9galement comment travailler ensemble pour y r\u00e9pondre.\" \/>\n<meta property=\"og:url\" content=\"https:\/\/stptrans.com\/fr\/comment-nous-collaborons\/\" \/>\n<meta property=\"og:site_name\" content=\"sa国际传媒\" \/>\n<meta property=\"article:publisher\" content=\"https:\/\/www.facebook.com\/STPNordic?fref=ts\" \/>\n<meta property=\"article:modified_time\" content=\"2020-05-14T11:00:54+00:00\" \/>\n<meta name=\"twitter:card\" content=\"summary_large_image\" \/>\n<meta name=\"twitter:title\" content=\"Travailler ensemble | sa国际传媒 (STP)\" \/>\n<meta name=\"twitter:description\" content=\"Qu\u2019est-ce qui est le mieux pour vous\u00a0? Chez Sandberg, nous sommes guid\u00e9s par les besoins sp\u00e9cifiques de nos clients. Une fois que nous connaissons vos attentes, nous savons \u00e9galement comment travailler ensemble pour y r\u00e9pondre.\" \/>\n<meta name=\"twitter:image\" content=\"https:\/\/stptrans.com\/wp-content\/uploads\/2018\/06\/work-with-you.jpg\" \/>\n<meta name=\"twitter:site\" content=\"@STPConnect\" \/>\n<meta name=\"twitter:label1\" content=\"Written by\" \/>\n\t<meta name=\"twitter:data1\" content=\"Matt\" \/>\n<script type=\"application\/ld+json\" class=\"yoast-schema-graph\">{\"@context\":\"https:\/\/schema.org\",\"@graph\":[{\"@type\":\"WebPage\",\"@id\":\"https:\/\/stptrans.com\/fr\/comment-nous-collaborons\/\",\"url\":\"https:\/\/stptrans.com\/fr\/comment-nous-collaborons\/\",\"name\":\"Travailler ensemble | sa国际传媒 (STP)\",\"isPartOf\":{\"@id\":\"https:\/\/stptrans.com\/fr\/#website\"},\"datePublished\":\"2020-02-13T15:28:42+00:00\",\"dateModified\":\"2020-05-14T11:00:54+00:00\",\"description\":\"Qu\u2019est-ce qui est le mieux pour vous\u00a0? Chez Sandberg, nous sommes guid\u00e9s par les besoins sp\u00e9cifiques de nos clients. Une fois que nous connaissons vos attentes, nous savons \u00e9galement comment travailler ensemble pour y r\u00e9pondre.\",\"breadcrumb\":{\"@id\":\"https:\/\/stptrans.com\/fr\/comment-nous-collaborons\/#breadcrumb\"},\"inLanguage\":\"fr-FR\",\"potentialAction\":[{\"@type\":\"ReadAction\",\"target\":[\"https:\/\/stptrans.com\/fr\/comment-nous-collaborons\/\"]}]},{\"@type\":\"BreadcrumbList\",\"@id\":\"https:\/\/stptrans.com\/fr\/comment-nous-collaborons\/#breadcrumb\",\"itemListElement\":[{\"@type\":\"ListItem\",\"position\":1,\"name\":\"Home\",\"item\":\"https:\/\/stptrans.com\/fr\/\"},{\"@type\":\"ListItem\",\"position\":2,\"name\":\"Comment nous collaborons\"}]},{\"@type\":\"WebSite\",\"@id\":\"https:\/\/stptrans.com\/fr\/#website\",\"url\":\"https:\/\/stptrans.com\/fr\/\",\"name\":\"sa国际传媒\",\"description\":\"Nordic translation specialists\",\"publisher\":{\"@id\":\"https:\/\/stptrans.com\/fr\/#organization\"},\"potentialAction\":[{\"@type\":\"SearchAction\",\"target\":{\"@type\":\"EntryPoint\",\"urlTemplate\":\"https:\/\/stptrans.com\/fr\/?s={search_term_string}\"},\"query-input\":{\"@type\":\"PropertyValueSpecification\",\"valueRequired\":true,\"valueName\":\"search_term_string\"}}],\"inLanguage\":\"fr-FR\"},{\"@type\":\"Organization\",\"@id\":\"https:\/\/stptrans.com\/fr\/#organization\",\"name\":\"sa国际传媒\",\"url\":\"https:\/\/stptrans.com\/fr\/\",\"logo\":{\"@type\":\"ImageObject\",\"inLanguage\":\"fr-FR\",\"@id\":\"https:\/\/stptrans.com\/fr\/#\/schema\/logo\/image\/\",\"url\":\"https:\/\/stptrans.com\/wp-content\/uploads\/2020\/11\/sandberg-email-footer.png\",\"contentUrl\":\"https:\/\/stptrans.com\/wp-content\/uploads\/2020\/11\/sandberg-email-footer.png\",\"width\":140,\"height\":86,\"caption\":\"sa国际传媒\"},\"image\":{\"@id\":\"https:\/\/stptrans.com\/fr\/#\/schema\/logo\/image\/\"},\"sameAs\":[\"https:\/\/www.facebook.com\/STPNordic?fref=ts\",\"https:\/\/x.com\/STPConnect\",\"https:\/\/www.linkedin.com\/company\/sandberg-lsp\/\",\"https:\/\/www.instagram.com\/sandberg_lsp\/\"]}]}<\/script>\n<!-- \/ Yoast SEO plugin. -->","yoast_head_json":{"title":"Travailler ensemble | sa国际传媒 (STP)","description":"Qu\u2019est-ce qui est le mieux pour vous\u00a0? Chez Sandberg, nous sommes guid\u00e9s par les besoins sp\u00e9cifiques de nos clients. Une fois que nous connaissons vos attentes, nous savons \u00e9galement comment travailler ensemble pour y r\u00e9pondre.","robots":{"index":"index","follow":"follow","max-snippet":"max-snippet:-1","max-image-preview":"max-image-preview:large","max-video-preview":"max-video-preview:-1"},"canonical":"https:\/\/stptrans.com\/fr\/comment-nous-collaborons\/","og_locale":"fr_FR","og_type":"article","og_title":"Travailler ensemble | sa国际传媒 (STP)","og_description":"Qu\u2019est-ce qui est le mieux pour vous\u00a0? Chez Sandberg, nous sommes guid\u00e9s par les besoins sp\u00e9cifiques de nos clients. Une fois que nous connaissons vos attentes, nous savons \u00e9galement comment travailler ensemble pour y r\u00e9pondre.","og_url":"https:\/\/stptrans.com\/fr\/comment-nous-collaborons\/","og_site_name":"sa国际传媒","article_publisher":"https:\/\/www.facebook.com\/STPNordic?fref=ts","article_modified_time":"2020-05-14T11:00:54+00:00","twitter_card":"summary_large_image","twitter_title":"Travailler ensemble | sa国际传媒 (STP)","twitter_description":"Qu\u2019est-ce qui est le mieux pour vous\u00a0? Chez Sandberg, nous sommes guid\u00e9s par les besoins sp\u00e9cifiques de nos clients. Une fois que nous connaissons vos attentes, nous savons \u00e9galement comment travailler ensemble pour y r\u00e9pondre.","twitter_image":"https:\/\/stptrans.com\/wp-content\/uploads\/2018\/06\/work-with-you.jpg","twitter_site":"@STPConnect","twitter_misc":{"Written by":"Matt"},"schema":{"@context":"https:\/\/schema.org","@graph":[{"@type":"WebPage","@id":"https:\/\/stptrans.com\/fr\/comment-nous-collaborons\/","url":"https:\/\/stptrans.com\/fr\/comment-nous-collaborons\/","name":"Travailler ensemble | sa国际传媒 (STP)","isPartOf":{"@id":"https:\/\/stptrans.com\/fr\/#website"},"datePublished":"2020-02-13T15:28:42+00:00","dateModified":"2020-05-14T11:00:54+00:00","description":"Qu\u2019est-ce qui est le mieux pour vous\u00a0? Chez Sandberg, nous sommes guid\u00e9s par les besoins sp\u00e9cifiques de nos clients. Une fois que nous connaissons vos attentes, nous savons \u00e9galement comment travailler ensemble pour y r\u00e9pondre.","breadcrumb":{"@id":"https:\/\/stptrans.com\/fr\/comment-nous-collaborons\/#breadcrumb"},"inLanguage":"fr-FR","potentialAction":[{"@type":"ReadAction","target":["https:\/\/stptrans.com\/fr\/comment-nous-collaborons\/"]}]},{"@type":"BreadcrumbList","@id":"https:\/\/stptrans.com\/fr\/comment-nous-collaborons\/#breadcrumb","itemListElement":[{"@type":"ListItem","position":1,"name":"Home","item":"https:\/\/stptrans.com\/fr\/"},{"@type":"ListItem","position":2,"name":"Comment nous collaborons"}]},{"@type":"WebSite","@id":"https:\/\/stptrans.com\/fr\/#website","url":"https:\/\/stptrans.com\/fr\/","name":"sa国际传媒","description":"Nordic translation specialists","publisher":{"@id":"https:\/\/stptrans.com\/fr\/#organization"},"potentialAction":[{"@type":"SearchAction","target":{"@type":"EntryPoint","urlTemplate":"https:\/\/stptrans.com\/fr\/?s={search_term_string}"},"query-input":{"@type":"PropertyValueSpecification","valueRequired":true,"valueName":"search_term_string"}}],"inLanguage":"fr-FR"},{"@type":"Organization","@id":"https:\/\/stptrans.com\/fr\/#organization","name":"sa国际传媒","url":"https:\/\/stptrans.com\/fr\/","logo":{"@type":"ImageObject","inLanguage":"fr-FR","@id":"https:\/\/stptrans.com\/fr\/#\/schema\/logo\/image\/","url":"https:\/\/stptrans.com\/wp-content\/uploads\/2020\/11\/sandberg-email-footer.png","contentUrl":"https:\/\/stptrans.com\/wp-content\/uploads\/2020\/11\/sandberg-email-footer.png","width":140,"height":86,"caption":"sa国际传媒"},"image":{"@id":"https:\/\/stptrans.com\/fr\/#\/schema\/logo\/image\/"},"sameAs":["https:\/\/www.facebook.com\/STPNordic?fref=ts","https:\/\/x.com\/STPConnect","https:\/\/www.linkedin.com\/company\/sandberg-lsp\/","https:\/\/www.instagram.com\/sandberg_lsp\/"]}]}},"_links":{"self":[{"href":"https:\/\/stptrans.com\/fr\/wp-json\/wp\/v2\/pages\/22642","targetHints":{"allow":["GET"]}}],"collection":[{"href":"https:\/\/stptrans.com\/fr\/wp-json\/wp\/v2\/pages"}],"about":[{"href":"https:\/\/stptrans.com\/fr\/wp-json\/wp\/v2\/types\/page"}],"author":[{"embeddable":true,"href":"https:\/\/stptrans.com\/fr\/wp-json\/wp\/v2\/users\/1"}],"replies":[{"embeddable":true,"href":"https:\/\/stptrans.com\/fr\/wp-json\/wp\/v2\/comments?post=22642"}],"version-history":[{"count":4,"href":"https:\/\/stptrans.com\/fr\/wp-json\/wp\/v2\/pages\/22642\/revisions"}],"predecessor-version":[{"id":23268,"href":"https:\/\/stptrans.com\/fr\/wp-json\/wp\/v2\/pages\/22642\/revisions\/23268"}],"wp:attachment":[{"href":"https:\/\/stptrans.com\/fr\/wp-json\/wp\/v2\/media?parent=22642"}],"wp:term":[{"taxonomy":"author","embeddable":true,"href":"https:\/\/stptrans.com\/fr\/wp-json\/wp\/v2\/coauthors?post=22642"}],"curies":[{"name":"wp","href":"https:\/\/api.w.org\/{rel}","templated":true}]}}