  {"id":22645,"date":"2020-02-13T15:28:43","date_gmt":"2020-02-13T15:28:43","guid":{"rendered":"https:\/\/stptrans.com\/specialistes-des-traductions-en-langues-nordiques\/"},"modified":"2022-04-26T16:15:32","modified_gmt":"2022-04-26T15:15:32","slug":"specialistes-des-traductions-en-langues-nordiques-old","status":"publish","type":"page","link":"https:\/\/stptrans.com\/fr\/specialistes-des-traductions-en-langues-nordiques-old\/","title":{"rendered":"Sp\u00e9cialistes des traductions en langues nordiques"},"content":{"rendered":"","protected":false},"excerpt":{"rendered":"","protected":false},"author":4,"featured_media":0,"parent":0,"menu_order":0,"comment_status":"closed","ping_status":"closed","template":"","meta":{"_acf_changed":false,"episode_type":"","audio_file":"","podmotor_file_id":"","podmotor_episode_id":"","cover_image":"","cover_image_id":"","duration":"","filesize":"","filesize_raw":"","date_recorded":"","explicit":"","block":"","itunes_episode_number":"","itunes_title":"","itunes_season_number":"","itunes_episode_type":"","footnotes":""},"coauthors":[244],"class_list":["post-22645","page","type-page","status-publish","hentry"],"acf":[],"yoast_head":"<!-- This site is optimized with the Yoast SEO plugin v27.2 - https:\/\/yoast.com\/product\/yoast-seo-wordpress\/ -->\n<title>Sp\u00e9cialistes des traductions en langues nordiques | sa国际传媒 (STP)<\/title>\n<meta name=\"description\" content=\"Sandberg est votre partenaire de traduction pour les communications sur le march\u00e9 nordique. Nous proposons des solutions \u00e9volutives de qualit\u00e9 pour tous vos besoins de localisation en danois, anglais, finnois, islandais, norv\u00e9gien et su\u00e9dois.\" \/>\n<meta name=\"robots\" content=\"index, follow, max-snippet:-1, max-image-preview:large, max-video-preview:-1\" \/>\n<link rel=\"canonical\" href=\"https:\/\/stptrans.com\/fr\/specialistes-des-traductions-en-langues-nordiques-old\/\" \/>\n<meta property=\"og:locale\" content=\"fr_FR\" \/>\n<meta property=\"og:type\" content=\"article\" \/>\n<meta property=\"og:title\" content=\"Sp\u00e9cialistes des traductions en langues nordiques | sa国际传媒 (STP)\" \/>\n<meta property=\"og:description\" content=\"Sandberg est votre partenaire de traduction pour les communications sur le march\u00e9 nordique. Nous proposons des solutions \u00e9volutives de qualit\u00e9 pour tous vos besoins de localisation en danois, anglais, finnois, islandais, norv\u00e9gien et su\u00e9dois.\" \/>\n<meta property=\"og:url\" content=\"https:\/\/stptrans.com\/fr\/specialistes-des-traductions-en-langues-nordiques-old\/\" \/>\n<meta property=\"og:site_name\" content=\"sa国际传媒\" \/>\n<meta property=\"article:publisher\" content=\"https:\/\/www.facebook.com\/STPNordic?fref=ts\" \/>\n<meta property=\"article:modified_time\" content=\"2022-04-26T15:15:32+00:00\" \/>\n<meta name=\"twitter:card\" content=\"summary_large_image\" \/>\n<meta name=\"twitter:title\" content=\"Sp\u00e9cialistes des traductions en langues nordiques | sa国际传媒 (STP)\" \/>\n<meta name=\"twitter:description\" content=\"Sandberg est votre partenaire de traduction pour les communications sur le march\u00e9 nordique. Nous proposons des solutions \u00e9volutives de qualit\u00e9 pour tous vos besoins de localisation en danois, anglais, finnois, islandais, norv\u00e9gien et su\u00e9dois.\" \/>\n<meta name=\"twitter:site\" content=\"@STPConnect\" \/>\n<script type=\"application\/ld+json\" class=\"yoast-schema-graph\">{\"@context\":\"https:\/\/schema.org\",\"@graph\":[{\"@type\":\"WebPage\",\"@id\":\"https:\/\/stptrans.com\/fr\/specialistes-des-traductions-en-langues-nordiques-old\/\",\"url\":\"https:\/\/stptrans.com\/fr\/specialistes-des-traductions-en-langues-nordiques-old\/\",\"name\":\"Sp\u00e9cialistes des traductions en langues nordiques | sa国际传媒 (STP)\",\"isPartOf\":{\"@id\":\"https:\/\/stptrans.com\/fr\/#website\"},\"datePublished\":\"2020-02-13T15:28:43+00:00\",\"dateModified\":\"2022-04-26T15:15:32+00:00\",\"description\":\"Sandberg est votre partenaire de traduction pour les communications sur le march\u00e9 nordique. Nous proposons des solutions \u00e9volutives de qualit\u00e9 pour tous vos besoins de localisation en danois, anglais, finnois, islandais, norv\u00e9gien et su\u00e9dois.\",\"breadcrumb\":{\"@id\":\"https:\/\/stptrans.com\/fr\/specialistes-des-traductions-en-langues-nordiques-old\/#breadcrumb\"},\"inLanguage\":\"fr-FR\",\"potentialAction\":[{\"@type\":\"ReadAction\",\"target\":[\"https:\/\/stptrans.com\/fr\/specialistes-des-traductions-en-langues-nordiques-old\/\"]}]},{\"@type\":\"BreadcrumbList\",\"@id\":\"https:\/\/stptrans.com\/fr\/specialistes-des-traductions-en-langues-nordiques-old\/#breadcrumb\",\"itemListElement\":[{\"@type\":\"ListItem\",\"position\":1,\"name\":\"Home\",\"item\":\"https:\/\/stptrans.com\/fr\/\"},{\"@type\":\"ListItem\",\"position\":2,\"name\":\"Sp\u00e9cialistes des traductions en langues nordiques\"}]},{\"@type\":\"WebSite\",\"@id\":\"https:\/\/stptrans.com\/fr\/#website\",\"url\":\"https:\/\/stptrans.com\/fr\/\",\"name\":\"sa国际传媒\",\"description\":\"Nordic translation specialists\",\"publisher\":{\"@id\":\"https:\/\/stptrans.com\/fr\/#organization\"},\"potentialAction\":[{\"@type\":\"SearchAction\",\"target\":{\"@type\":\"EntryPoint\",\"urlTemplate\":\"https:\/\/stptrans.com\/fr\/?s={search_term_string}\"},\"query-input\":{\"@type\":\"PropertyValueSpecification\",\"valueRequired\":true,\"valueName\":\"search_term_string\"}}],\"inLanguage\":\"fr-FR\"},{\"@type\":\"Organization\",\"@id\":\"https:\/\/stptrans.com\/fr\/#organization\",\"name\":\"sa国际传媒\",\"url\":\"https:\/\/stptrans.com\/fr\/\",\"logo\":{\"@type\":\"ImageObject\",\"inLanguage\":\"fr-FR\",\"@id\":\"https:\/\/stptrans.com\/fr\/#\/schema\/logo\/image\/\",\"url\":\"https:\/\/stptrans.com\/wp-content\/uploads\/2020\/11\/sandberg-email-footer.png\",\"contentUrl\":\"https:\/\/stptrans.com\/wp-content\/uploads\/2020\/11\/sandberg-email-footer.png\",\"width\":140,\"height\":86,\"caption\":\"sa国际传媒\"},\"image\":{\"@id\":\"https:\/\/stptrans.com\/fr\/#\/schema\/logo\/image\/\"},\"sameAs\":[\"https:\/\/www.facebook.com\/STPNordic?fref=ts\",\"https:\/\/x.com\/STPConnect\",\"https:\/\/www.linkedin.com\/company\/sandberg-lsp\/\",\"https:\/\/www.instagram.com\/sandberg_lsp\/\"]}]}<\/script>\n<!-- \/ Yoast SEO plugin. -->","yoast_head_json":{"title":"Sp\u00e9cialistes des traductions en langues nordiques | sa国际传媒 (STP)","description":"Sandberg est votre partenaire de traduction pour les communications sur le march\u00e9 nordique. Nous proposons des solutions \u00e9volutives de qualit\u00e9 pour tous vos besoins de localisation en danois, anglais, finnois, islandais, norv\u00e9gien et su\u00e9dois.","robots":{"index":"index","follow":"follow","max-snippet":"max-snippet:-1","max-image-preview":"max-image-preview:large","max-video-preview":"max-video-preview:-1"},"canonical":"https:\/\/stptrans.com\/fr\/specialistes-des-traductions-en-langues-nordiques-old\/","og_locale":"fr_FR","og_type":"article","og_title":"Sp\u00e9cialistes des traductions en langues nordiques | sa国际传媒 (STP)","og_description":"Sandberg est votre partenaire de traduction pour les communications sur le march\u00e9 nordique. Nous proposons des solutions \u00e9volutives de qualit\u00e9 pour tous vos besoins de localisation en danois, anglais, finnois, islandais, norv\u00e9gien et su\u00e9dois.","og_url":"https:\/\/stptrans.com\/fr\/specialistes-des-traductions-en-langues-nordiques-old\/","og_site_name":"sa国际传媒","article_publisher":"https:\/\/www.facebook.com\/STPNordic?fref=ts","article_modified_time":"2022-04-26T15:15:32+00:00","twitter_card":"summary_large_image","twitter_title":"Sp\u00e9cialistes des traductions en langues nordiques | sa国际传媒 (STP)","twitter_description":"Sandberg est votre partenaire de traduction pour les communications sur le march\u00e9 nordique. Nous proposons des solutions \u00e9volutives de qualit\u00e9 pour tous vos besoins de localisation en danois, anglais, finnois, islandais, norv\u00e9gien et su\u00e9dois.","twitter_site":"@STPConnect","schema":{"@context":"https:\/\/schema.org","@graph":[{"@type":"WebPage","@id":"https:\/\/stptrans.com\/fr\/specialistes-des-traductions-en-langues-nordiques-old\/","url":"https:\/\/stptrans.com\/fr\/specialistes-des-traductions-en-langues-nordiques-old\/","name":"Sp\u00e9cialistes des traductions en langues nordiques | sa国际传媒 (STP)","isPartOf":{"@id":"https:\/\/stptrans.com\/fr\/#website"},"datePublished":"2020-02-13T15:28:43+00:00","dateModified":"2022-04-26T15:15:32+00:00","description":"Sandberg est votre partenaire de traduction pour les communications sur le march\u00e9 nordique. Nous proposons des solutions \u00e9volutives de qualit\u00e9 pour tous vos besoins de localisation en danois, anglais, finnois, islandais, norv\u00e9gien et su\u00e9dois.","breadcrumb":{"@id":"https:\/\/stptrans.com\/fr\/specialistes-des-traductions-en-langues-nordiques-old\/#breadcrumb"},"inLanguage":"fr-FR","potentialAction":[{"@type":"ReadAction","target":["https:\/\/stptrans.com\/fr\/specialistes-des-traductions-en-langues-nordiques-old\/"]}]},{"@type":"BreadcrumbList","@id":"https:\/\/stptrans.com\/fr\/specialistes-des-traductions-en-langues-nordiques-old\/#breadcrumb","itemListElement":[{"@type":"ListItem","position":1,"name":"Home","item":"https:\/\/stptrans.com\/fr\/"},{"@type":"ListItem","position":2,"name":"Sp\u00e9cialistes des traductions en langues nordiques"}]},{"@type":"WebSite","@id":"https:\/\/stptrans.com\/fr\/#website","url":"https:\/\/stptrans.com\/fr\/","name":"sa国际传媒","description":"Nordic translation specialists","publisher":{"@id":"https:\/\/stptrans.com\/fr\/#organization"},"potentialAction":[{"@type":"SearchAction","target":{"@type":"EntryPoint","urlTemplate":"https:\/\/stptrans.com\/fr\/?s={search_term_string}"},"query-input":{"@type":"PropertyValueSpecification","valueRequired":true,"valueName":"search_term_string"}}],"inLanguage":"fr-FR"},{"@type":"Organization","@id":"https:\/\/stptrans.com\/fr\/#organization","name":"sa国际传媒","url":"https:\/\/stptrans.com\/fr\/","logo":{"@type":"ImageObject","inLanguage":"fr-FR","@id":"https:\/\/stptrans.com\/fr\/#\/schema\/logo\/image\/","url":"https:\/\/stptrans.com\/wp-content\/uploads\/2020\/11\/sandberg-email-footer.png","contentUrl":"https:\/\/stptrans.com\/wp-content\/uploads\/2020\/11\/sandberg-email-footer.png","width":140,"height":86,"caption":"sa国际传媒"},"image":{"@id":"https:\/\/stptrans.com\/fr\/#\/schema\/logo\/image\/"},"sameAs":["https:\/\/www.facebook.com\/STPNordic?fref=ts","https:\/\/x.com\/STPConnect","https:\/\/www.linkedin.com\/company\/sandberg-lsp\/","https:\/\/www.instagram.com\/sandberg_lsp\/"]}]}},"_links":{"self":[{"href":"https:\/\/stptrans.com\/fr\/wp-json\/wp\/v2\/pages\/22645","targetHints":{"allow":["GET"]}}],"collection":[{"href":"https:\/\/stptrans.com\/fr\/wp-json\/wp\/v2\/pages"}],"about":[{"href":"https:\/\/stptrans.com\/fr\/wp-json\/wp\/v2\/types\/page"}],"author":[{"embeddable":true,"href":"https:\/\/stptrans.com\/fr\/wp-json\/wp\/v2\/users\/4"}],"replies":[{"embeddable":true,"href":"https:\/\/stptrans.com\/fr\/wp-json\/wp\/v2\/comments?post=22645"}],"version-history":[{"count":7,"href":"https:\/\/stptrans.com\/fr\/wp-json\/wp\/v2\/pages\/22645\/revisions"}],"predecessor-version":[{"id":33123,"href":"https:\/\/stptrans.com\/fr\/wp-json\/wp\/v2\/pages\/22645\/revisions\/33123"}],"wp:attachment":[{"href":"https:\/\/stptrans.com\/fr\/wp-json\/wp\/v2\/media?parent=22645"}],"wp:term":[{"taxonomy":"author","embeddable":true,"href":"https:\/\/stptrans.com\/fr\/wp-json\/wp\/v2\/coauthors?post=22645"}],"curies":[{"name":"wp","href":"https:\/\/api.w.org\/{rel}","templated":true}]}}