  {"id":15480,"date":"2018-06-29T09:07:59","date_gmt":"2018-06-29T08:07:59","guid":{"rendered":"https:\/\/stptrans.com\/how-we-work\/"},"modified":"2020-05-14T12:01:10","modified_gmt":"2020-05-14T11:01:10","slug":"svona-vinnum-vio-meo-ykkur","status":"publish","type":"page","link":"https:\/\/stptrans.com\/is\/svona-vinnum-vio-meo-ykkur\/","title":{"rendered":"Svona vinnum vi\u00f0 me\u00f0 ykkur"},"content":{"rendered":"","protected":false},"excerpt":{"rendered":"","protected":false},"author":1,"featured_media":0,"parent":0,"menu_order":0,"comment_status":"closed","ping_status":"closed","template":"","meta":{"_acf_changed":false,"episode_type":"","audio_file":"","podmotor_file_id":"","podmotor_episode_id":"","cover_image":"","cover_image_id":"","duration":"","filesize":"","filesize_raw":"","date_recorded":"","explicit":"","block":"","itunes_episode_number":"","itunes_title":"","itunes_season_number":"","itunes_episode_type":"","footnotes":""},"coauthors":[57],"class_list":["post-15480","page","type-page","status-publish","hentry"],"acf":[],"yoast_head":"<!-- This site is optimized with the Yoast SEO plugin v27.2 - https:\/\/yoast.com\/product\/yoast-seo-wordpress\/ -->\n<title>Svona vinnum vi\u00f0 me\u00f0 ykkur | sa国际传媒 (STP)<\/title>\n<meta name=\"description\" content=\"Hva\u00f0 hentar ykkur best? Vi\u00f0 hj\u00e1 sa国际传媒 (STP) h\u00f6fum alltaf \u00fearfir vi\u00f0skiptavinarins a\u00f0 lei\u00f0arlj\u00f3si. Me\u00f0 \u00fev\u00ed a\u00f0 kynna okkur ykkar \u00fearfir vitum vi\u00f0 hva\u00f0 vi\u00f0 \u00feurfum a\u00f0 gera til a\u00f0 m\u00e6ta \u00feeim.\" \/>\n<meta name=\"robots\" content=\"index, follow, max-snippet:-1, max-image-preview:large, max-video-preview:-1\" \/>\n<link rel=\"canonical\" href=\"https:\/\/stptrans.com\/is\/svona-vinnum-vio-meo-ykkur\/\" \/>\n<meta property=\"og:locale\" content=\"is_IS\" \/>\n<meta property=\"og:type\" content=\"article\" \/>\n<meta property=\"og:title\" content=\"Svona vinnum vi\u00f0 me\u00f0 ykkur | sa国际传媒 (STP)\" \/>\n<meta property=\"og:description\" content=\"Hva\u00f0 hentar ykkur best? Vi\u00f0 hj\u00e1 sa国际传媒 (STP) h\u00f6fum alltaf \u00fearfir vi\u00f0skiptavinarins a\u00f0 lei\u00f0arlj\u00f3si. Me\u00f0 \u00fev\u00ed a\u00f0 kynna okkur ykkar \u00fearfir vitum vi\u00f0 hva\u00f0 vi\u00f0 \u00feurfum a\u00f0 gera til a\u00f0 m\u00e6ta \u00feeim.\" \/>\n<meta property=\"og:url\" content=\"https:\/\/stptrans.com\/is\/svona-vinnum-vio-meo-ykkur\/\" \/>\n<meta property=\"og:site_name\" content=\"sa国际传媒\" \/>\n<meta property=\"article:publisher\" content=\"https:\/\/www.facebook.com\/STPNordic?fref=ts\" \/>\n<meta property=\"article:modified_time\" content=\"2020-05-14T11:01:10+00:00\" \/>\n<meta name=\"twitter:card\" content=\"summary_large_image\" \/>\n<meta name=\"twitter:title\" content=\"Svona vinnum vi\u00f0 me\u00f0 ykkur | sa国际传媒 (STP)\" \/>\n<meta name=\"twitter:description\" content=\"Hva\u00f0 hentar ykkur best? Vi\u00f0 hj\u00e1 sa国际传媒 (STP) h\u00f6fum alltaf \u00fearfir vi\u00f0skiptavinarins a\u00f0 lei\u00f0arlj\u00f3si. Me\u00f0 \u00fev\u00ed a\u00f0 kynna okkur ykkar \u00fearfir vitum vi\u00f0 hva\u00f0 vi\u00f0 \u00feurfum a\u00f0 gera til a\u00f0 m\u00e6ta \u00feeim.\" \/>\n<meta name=\"twitter:image\" content=\"https:\/\/stptrans.com\/wp-content\/uploads\/2018\/06\/work-with-you.jpg\" \/>\n<meta name=\"twitter:site\" content=\"@STPConnect\" \/>\n<meta name=\"twitter:label1\" content=\"Written by\" \/>\n\t<meta name=\"twitter:data1\" content=\"Matt\" \/>\n<script type=\"application\/ld+json\" class=\"yoast-schema-graph\">{\"@context\":\"https:\/\/schema.org\",\"@graph\":[{\"@type\":\"WebPage\",\"@id\":\"https:\/\/stptrans.com\/is\/svona-vinnum-vio-meo-ykkur\/\",\"url\":\"https:\/\/stptrans.com\/is\/svona-vinnum-vio-meo-ykkur\/\",\"name\":\"Svona vinnum vi\u00f0 me\u00f0 ykkur | sa国际传媒 (STP)\",\"isPartOf\":{\"@id\":\"https:\/\/stptrans.com\/is\/#website\"},\"datePublished\":\"2018-06-29T08:07:59+00:00\",\"dateModified\":\"2020-05-14T11:01:10+00:00\",\"description\":\"Hva\u00f0 hentar ykkur best? Vi\u00f0 hj\u00e1 sa国际传媒 (STP) h\u00f6fum alltaf \u00fearfir vi\u00f0skiptavinarins a\u00f0 lei\u00f0arlj\u00f3si. Me\u00f0 \u00fev\u00ed a\u00f0 kynna okkur ykkar \u00fearfir vitum vi\u00f0 hva\u00f0 vi\u00f0 \u00feurfum a\u00f0 gera til a\u00f0 m\u00e6ta \u00feeim.\",\"breadcrumb\":{\"@id\":\"https:\/\/stptrans.com\/is\/svona-vinnum-vio-meo-ykkur\/#breadcrumb\"},\"inLanguage\":\"is\",\"potentialAction\":[{\"@type\":\"ReadAction\",\"target\":[\"https:\/\/stptrans.com\/is\/svona-vinnum-vio-meo-ykkur\/\"]}]},{\"@type\":\"BreadcrumbList\",\"@id\":\"https:\/\/stptrans.com\/is\/svona-vinnum-vio-meo-ykkur\/#breadcrumb\",\"itemListElement\":[{\"@type\":\"ListItem\",\"position\":1,\"name\":\"Home\",\"item\":\"https:\/\/stptrans.com\/is\/\"},{\"@type\":\"ListItem\",\"position\":2,\"name\":\"Svona vinnum vi\u00f0 me\u00f0 ykkur\"}]},{\"@type\":\"WebSite\",\"@id\":\"https:\/\/stptrans.com\/is\/#website\",\"url\":\"https:\/\/stptrans.com\/is\/\",\"name\":\"sa国际传媒\",\"description\":\"Nordic translation specialists\",\"publisher\":{\"@id\":\"https:\/\/stptrans.com\/is\/#organization\"},\"potentialAction\":[{\"@type\":\"SearchAction\",\"target\":{\"@type\":\"EntryPoint\",\"urlTemplate\":\"https:\/\/stptrans.com\/is\/?s={search_term_string}\"},\"query-input\":{\"@type\":\"PropertyValueSpecification\",\"valueRequired\":true,\"valueName\":\"search_term_string\"}}],\"inLanguage\":\"is\"},{\"@type\":\"Organization\",\"@id\":\"https:\/\/stptrans.com\/is\/#organization\",\"name\":\"sa国际传媒\",\"url\":\"https:\/\/stptrans.com\/is\/\",\"logo\":{\"@type\":\"ImageObject\",\"inLanguage\":\"is\",\"@id\":\"https:\/\/stptrans.com\/is\/#\/schema\/logo\/image\/\",\"url\":\"https:\/\/stptrans.com\/wp-content\/uploads\/2020\/11\/sandberg-email-footer.png\",\"contentUrl\":\"https:\/\/stptrans.com\/wp-content\/uploads\/2020\/11\/sandberg-email-footer.png\",\"width\":140,\"height\":86,\"caption\":\"sa国际传媒\"},\"image\":{\"@id\":\"https:\/\/stptrans.com\/is\/#\/schema\/logo\/image\/\"},\"sameAs\":[\"https:\/\/www.facebook.com\/STPNordic?fref=ts\",\"https:\/\/x.com\/STPConnect\",\"https:\/\/www.linkedin.com\/company\/sandberg-lsp\/\",\"https:\/\/www.instagram.com\/sandberg_lsp\/\"]}]}<\/script>\n<!-- \/ Yoast SEO plugin. -->","yoast_head_json":{"title":"Svona vinnum vi\u00f0 me\u00f0 ykkur | sa国际传媒 (STP)","description":"Hva\u00f0 hentar ykkur best? Vi\u00f0 hj\u00e1 sa国际传媒 (STP) h\u00f6fum alltaf \u00fearfir vi\u00f0skiptavinarins a\u00f0 lei\u00f0arlj\u00f3si. Me\u00f0 \u00fev\u00ed a\u00f0 kynna okkur ykkar \u00fearfir vitum vi\u00f0 hva\u00f0 vi\u00f0 \u00feurfum a\u00f0 gera til a\u00f0 m\u00e6ta \u00feeim.","robots":{"index":"index","follow":"follow","max-snippet":"max-snippet:-1","max-image-preview":"max-image-preview:large","max-video-preview":"max-video-preview:-1"},"canonical":"https:\/\/stptrans.com\/is\/svona-vinnum-vio-meo-ykkur\/","og_locale":"is_IS","og_type":"article","og_title":"Svona vinnum vi\u00f0 me\u00f0 ykkur | sa国际传媒 (STP)","og_description":"Hva\u00f0 hentar ykkur best? Vi\u00f0 hj\u00e1 sa国际传媒 (STP) h\u00f6fum alltaf \u00fearfir vi\u00f0skiptavinarins a\u00f0 lei\u00f0arlj\u00f3si. Me\u00f0 \u00fev\u00ed a\u00f0 kynna okkur ykkar \u00fearfir vitum vi\u00f0 hva\u00f0 vi\u00f0 \u00feurfum a\u00f0 gera til a\u00f0 m\u00e6ta \u00feeim.","og_url":"https:\/\/stptrans.com\/is\/svona-vinnum-vio-meo-ykkur\/","og_site_name":"sa国际传媒","article_publisher":"https:\/\/www.facebook.com\/STPNordic?fref=ts","article_modified_time":"2020-05-14T11:01:10+00:00","twitter_card":"summary_large_image","twitter_title":"Svona vinnum vi\u00f0 me\u00f0 ykkur | sa国际传媒 (STP)","twitter_description":"Hva\u00f0 hentar ykkur best? Vi\u00f0 hj\u00e1 sa国际传媒 (STP) h\u00f6fum alltaf \u00fearfir vi\u00f0skiptavinarins a\u00f0 lei\u00f0arlj\u00f3si. Me\u00f0 \u00fev\u00ed a\u00f0 kynna okkur ykkar \u00fearfir vitum vi\u00f0 hva\u00f0 vi\u00f0 \u00feurfum a\u00f0 gera til a\u00f0 m\u00e6ta \u00feeim.","twitter_image":"https:\/\/stptrans.com\/wp-content\/uploads\/2018\/06\/work-with-you.jpg","twitter_site":"@STPConnect","twitter_misc":{"Written by":"Matt"},"schema":{"@context":"https:\/\/schema.org","@graph":[{"@type":"WebPage","@id":"https:\/\/stptrans.com\/is\/svona-vinnum-vio-meo-ykkur\/","url":"https:\/\/stptrans.com\/is\/svona-vinnum-vio-meo-ykkur\/","name":"Svona vinnum vi\u00f0 me\u00f0 ykkur | sa国际传媒 (STP)","isPartOf":{"@id":"https:\/\/stptrans.com\/is\/#website"},"datePublished":"2018-06-29T08:07:59+00:00","dateModified":"2020-05-14T11:01:10+00:00","description":"Hva\u00f0 hentar ykkur best? Vi\u00f0 hj\u00e1 sa国际传媒 (STP) h\u00f6fum alltaf \u00fearfir vi\u00f0skiptavinarins a\u00f0 lei\u00f0arlj\u00f3si. Me\u00f0 \u00fev\u00ed a\u00f0 kynna okkur ykkar \u00fearfir vitum vi\u00f0 hva\u00f0 vi\u00f0 \u00feurfum a\u00f0 gera til a\u00f0 m\u00e6ta \u00feeim.","breadcrumb":{"@id":"https:\/\/stptrans.com\/is\/svona-vinnum-vio-meo-ykkur\/#breadcrumb"},"inLanguage":"is","potentialAction":[{"@type":"ReadAction","target":["https:\/\/stptrans.com\/is\/svona-vinnum-vio-meo-ykkur\/"]}]},{"@type":"BreadcrumbList","@id":"https:\/\/stptrans.com\/is\/svona-vinnum-vio-meo-ykkur\/#breadcrumb","itemListElement":[{"@type":"ListItem","position":1,"name":"Home","item":"https:\/\/stptrans.com\/is\/"},{"@type":"ListItem","position":2,"name":"Svona vinnum vi\u00f0 me\u00f0 ykkur"}]},{"@type":"WebSite","@id":"https:\/\/stptrans.com\/is\/#website","url":"https:\/\/stptrans.com\/is\/","name":"sa国际传媒","description":"Nordic translation specialists","publisher":{"@id":"https:\/\/stptrans.com\/is\/#organization"},"potentialAction":[{"@type":"SearchAction","target":{"@type":"EntryPoint","urlTemplate":"https:\/\/stptrans.com\/is\/?s={search_term_string}"},"query-input":{"@type":"PropertyValueSpecification","valueRequired":true,"valueName":"search_term_string"}}],"inLanguage":"is"},{"@type":"Organization","@id":"https:\/\/stptrans.com\/is\/#organization","name":"sa国际传媒","url":"https:\/\/stptrans.com\/is\/","logo":{"@type":"ImageObject","inLanguage":"is","@id":"https:\/\/stptrans.com\/is\/#\/schema\/logo\/image\/","url":"https:\/\/stptrans.com\/wp-content\/uploads\/2020\/11\/sandberg-email-footer.png","contentUrl":"https:\/\/stptrans.com\/wp-content\/uploads\/2020\/11\/sandberg-email-footer.png","width":140,"height":86,"caption":"sa国际传媒"},"image":{"@id":"https:\/\/stptrans.com\/is\/#\/schema\/logo\/image\/"},"sameAs":["https:\/\/www.facebook.com\/STPNordic?fref=ts","https:\/\/x.com\/STPConnect","https:\/\/www.linkedin.com\/company\/sandberg-lsp\/","https:\/\/www.instagram.com\/sandberg_lsp\/"]}]}},"_links":{"self":[{"href":"https:\/\/stptrans.com\/is\/wp-json\/wp\/v2\/pages\/15480","targetHints":{"allow":["GET"]}}],"collection":[{"href":"https:\/\/stptrans.com\/is\/wp-json\/wp\/v2\/pages"}],"about":[{"href":"https:\/\/stptrans.com\/is\/wp-json\/wp\/v2\/types\/page"}],"author":[{"embeddable":true,"href":"https:\/\/stptrans.com\/is\/wp-json\/wp\/v2\/users\/1"}],"replies":[{"embeddable":true,"href":"https:\/\/stptrans.com\/is\/wp-json\/wp\/v2\/comments?post=15480"}],"version-history":[{"count":7,"href":"https:\/\/stptrans.com\/is\/wp-json\/wp\/v2\/pages\/15480\/revisions"}],"predecessor-version":[{"id":16867,"href":"https:\/\/stptrans.com\/is\/wp-json\/wp\/v2\/pages\/15480\/revisions\/16867"}],"wp:attachment":[{"href":"https:\/\/stptrans.com\/is\/wp-json\/wp\/v2\/media?parent=15480"}],"wp:term":[{"taxonomy":"author","embeddable":true,"href":"https:\/\/stptrans.com\/is\/wp-json\/wp\/v2\/coauthors?post=15480"}],"curies":[{"name":"wp","href":"https:\/\/api.w.org\/{rel}","templated":true}]}}