  {"id":28133,"date":"2021-02-23T09:30:17","date_gmt":"2021-02-23T09:30:17","guid":{"rendered":"https:\/\/stptrans.com\/?page_id=28133"},"modified":"2026-01-27T08:13:12","modified_gmt":"2026-01-27T08:13:12","slug":"fa-tilbod","status":"publish","type":"page","link":"https:\/\/stptrans.com\/is\/fa-tilbod\/","title":{"rendered":"F\u00e1 tilbo\u00f0"},"content":{"rendered":"\t\t<div data-elementor-type=\"wp-page\" data-elementor-id=\"28133\" class=\"elementor elementor-28133 elementor-28831\" data-elementor-post-type=\"page\">\n\t\t\t\t\t\t<section data-particle_enable=\"false\" data-particle-mobile-disabled=\"false\" class=\"elementor-section elementor-top-section elementor-element elementor-element-33bac6dc elementor-section-boxed elementor-section-height-default elementor-section-height-default\" data-id=\"33bac6dc\" data-element_type=\"section\" data-e-type=\"section\" id=\"edit-width\">\n\t\t\t\t\t\t<div class=\"elementor-container elementor-column-gap-default\">\n\t\t\t\t\t<div class=\"elementor-column elementor-col-50 elementor-top-column elementor-element elementor-element-6ac0a734\" data-id=\"6ac0a734\" data-element_type=\"column\" data-e-type=\"column\">\n\t\t\t<div class=\"elementor-widget-wrap elementor-element-populated\">\n\t\t\t\t\t\t<div class=\"elementor-element elementor-element-2c45fff9 elementor-widget elementor-widget-text-editor\" data-id=\"2c45fff9\" data-element_type=\"widget\" data-e-type=\"widget\" data-widget_type=\"text-editor.default\">\n\t\t\t\t<div class=\"elementor-widget-container\">\n\t\t\t\t\t\t\t\t\t<p>Til a\u00f0 f\u00e1 tilbo\u00f0 \u00ed \u00fe\u00fd\u00f0ingaverkefni, seg\u00f0u okkur a\u00f0eins fr\u00e1 \u00fe\u00e9r og verkefninu \u00fe\u00ednu.<\/p><p><strong>Athugi\u00f0 a\u00f0 vi\u00f0 vinnum eing\u00f6ngu me\u00f0 \u00f6\u00f0rum fyrirt\u00e6kjum og ekki einstaklingum.<\/strong><\/p><p>Ef \u00feig langar frekar a\u00f0 fara \u00ed samstarf vi\u00f0 okkur sem sj\u00e1lfst\u00e6\u00f0ur \u00fe\u00fd\u00f0andi, fylltu \u00fat <a href=\"\/is\/vinna-sem-sjalfstaedur-thydandi\">\u00feetta ey\u00f0ubla\u00f0<\/a>.<\/p>\t\t\t\t\t\t\t\t<\/div>\n\t\t\t\t<\/div>\n\t\t\t\t<section data-particle_enable=\"false\" data-particle-mobile-disabled=\"false\" class=\"elementor-section elementor-inner-section elementor-element elementor-element-4730423 elementor-section-boxed elementor-section-height-default elementor-section-height-default\" data-id=\"4730423\" data-element_type=\"section\" data-e-type=\"section\">\n\t\t\t\t\t\t<div class=\"elementor-container elementor-column-gap-default\">\n\t\t\t\t\t<div class=\"elementor-column elementor-col-100 elementor-inner-column elementor-element elementor-element-470428e\" data-id=\"470428e\" data-element_type=\"column\" data-e-type=\"column\">\n\t\t\t<div class=\"elementor-widget-wrap elementor-element-populated\">\n\t\t\t\t\t\t<div class=\"elementor-element elementor-element-e19dcd6 elementor-widget elementor-widget-image\" data-id=\"e19dcd6\" data-element_type=\"widget\" data-e-type=\"widget\" data-widget_type=\"image.default\">\n\t\t\t\t<div class=\"elementor-widget-container\">\n\t\t\t\t\t\t\t\t\t\t\t\t\t\t\t<img fetchpriority=\"high\" decoding=\"async\" width=\"768\" height=\"755\" src=\"https:\/\/stptrans.com\/wp-content\/uploads\/2020\/03\/social-768x755.png\" class=\"attachment-medium_large size-medium_large wp-image-23190\" alt=\"Two circular images with emloyees at Sandberg being social.\" srcset=\"https:\/\/stptrans.com\/wp-content\/uploads\/2020\/03\/social-768x755.png 768w, https:\/\/stptrans.com\/wp-content\/uploads\/2020\/03\/social-300x295.png 300w, https:\/\/stptrans.com\/wp-content\/uploads\/2020\/03\/social.png 810w\" sizes=\"(max-width: 768px) 100vw, 768px\" \/>\t\t\t\t\t\t\t\t\t\t\t\t\t\t\t<\/div>\n\t\t\t\t<\/div>\n\t\t\t\t\t<\/div>\n\t\t<\/div>\n\t\t\t\t\t<\/div>\n\t\t<\/section>\n\t\t\t\t\t<\/div>\n\t\t<\/div>\n\t\t\t\t<div class=\"elementor-column elementor-col-50 elementor-top-column elementor-element elementor-element-a7befba\" data-id=\"a7befba\" data-element_type=\"column\" data-e-type=\"column\" data-settings=\"{&quot;background_background&quot;:&quot;classic&quot;}\">\n\t\t\t<div class=\"elementor-widget-wrap elementor-element-populated\">\n\t\t\t\t\t\t<section data-particle_enable=\"false\" data-particle-mobile-disabled=\"false\" class=\"elementor-section elementor-inner-section elementor-element elementor-element-0b50adf elementor-reverse-mobile elementor-section-boxed elementor-section-height-default elementor-section-height-default\" data-id=\"0b50adf\" data-element_type=\"section\" data-e-type=\"section\">\n\t\t\t\t\t\t<div class=\"elementor-container elementor-column-gap-default\">\n\t\t\t\t\t<div class=\"elementor-column elementor-col-100 elementor-inner-column elementor-element elementor-element-bad8862\" data-id=\"bad8862\" data-element_type=\"column\" data-e-type=\"column\">\n\t\t\t<div class=\"elementor-widget-wrap elementor-element-populated\">\n\t\t\t\t\t\t<div class=\"elementor-element elementor-element-4e0df1f elementor-widget elementor-widget-text-editor\" data-id=\"4e0df1f\" data-element_type=\"widget\" data-e-type=\"widget\" data-widget_type=\"text-editor.default\">\n\t\t\t\t<div class=\"elementor-widget-container\">\n\t\t\t\t\t\t\t\t\t<div id=\"opcrm-webform-680f5ecea43bdc22c5ef8a09\" class=\"opcrm-webform\" data-form-url=\"https:\/\/forms.onepagecrm.com\/680f5ecea43bdc22c5ef8a09\/\">\u00a0<\/div><p><script type=\"text\/javascript\" src=\"https:\/\/forms.onepagecrm.com\/embed.js\"><\/script><\/p>\t\t\t\t\t\t\t\t<\/div>\n\t\t\t\t<\/div>\n\t\t\t\t\t<\/div>\n\t\t<\/div>\n\t\t\t\t\t<\/div>\n\t\t<\/section>\n\t\t\t\t\t<\/div>\n\t\t<\/div>\n\t\t\t\t\t<\/div>\n\t\t<\/section>\n\t\t\t\t<\/div>\n\t\t","protected":false},"excerpt":{"rendered":"<p>Til a\u00f0 f\u00e1 tilbo\u00f0 \u00ed \u00fe\u00fd\u00f0ingaverkefni, seg\u00f0u okkur a\u00f0eins fr\u00e1 \u00fe\u00e9r og verkefninu \u00fe\u00ednu. Athugi\u00f0 a\u00f0 vi","protected":false},"author":14,"featured_media":0,"parent":0,"menu_order":0,"comment_status":"closed","ping_status":"closed","template":"elementor_header_footer","meta":{"_acf_changed":false,"episode_type":"","audio_file":"","podmotor_file_id":"","podmotor_episode_id":"","cover_image":"","cover_image_id":"","duration":"","filesize":"","filesize_raw":"","date_recorded":"","explicit":"","block":"","itunes_episode_number":"","itunes_title":"","itunes_season_number":"","itunes_episode_type":"","footnotes":""},"coauthors":[125],"class_list":["post-28133","page","type-page","status-publish","hentry"],"acf":[],"yoast_head":"<!-- This site is optimized with the Yoast SEO plugin v27.2 - https:\/\/yoast.com\/product\/yoast-seo-wordpress\/ -->\n<title>F\u00e1 tilbo\u00f0 - sa国际传媒<\/title>\n<meta name=\"description\" content=\"F\u00e1\u00f0u tilbo\u00f0 \u00ed \u00fe\u00fd\u00f0ingar. Vi\u00f0 vinnum vi\u00f0 \u00fe\u00fd\u00f0ingar \u00far \u00edslensku yfir \u00e1 ensku og fleiri tungum\u00e1l.\" \/>\n<meta name=\"robots\" content=\"index, follow, max-snippet:-1, max-image-preview:large, max-video-preview:-1\" \/>\n<link rel=\"canonical\" href=\"https:\/\/stptrans.com\/is\/fa-tilbod\/\" \/>\n<meta property=\"og:locale\" content=\"is_IS\" \/>\n<meta property=\"og:type\" content=\"article\" \/>\n<meta property=\"og:title\" content=\"F\u00e1 tilbo\u00f0 \u00ed \u00fe\u00fd\u00f0ingar\" \/>\n<meta property=\"og:description\" content=\"F\u00e1\u00f0u tilbo\u00f0 \u00ed \u00fe\u00fd\u00f0ingar. Vi\u00f0 vinnum vi\u00f0 \u00fe\u00fd\u00f0ingar \u00far \u00edslensku yfir \u00e1 ensku og fleiri tungum\u00e1l.\" \/>\n<meta property=\"og:url\" content=\"https:\/\/stptrans.com\/is\/fa-tilbod\/\" \/>\n<meta property=\"og:site_name\" content=\"sa国际传媒\" \/>\n<meta property=\"article:publisher\" content=\"https:\/\/www.facebook.com\/STPNordic?fref=ts\" \/>\n<meta property=\"article:modified_time\" content=\"2026-01-27T08:13:12+00:00\" \/>\n<meta property=\"og:image\" content=\"https:\/\/stptrans.com\/wp-content\/uploads\/2020\/03\/social.png\" \/>\n\t<meta property=\"og:image:width\" content=\"810\" \/>\n\t<meta property=\"og:image:height\" content=\"796\" \/>\n\t<meta property=\"og:image:type\" content=\"image\/png\" \/>\n<meta name=\"twitter:card\" content=\"summary_large_image\" \/>\n<meta name=\"twitter:title\" content=\"F\u00e1 tilbo\u00f0 \u00ed \u00fe\u00fd\u00f0ingar\" \/>\n<meta name=\"twitter:description\" content=\"F\u00e1\u00f0u tilbo\u00f0 \u00ed \u00fe\u00fd\u00f0ingar. Vi\u00f0 vinnum vi\u00f0 \u00fe\u00fd\u00f0ingar \u00far \u00edslensku yfir \u00e1 ensku og fleiri tungum\u00e1l.\" \/>\n<meta name=\"twitter:site\" content=\"@STPConnect\" \/>\n<meta name=\"twitter:label1\" content=\"Est. reading time\" \/>\n\t<meta name=\"twitter:data1\" content=\"1 minute\" \/>\n\t<meta name=\"twitter:label2\" content=\"Written by\" \/>\n\t<meta name=\"twitter:data2\" content=\"Max Naylor\" \/>\n<script type=\"application\/ld+json\" class=\"yoast-schema-graph\">{\"@context\":\"https:\/\/schema.org\",\"@graph\":[{\"@type\":\"WebPage\",\"@id\":\"https:\/\/stptrans.com\/is\/fa-tilbod\/\",\"url\":\"https:\/\/stptrans.com\/is\/fa-tilbod\/\",\"name\":\"F\u00e1 tilbo\u00f0 - sa国际传媒\",\"isPartOf\":{\"@id\":\"https:\/\/stptrans.com\/is\/#website\"},\"primaryImageOfPage\":{\"@id\":\"https:\/\/stptrans.com\/is\/fa-tilbod\/#primaryimage\"},\"image\":{\"@id\":\"https:\/\/stptrans.com\/is\/fa-tilbod\/#primaryimage\"},\"thumbnailUrl\":\"https:\/\/stptrans.com\/wp-content\/uploads\/2020\/03\/social-768x755.png\",\"datePublished\":\"2021-02-23T09:30:17+00:00\",\"dateModified\":\"2026-01-27T08:13:12+00:00\",\"description\":\"F\u00e1\u00f0u tilbo\u00f0 \u00ed \u00fe\u00fd\u00f0ingar. Vi\u00f0 vinnum vi\u00f0 \u00fe\u00fd\u00f0ingar \u00far \u00edslensku yfir \u00e1 ensku og fleiri tungum\u00e1l.\",\"breadcrumb\":{\"@id\":\"https:\/\/stptrans.com\/is\/fa-tilbod\/#breadcrumb\"},\"inLanguage\":\"is\",\"potentialAction\":[{\"@type\":\"ReadAction\",\"target\":[\"https:\/\/stptrans.com\/is\/fa-tilbod\/\"]}]},{\"@type\":\"ImageObject\",\"inLanguage\":\"is\",\"@id\":\"https:\/\/stptrans.com\/is\/fa-tilbod\/#primaryimage\",\"url\":\"https:\/\/stptrans.com\/wp-content\/uploads\/2020\/03\/social-768x755.png\",\"contentUrl\":\"https:\/\/stptrans.com\/wp-content\/uploads\/2020\/03\/social-768x755.png\"},{\"@type\":\"BreadcrumbList\",\"@id\":\"https:\/\/stptrans.com\/is\/fa-tilbod\/#breadcrumb\",\"itemListElement\":[{\"@type\":\"ListItem\",\"position\":1,\"name\":\"Home\",\"item\":\"https:\/\/stptrans.com\/is\/\"},{\"@type\":\"ListItem\",\"position\":2,\"name\":\"F\u00e1 tilbo\u00f0\"}]},{\"@type\":\"WebSite\",\"@id\":\"https:\/\/stptrans.com\/is\/#website\",\"url\":\"https:\/\/stptrans.com\/is\/\",\"name\":\"sa国际传媒\",\"description\":\"Nordic translation specialists\",\"publisher\":{\"@id\":\"https:\/\/stptrans.com\/is\/#organization\"},\"potentialAction\":[{\"@type\":\"SearchAction\",\"target\":{\"@type\":\"EntryPoint\",\"urlTemplate\":\"https:\/\/stptrans.com\/is\/?s={search_term_string}\"},\"query-input\":{\"@type\":\"PropertyValueSpecification\",\"valueRequired\":true,\"valueName\":\"search_term_string\"}}],\"inLanguage\":\"is\"},{\"@type\":\"Organization\",\"@id\":\"https:\/\/stptrans.com\/is\/#organization\",\"name\":\"sa国际传媒\",\"url\":\"https:\/\/stptrans.com\/is\/\",\"logo\":{\"@type\":\"ImageObject\",\"inLanguage\":\"is\",\"@id\":\"https:\/\/stptrans.com\/is\/#\/schema\/logo\/image\/\",\"url\":\"https:\/\/stptrans.com\/wp-content\/uploads\/2020\/11\/sandberg-email-footer.png\",\"contentUrl\":\"https:\/\/stptrans.com\/wp-content\/uploads\/2020\/11\/sandberg-email-footer.png\",\"width\":140,\"height\":86,\"caption\":\"sa国际传媒\"},\"image\":{\"@id\":\"https:\/\/stptrans.com\/is\/#\/schema\/logo\/image\/\"},\"sameAs\":[\"https:\/\/www.facebook.com\/STPNordic?fref=ts\",\"https:\/\/x.com\/STPConnect\",\"https:\/\/www.linkedin.com\/company\/sandberg-lsp\/\",\"https:\/\/www.instagram.com\/sandberg_lsp\/\"]}]}<\/script>\n<!-- \/ Yoast SEO plugin. -->","yoast_head_json":{"title":"F\u00e1 tilbo\u00f0 - sa国际传媒","description":"F\u00e1\u00f0u tilbo\u00f0 \u00ed \u00fe\u00fd\u00f0ingar. Vi\u00f0 vinnum vi\u00f0 \u00fe\u00fd\u00f0ingar \u00far \u00edslensku yfir \u00e1 ensku og fleiri tungum\u00e1l.","robots":{"index":"index","follow":"follow","max-snippet":"max-snippet:-1","max-image-preview":"max-image-preview:large","max-video-preview":"max-video-preview:-1"},"canonical":"https:\/\/stptrans.com\/is\/fa-tilbod\/","og_locale":"is_IS","og_type":"article","og_title":"F\u00e1 tilbo\u00f0 \u00ed \u00fe\u00fd\u00f0ingar","og_description":"F\u00e1\u00f0u tilbo\u00f0 \u00ed \u00fe\u00fd\u00f0ingar. Vi\u00f0 vinnum vi\u00f0 \u00fe\u00fd\u00f0ingar \u00far \u00edslensku yfir \u00e1 ensku og fleiri tungum\u00e1l.","og_url":"https:\/\/stptrans.com\/is\/fa-tilbod\/","og_site_name":"sa国际传媒","article_publisher":"https:\/\/www.facebook.com\/STPNordic?fref=ts","article_modified_time":"2026-01-27T08:13:12+00:00","og_image":[{"width":810,"height":796,"url":"https:\/\/stptrans.com\/wp-content\/uploads\/2020\/03\/social.png","type":"image\/png"}],"twitter_card":"summary_large_image","twitter_title":"F\u00e1 tilbo\u00f0 \u00ed \u00fe\u00fd\u00f0ingar","twitter_description":"F\u00e1\u00f0u tilbo\u00f0 \u00ed \u00fe\u00fd\u00f0ingar. Vi\u00f0 vinnum vi\u00f0 \u00fe\u00fd\u00f0ingar \u00far \u00edslensku yfir \u00e1 ensku og fleiri tungum\u00e1l.","twitter_site":"@STPConnect","twitter_misc":{"Est. reading time":"1 minute","Written by":"Max Naylor"},"schema":{"@context":"https:\/\/schema.org","@graph":[{"@type":"WebPage","@id":"https:\/\/stptrans.com\/is\/fa-tilbod\/","url":"https:\/\/stptrans.com\/is\/fa-tilbod\/","name":"F\u00e1 tilbo\u00f0 - sa国际传媒","isPartOf":{"@id":"https:\/\/stptrans.com\/is\/#website"},"primaryImageOfPage":{"@id":"https:\/\/stptrans.com\/is\/fa-tilbod\/#primaryimage"},"image":{"@id":"https:\/\/stptrans.com\/is\/fa-tilbod\/#primaryimage"},"thumbnailUrl":"https:\/\/stptrans.com\/wp-content\/uploads\/2020\/03\/social-768x755.png","datePublished":"2021-02-23T09:30:17+00:00","dateModified":"2026-01-27T08:13:12+00:00","description":"F\u00e1\u00f0u tilbo\u00f0 \u00ed \u00fe\u00fd\u00f0ingar. Vi\u00f0 vinnum vi\u00f0 \u00fe\u00fd\u00f0ingar \u00far \u00edslensku yfir \u00e1 ensku og fleiri tungum\u00e1l.","breadcrumb":{"@id":"https:\/\/stptrans.com\/is\/fa-tilbod\/#breadcrumb"},"inLanguage":"is","potentialAction":[{"@type":"ReadAction","target":["https:\/\/stptrans.com\/is\/fa-tilbod\/"]}]},{"@type":"ImageObject","inLanguage":"is","@id":"https:\/\/stptrans.com\/is\/fa-tilbod\/#primaryimage","url":"https:\/\/stptrans.com\/wp-content\/uploads\/2020\/03\/social-768x755.png","contentUrl":"https:\/\/stptrans.com\/wp-content\/uploads\/2020\/03\/social-768x755.png"},{"@type":"BreadcrumbList","@id":"https:\/\/stptrans.com\/is\/fa-tilbod\/#breadcrumb","itemListElement":[{"@type":"ListItem","position":1,"name":"Home","item":"https:\/\/stptrans.com\/is\/"},{"@type":"ListItem","position":2,"name":"F\u00e1 tilbo\u00f0"}]},{"@type":"WebSite","@id":"https:\/\/stptrans.com\/is\/#website","url":"https:\/\/stptrans.com\/is\/","name":"sa国际传媒","description":"Nordic translation specialists","publisher":{"@id":"https:\/\/stptrans.com\/is\/#organization"},"potentialAction":[{"@type":"SearchAction","target":{"@type":"EntryPoint","urlTemplate":"https:\/\/stptrans.com\/is\/?s={search_term_string}"},"query-input":{"@type":"PropertyValueSpecification","valueRequired":true,"valueName":"search_term_string"}}],"inLanguage":"is"},{"@type":"Organization","@id":"https:\/\/stptrans.com\/is\/#organization","name":"sa国际传媒","url":"https:\/\/stptrans.com\/is\/","logo":{"@type":"ImageObject","inLanguage":"is","@id":"https:\/\/stptrans.com\/is\/#\/schema\/logo\/image\/","url":"https:\/\/stptrans.com\/wp-content\/uploads\/2020\/11\/sandberg-email-footer.png","contentUrl":"https:\/\/stptrans.com\/wp-content\/uploads\/2020\/11\/sandberg-email-footer.png","width":140,"height":86,"caption":"sa国际传媒"},"image":{"@id":"https:\/\/stptrans.com\/is\/#\/schema\/logo\/image\/"},"sameAs":["https:\/\/www.facebook.com\/STPNordic?fref=ts","https:\/\/x.com\/STPConnect","https:\/\/www.linkedin.com\/company\/sandberg-lsp\/","https:\/\/www.instagram.com\/sandberg_lsp\/"]}]}},"_links":{"self":[{"href":"https:\/\/stptrans.com\/is\/wp-json\/wp\/v2\/pages\/28133","targetHints":{"allow":["GET"]}}],"collection":[{"href":"https:\/\/stptrans.com\/is\/wp-json\/wp\/v2\/pages"}],"about":[{"href":"https:\/\/stptrans.com\/is\/wp-json\/wp\/v2\/types\/page"}],"author":[{"embeddable":true,"href":"https:\/\/stptrans.com\/is\/wp-json\/wp\/v2\/users\/14"}],"replies":[{"embeddable":true,"href":"https:\/\/stptrans.com\/is\/wp-json\/wp\/v2\/comments?post=28133"}],"version-history":[{"count":16,"href":"https:\/\/stptrans.com\/is\/wp-json\/wp\/v2\/pages\/28133\/revisions"}],"predecessor-version":[{"id":52466,"href":"https:\/\/stptrans.com\/is\/wp-json\/wp\/v2\/pages\/28133\/revisions\/52466"}],"wp:attachment":[{"href":"https:\/\/stptrans.com\/is\/wp-json\/wp\/v2\/media?parent=28133"}],"wp:term":[{"taxonomy":"author","embeddable":true,"href":"https:\/\/stptrans.com\/is\/wp-json\/wp\/v2\/coauthors?post=28133"}],"curies":[{"name":"wp","href":"https:\/\/api.w.org\/{rel}","templated":true}]}}