  {"id":31206,"date":"2021-03-26T10:30:08","date_gmt":"2021-03-26T10:30:08","guid":{"rendered":"https:\/\/stptrans.com\/thydingalausnir-2\/"},"modified":"2021-04-06T12:19:31","modified_gmt":"2021-04-06T11:19:31","slug":"lausnir","status":"publish","type":"page","link":"https:\/\/stptrans.com\/is\/lausnir\/","title":{"rendered":"\u00de\u00fd\u00f0ingalausnir"},"content":{"rendered":"","protected":false},"excerpt":{"rendered":"","protected":false},"author":14,"featured_media":0,"parent":0,"menu_order":0,"comment_status":"closed","ping_status":"closed","template":"","meta":{"_acf_changed":false,"episode_type":"","audio_file":"","podmotor_file_id":"","podmotor_episode_id":"","cover_image":"","cover_image_id":"","duration":"","filesize":"","filesize_raw":"","date_recorded":"","explicit":"","block":"","itunes_episode_number":"","itunes_title":"","itunes_season_number":"","itunes_episode_type":"","footnotes":""},"coauthors":[125],"class_list":["post-31206","page","type-page","status-publish","hentry"],"acf":[],"yoast_head":"<!-- This site is optimized with the Yoast SEO plugin v27.2 - https:\/\/yoast.com\/product\/yoast-seo-wordpress\/ -->\n<title>\u00de\u00fd\u00f0ingalausnir - sa国际传媒<\/title>\n<meta name=\"description\" content=\"Vi\u00f0\u00a0bj\u00f3\u00f0um upp \u00e1 lausnir \u00ed \u00fe\u00fd\u00f0ingum og sta\u00f0f\u00e6ringu sem henta \u00fe\u00f6rfum \u00fe\u00ednum. Vi\u00f0 s\u00e9rh\u00e6fum okkur \u00ed norr\u00e6nu m\u00e1lunum og ensku.\" \/>\n<meta name=\"robots\" content=\"index, follow, max-snippet:-1, max-image-preview:large, max-video-preview:-1\" \/>\n<link rel=\"canonical\" href=\"https:\/\/stptrans.com\/is\/lausnir\/\" \/>\n<meta property=\"og:locale\" content=\"is_IS\" \/>\n<meta property=\"og:type\" content=\"article\" \/>\n<meta property=\"og:title\" content=\"\u00de\u00fd\u00f0ingalausnir\" \/>\n<meta property=\"og:description\" content=\"Vi\u00f0\u00a0bj\u00f3\u00f0um upp \u00e1 lausnir \u00ed \u00fe\u00fd\u00f0ingum og sta\u00f0f\u00e6ringu sem henta \u00fe\u00f6rfum \u00fe\u00ednum. Vi\u00f0 s\u00e9rh\u00e6fum okkur \u00ed norr\u00e6nu m\u00e1lunum og ensku.\" \/>\n<meta property=\"og:url\" content=\"https:\/\/stptrans.com\/is\/lausnir\/\" \/>\n<meta property=\"og:site_name\" content=\"sa国际传媒\" \/>\n<meta property=\"article:publisher\" content=\"https:\/\/www.facebook.com\/STPNordic?fref=ts\" \/>\n<meta property=\"article:modified_time\" content=\"2021-04-06T11:19:31+00:00\" \/>\n<meta name=\"twitter:card\" content=\"summary_large_image\" \/>\n<meta name=\"twitter:title\" content=\"\u00de\u00fd\u00f0ingalausnir\" \/>\n<meta name=\"twitter:description\" content=\"Vi\u00f0\u00a0bj\u00f3\u00f0um upp \u00e1 lausnir \u00ed \u00fe\u00fd\u00f0ingum og sta\u00f0f\u00e6ringu sem henta \u00fe\u00f6rfum \u00fe\u00ednum. Vi\u00f0 s\u00e9rh\u00e6fum okkur \u00ed norr\u00e6nu m\u00e1lunum og ensku.\" \/>\n<meta name=\"twitter:image\" content=\"https:\/\/stptrans.com\/wp-content\/uploads\/2020\/10\/share-image-generic.jpg\" \/>\n<meta name=\"twitter:site\" content=\"@STPConnect\" \/>\n<meta name=\"twitter:label1\" content=\"Written by\" \/>\n\t<meta name=\"twitter:data1\" content=\"Max Naylor\" \/>\n<script type=\"application\/ld+json\" class=\"yoast-schema-graph\">{\"@context\":\"https:\/\/schema.org\",\"@graph\":[{\"@type\":\"WebPage\",\"@id\":\"https:\/\/stptrans.com\/is\/lausnir\/\",\"url\":\"https:\/\/stptrans.com\/is\/lausnir\/\",\"name\":\"\u00de\u00fd\u00f0ingalausnir - sa国际传媒\",\"isPartOf\":{\"@id\":\"https:\/\/stptrans.com\/is\/#website\"},\"datePublished\":\"2021-03-26T10:30:08+00:00\",\"dateModified\":\"2021-04-06T11:19:31+00:00\",\"description\":\"Vi\u00f0\u00a0bj\u00f3\u00f0um upp \u00e1 lausnir \u00ed \u00fe\u00fd\u00f0ingum og sta\u00f0f\u00e6ringu sem henta \u00fe\u00f6rfum \u00fe\u00ednum. Vi\u00f0 s\u00e9rh\u00e6fum okkur \u00ed norr\u00e6nu m\u00e1lunum og ensku.\",\"breadcrumb\":{\"@id\":\"https:\/\/stptrans.com\/is\/lausnir\/#breadcrumb\"},\"inLanguage\":\"is\",\"potentialAction\":[{\"@type\":\"ReadAction\",\"target\":[\"https:\/\/stptrans.com\/is\/lausnir\/\"]}]},{\"@type\":\"BreadcrumbList\",\"@id\":\"https:\/\/stptrans.com\/is\/lausnir\/#breadcrumb\",\"itemListElement\":[{\"@type\":\"ListItem\",\"position\":1,\"name\":\"Home\",\"item\":\"https:\/\/stptrans.com\/is\/\"},{\"@type\":\"ListItem\",\"position\":2,\"name\":\"\u00de\u00fd\u00f0ingalausnir\"}]},{\"@type\":\"WebSite\",\"@id\":\"https:\/\/stptrans.com\/is\/#website\",\"url\":\"https:\/\/stptrans.com\/is\/\",\"name\":\"sa国际传媒\",\"description\":\"Nordic translation specialists\",\"publisher\":{\"@id\":\"https:\/\/stptrans.com\/is\/#organization\"},\"potentialAction\":[{\"@type\":\"SearchAction\",\"target\":{\"@type\":\"EntryPoint\",\"urlTemplate\":\"https:\/\/stptrans.com\/is\/?s={search_term_string}\"},\"query-input\":{\"@type\":\"PropertyValueSpecification\",\"valueRequired\":true,\"valueName\":\"search_term_string\"}}],\"inLanguage\":\"is\"},{\"@type\":\"Organization\",\"@id\":\"https:\/\/stptrans.com\/is\/#organization\",\"name\":\"sa国际传媒\",\"url\":\"https:\/\/stptrans.com\/is\/\",\"logo\":{\"@type\":\"ImageObject\",\"inLanguage\":\"is\",\"@id\":\"https:\/\/stptrans.com\/is\/#\/schema\/logo\/image\/\",\"url\":\"https:\/\/stptrans.com\/wp-content\/uploads\/2020\/11\/sandberg-email-footer.png\",\"contentUrl\":\"https:\/\/stptrans.com\/wp-content\/uploads\/2020\/11\/sandberg-email-footer.png\",\"width\":140,\"height\":86,\"caption\":\"sa国际传媒\"},\"image\":{\"@id\":\"https:\/\/stptrans.com\/is\/#\/schema\/logo\/image\/\"},\"sameAs\":[\"https:\/\/www.facebook.com\/STPNordic?fref=ts\",\"https:\/\/x.com\/STPConnect\",\"https:\/\/www.linkedin.com\/company\/sandberg-lsp\/\",\"https:\/\/www.instagram.com\/sandberg_lsp\/\"]}]}<\/script>\n<!-- \/ Yoast SEO plugin. -->","yoast_head_json":{"title":"\u00de\u00fd\u00f0ingalausnir - sa国际传媒","description":"Vi\u00f0\u00a0bj\u00f3\u00f0um upp \u00e1 lausnir \u00ed \u00fe\u00fd\u00f0ingum og sta\u00f0f\u00e6ringu sem henta \u00fe\u00f6rfum \u00fe\u00ednum. Vi\u00f0 s\u00e9rh\u00e6fum okkur \u00ed norr\u00e6nu m\u00e1lunum og ensku.","robots":{"index":"index","follow":"follow","max-snippet":"max-snippet:-1","max-image-preview":"max-image-preview:large","max-video-preview":"max-video-preview:-1"},"canonical":"https:\/\/stptrans.com\/is\/lausnir\/","og_locale":"is_IS","og_type":"article","og_title":"\u00de\u00fd\u00f0ingalausnir","og_description":"Vi\u00f0\u00a0bj\u00f3\u00f0um upp \u00e1 lausnir \u00ed \u00fe\u00fd\u00f0ingum og sta\u00f0f\u00e6ringu sem henta \u00fe\u00f6rfum \u00fe\u00ednum. Vi\u00f0 s\u00e9rh\u00e6fum okkur \u00ed norr\u00e6nu m\u00e1lunum og ensku.","og_url":"https:\/\/stptrans.com\/is\/lausnir\/","og_site_name":"sa国际传媒","article_publisher":"https:\/\/www.facebook.com\/STPNordic?fref=ts","article_modified_time":"2021-04-06T11:19:31+00:00","twitter_card":"summary_large_image","twitter_title":"\u00de\u00fd\u00f0ingalausnir","twitter_description":"Vi\u00f0\u00a0bj\u00f3\u00f0um upp \u00e1 lausnir \u00ed \u00fe\u00fd\u00f0ingum og sta\u00f0f\u00e6ringu sem henta \u00fe\u00f6rfum \u00fe\u00ednum. Vi\u00f0 s\u00e9rh\u00e6fum okkur \u00ed norr\u00e6nu m\u00e1lunum og ensku.","twitter_image":"https:\/\/stptrans.com\/wp-content\/uploads\/2020\/10\/share-image-generic.jpg","twitter_site":"@STPConnect","twitter_misc":{"Written by":"Max Naylor"},"schema":{"@context":"https:\/\/schema.org","@graph":[{"@type":"WebPage","@id":"https:\/\/stptrans.com\/is\/lausnir\/","url":"https:\/\/stptrans.com\/is\/lausnir\/","name":"\u00de\u00fd\u00f0ingalausnir - sa国际传媒","isPartOf":{"@id":"https:\/\/stptrans.com\/is\/#website"},"datePublished":"2021-03-26T10:30:08+00:00","dateModified":"2021-04-06T11:19:31+00:00","description":"Vi\u00f0\u00a0bj\u00f3\u00f0um upp \u00e1 lausnir \u00ed \u00fe\u00fd\u00f0ingum og sta\u00f0f\u00e6ringu sem henta \u00fe\u00f6rfum \u00fe\u00ednum. Vi\u00f0 s\u00e9rh\u00e6fum okkur \u00ed norr\u00e6nu m\u00e1lunum og ensku.","breadcrumb":{"@id":"https:\/\/stptrans.com\/is\/lausnir\/#breadcrumb"},"inLanguage":"is","potentialAction":[{"@type":"ReadAction","target":["https:\/\/stptrans.com\/is\/lausnir\/"]}]},{"@type":"BreadcrumbList","@id":"https:\/\/stptrans.com\/is\/lausnir\/#breadcrumb","itemListElement":[{"@type":"ListItem","position":1,"name":"Home","item":"https:\/\/stptrans.com\/is\/"},{"@type":"ListItem","position":2,"name":"\u00de\u00fd\u00f0ingalausnir"}]},{"@type":"WebSite","@id":"https:\/\/stptrans.com\/is\/#website","url":"https:\/\/stptrans.com\/is\/","name":"sa国际传媒","description":"Nordic translation specialists","publisher":{"@id":"https:\/\/stptrans.com\/is\/#organization"},"potentialAction":[{"@type":"SearchAction","target":{"@type":"EntryPoint","urlTemplate":"https:\/\/stptrans.com\/is\/?s={search_term_string}"},"query-input":{"@type":"PropertyValueSpecification","valueRequired":true,"valueName":"search_term_string"}}],"inLanguage":"is"},{"@type":"Organization","@id":"https:\/\/stptrans.com\/is\/#organization","name":"sa国际传媒","url":"https:\/\/stptrans.com\/is\/","logo":{"@type":"ImageObject","inLanguage":"is","@id":"https:\/\/stptrans.com\/is\/#\/schema\/logo\/image\/","url":"https:\/\/stptrans.com\/wp-content\/uploads\/2020\/11\/sandberg-email-footer.png","contentUrl":"https:\/\/stptrans.com\/wp-content\/uploads\/2020\/11\/sandberg-email-footer.png","width":140,"height":86,"caption":"sa国际传媒"},"image":{"@id":"https:\/\/stptrans.com\/is\/#\/schema\/logo\/image\/"},"sameAs":["https:\/\/www.facebook.com\/STPNordic?fref=ts","https:\/\/x.com\/STPConnect","https:\/\/www.linkedin.com\/company\/sandberg-lsp\/","https:\/\/www.instagram.com\/sandberg_lsp\/"]}]}},"_links":{"self":[{"href":"https:\/\/stptrans.com\/is\/wp-json\/wp\/v2\/pages\/31206","targetHints":{"allow":["GET"]}}],"collection":[{"href":"https:\/\/stptrans.com\/is\/wp-json\/wp\/v2\/pages"}],"about":[{"href":"https:\/\/stptrans.com\/is\/wp-json\/wp\/v2\/types\/page"}],"author":[{"embeddable":true,"href":"https:\/\/stptrans.com\/is\/wp-json\/wp\/v2\/users\/14"}],"replies":[{"embeddable":true,"href":"https:\/\/stptrans.com\/is\/wp-json\/wp\/v2\/comments?post=31206"}],"version-history":[{"count":9,"href":"https:\/\/stptrans.com\/is\/wp-json\/wp\/v2\/pages\/31206\/revisions"}],"predecessor-version":[{"id":31869,"href":"https:\/\/stptrans.com\/is\/wp-json\/wp\/v2\/pages\/31206\/revisions\/31869"}],"wp:attachment":[{"href":"https:\/\/stptrans.com\/is\/wp-json\/wp\/v2\/media?parent=31206"}],"wp:term":[{"taxonomy":"author","embeddable":true,"href":"https:\/\/stptrans.com\/is\/wp-json\/wp\/v2\/coauthors?post=31206"}],"curies":[{"name":"wp","href":"https:\/\/api.w.org\/{rel}","templated":true}]}}