  {"id":15508,"date":"2018-08-05T20:53:31","date_gmt":"2018-08-05T19:53:31","guid":{"rendered":"https:\/\/stptrans.com\/nordic-translation-specialists\/"},"modified":"2022-04-26T14:19:41","modified_gmt":"2022-04-26T13:19:41","slug":"spesialister-i-nordisk-oversettelse-old","status":"publish","type":"page","link":"https:\/\/stptrans.com\/no\/spesialister-i-nordisk-oversettelse-old\/","title":{"rendered":"Spesialister i nordisk oversettelse"},"content":{"rendered":"","protected":false},"excerpt":{"rendered":"","protected":false},"author":4,"featured_media":0,"parent":0,"menu_order":0,"comment_status":"closed","ping_status":"closed","template":"","meta":{"_acf_changed":false,"episode_type":"","audio_file":"","podmotor_file_id":"","podmotor_episode_id":"","cover_image":"","cover_image_id":"","duration":"","filesize":"","filesize_raw":"","date_recorded":"","explicit":"","block":"","itunes_episode_number":"","itunes_title":"","itunes_season_number":"","itunes_episode_type":"","footnotes":""},"coauthors":[241],"class_list":["post-15508","page","type-page","status-publish","hentry"],"acf":[],"yoast_head":"<!-- This site is optimized with the Yoast SEO plugin v27.2 - https:\/\/yoast.com\/product\/yoast-seo-wordpress\/ -->\n<title>Spesialister i nordisk oversettelse - sa国际传媒<\/title>\n<meta name=\"description\" content=\"Sandberg er din samarbeidspartner for oversatt kommunikasjon p\u00e5 det nordiske markedet. Vi har skalerbare l\u00f8sninger for alle dine lokaliseringsbehov p\u00e5 dansk, engelsk, islandsk, norsk og svensk.\" \/>\n<meta name=\"robots\" content=\"index, follow, max-snippet:-1, max-image-preview:large, max-video-preview:-1\" \/>\n<link rel=\"canonical\" href=\"https:\/\/stptrans.com\/no\/spesialister-i-nordisk-oversettelse-old\/\" \/>\n<meta property=\"og:locale\" content=\"nb_NO\" \/>\n<meta property=\"og:type\" content=\"article\" \/>\n<meta property=\"og:title\" content=\"Spesialister i nordisk oversettelse | sa国际传媒 (STP)\" \/>\n<meta property=\"og:description\" content=\"Sandberg er din samarbeidspartner for oversatt kommunikasjon p\u00e5 det nordiske markedet. Vi har skalerbare l\u00f8sninger for alle dine lokaliseringsbehov p\u00e5 dansk, engelsk, islandsk, norsk og svensk.\" \/>\n<meta property=\"og:url\" content=\"https:\/\/stptrans.com\/no\/spesialister-i-nordisk-oversettelse-old\/\" \/>\n<meta property=\"og:site_name\" content=\"sa国际传媒\" \/>\n<meta property=\"article:publisher\" content=\"https:\/\/www.facebook.com\/STPNordic?fref=ts\" \/>\n<meta property=\"article:modified_time\" content=\"2022-04-26T13:19:41+00:00\" \/>\n<meta name=\"twitter:card\" content=\"summary_large_image\" \/>\n<meta name=\"twitter:title\" content=\"Spesialister i nordisk oversettelse | sa国际传媒 (STP)\" \/>\n<meta name=\"twitter:description\" content=\"Sandberg er din samarbeidspartner for oversatt kommunikasjon p\u00e5 det nordiske markedet. Vi har skalerbare l\u00f8sninger for alle dine lokaliseringsbehov p\u00e5 dansk, engelsk, islandsk, norsk og svensk.\" \/>\n<meta name=\"twitter:site\" content=\"@STPConnect\" \/>\n<script type=\"application\/ld+json\" class=\"yoast-schema-graph\">{\"@context\":\"https:\/\/schema.org\",\"@graph\":[{\"@type\":\"WebPage\",\"@id\":\"https:\/\/stptrans.com\/no\/spesialister-i-nordisk-oversettelse-old\/\",\"url\":\"https:\/\/stptrans.com\/no\/spesialister-i-nordisk-oversettelse-old\/\",\"name\":\"Spesialister i nordisk oversettelse - sa国际传媒\",\"isPartOf\":{\"@id\":\"https:\/\/stptrans.com\/no\/#website\"},\"datePublished\":\"2018-08-05T19:53:31+00:00\",\"dateModified\":\"2022-04-26T13:19:41+00:00\",\"description\":\"Sandberg er din samarbeidspartner for oversatt kommunikasjon p\u00e5 det nordiske markedet. Vi har skalerbare l\u00f8sninger for alle dine lokaliseringsbehov p\u00e5 dansk, engelsk, islandsk, norsk og svensk.\",\"breadcrumb\":{\"@id\":\"https:\/\/stptrans.com\/no\/spesialister-i-nordisk-oversettelse-old\/#breadcrumb\"},\"inLanguage\":\"nb-NO\",\"potentialAction\":[{\"@type\":\"ReadAction\",\"target\":[\"https:\/\/stptrans.com\/no\/spesialister-i-nordisk-oversettelse-old\/\"]}]},{\"@type\":\"BreadcrumbList\",\"@id\":\"https:\/\/stptrans.com\/no\/spesialister-i-nordisk-oversettelse-old\/#breadcrumb\",\"itemListElement\":[{\"@type\":\"ListItem\",\"position\":1,\"name\":\"Home\",\"item\":\"https:\/\/stptrans.com\/no\/\"},{\"@type\":\"ListItem\",\"position\":2,\"name\":\"Spesialister i nordisk oversettelse\"}]},{\"@type\":\"WebSite\",\"@id\":\"https:\/\/stptrans.com\/no\/#website\",\"url\":\"https:\/\/stptrans.com\/no\/\",\"name\":\"sa国际传媒\",\"description\":\"Nordic translation specialists\",\"publisher\":{\"@id\":\"https:\/\/stptrans.com\/no\/#organization\"},\"potentialAction\":[{\"@type\":\"SearchAction\",\"target\":{\"@type\":\"EntryPoint\",\"urlTemplate\":\"https:\/\/stptrans.com\/no\/?s={search_term_string}\"},\"query-input\":{\"@type\":\"PropertyValueSpecification\",\"valueRequired\":true,\"valueName\":\"search_term_string\"}}],\"inLanguage\":\"nb-NO\"},{\"@type\":\"Organization\",\"@id\":\"https:\/\/stptrans.com\/no\/#organization\",\"name\":\"sa国际传媒\",\"url\":\"https:\/\/stptrans.com\/no\/\",\"logo\":{\"@type\":\"ImageObject\",\"inLanguage\":\"nb-NO\",\"@id\":\"https:\/\/stptrans.com\/no\/#\/schema\/logo\/image\/\",\"url\":\"https:\/\/stptrans.com\/wp-content\/uploads\/2020\/11\/sandberg-email-footer.png\",\"contentUrl\":\"https:\/\/stptrans.com\/wp-content\/uploads\/2020\/11\/sandberg-email-footer.png\",\"width\":140,\"height\":86,\"caption\":\"sa国际传媒\"},\"image\":{\"@id\":\"https:\/\/stptrans.com\/no\/#\/schema\/logo\/image\/\"},\"sameAs\":[\"https:\/\/www.facebook.com\/STPNordic?fref=ts\",\"https:\/\/x.com\/STPConnect\",\"https:\/\/www.linkedin.com\/company\/sandberg-lsp\/\",\"https:\/\/www.instagram.com\/sandberg_lsp\/\"]}]}<\/script>\n<!-- \/ Yoast SEO plugin. -->","yoast_head_json":{"title":"Spesialister i nordisk oversettelse - sa国际传媒","description":"Sandberg er din samarbeidspartner for oversatt kommunikasjon p\u00e5 det nordiske markedet. Vi har skalerbare l\u00f8sninger for alle dine lokaliseringsbehov p\u00e5 dansk, engelsk, islandsk, norsk og svensk.","robots":{"index":"index","follow":"follow","max-snippet":"max-snippet:-1","max-image-preview":"max-image-preview:large","max-video-preview":"max-video-preview:-1"},"canonical":"https:\/\/stptrans.com\/no\/spesialister-i-nordisk-oversettelse-old\/","og_locale":"nb_NO","og_type":"article","og_title":"Spesialister i nordisk oversettelse | sa国际传媒 (STP)","og_description":"Sandberg er din samarbeidspartner for oversatt kommunikasjon p\u00e5 det nordiske markedet. Vi har skalerbare l\u00f8sninger for alle dine lokaliseringsbehov p\u00e5 dansk, engelsk, islandsk, norsk og svensk.","og_url":"https:\/\/stptrans.com\/no\/spesialister-i-nordisk-oversettelse-old\/","og_site_name":"sa国际传媒","article_publisher":"https:\/\/www.facebook.com\/STPNordic?fref=ts","article_modified_time":"2022-04-26T13:19:41+00:00","twitter_card":"summary_large_image","twitter_title":"Spesialister i nordisk oversettelse | sa国际传媒 (STP)","twitter_description":"Sandberg er din samarbeidspartner for oversatt kommunikasjon p\u00e5 det nordiske markedet. Vi har skalerbare l\u00f8sninger for alle dine lokaliseringsbehov p\u00e5 dansk, engelsk, islandsk, norsk og svensk.","twitter_site":"@STPConnect","schema":{"@context":"https:\/\/schema.org","@graph":[{"@type":"WebPage","@id":"https:\/\/stptrans.com\/no\/spesialister-i-nordisk-oversettelse-old\/","url":"https:\/\/stptrans.com\/no\/spesialister-i-nordisk-oversettelse-old\/","name":"Spesialister i nordisk oversettelse - sa国际传媒","isPartOf":{"@id":"https:\/\/stptrans.com\/no\/#website"},"datePublished":"2018-08-05T19:53:31+00:00","dateModified":"2022-04-26T13:19:41+00:00","description":"Sandberg er din samarbeidspartner for oversatt kommunikasjon p\u00e5 det nordiske markedet. Vi har skalerbare l\u00f8sninger for alle dine lokaliseringsbehov p\u00e5 dansk, engelsk, islandsk, norsk og svensk.","breadcrumb":{"@id":"https:\/\/stptrans.com\/no\/spesialister-i-nordisk-oversettelse-old\/#breadcrumb"},"inLanguage":"nb-NO","potentialAction":[{"@type":"ReadAction","target":["https:\/\/stptrans.com\/no\/spesialister-i-nordisk-oversettelse-old\/"]}]},{"@type":"BreadcrumbList","@id":"https:\/\/stptrans.com\/no\/spesialister-i-nordisk-oversettelse-old\/#breadcrumb","itemListElement":[{"@type":"ListItem","position":1,"name":"Home","item":"https:\/\/stptrans.com\/no\/"},{"@type":"ListItem","position":2,"name":"Spesialister i nordisk oversettelse"}]},{"@type":"WebSite","@id":"https:\/\/stptrans.com\/no\/#website","url":"https:\/\/stptrans.com\/no\/","name":"sa国际传媒","description":"Nordic translation specialists","publisher":{"@id":"https:\/\/stptrans.com\/no\/#organization"},"potentialAction":[{"@type":"SearchAction","target":{"@type":"EntryPoint","urlTemplate":"https:\/\/stptrans.com\/no\/?s={search_term_string}"},"query-input":{"@type":"PropertyValueSpecification","valueRequired":true,"valueName":"search_term_string"}}],"inLanguage":"nb-NO"},{"@type":"Organization","@id":"https:\/\/stptrans.com\/no\/#organization","name":"sa国际传媒","url":"https:\/\/stptrans.com\/no\/","logo":{"@type":"ImageObject","inLanguage":"nb-NO","@id":"https:\/\/stptrans.com\/no\/#\/schema\/logo\/image\/","url":"https:\/\/stptrans.com\/wp-content\/uploads\/2020\/11\/sandberg-email-footer.png","contentUrl":"https:\/\/stptrans.com\/wp-content\/uploads\/2020\/11\/sandberg-email-footer.png","width":140,"height":86,"caption":"sa国际传媒"},"image":{"@id":"https:\/\/stptrans.com\/no\/#\/schema\/logo\/image\/"},"sameAs":["https:\/\/www.facebook.com\/STPNordic?fref=ts","https:\/\/x.com\/STPConnect","https:\/\/www.linkedin.com\/company\/sandberg-lsp\/","https:\/\/www.instagram.com\/sandberg_lsp\/"]}]}},"_links":{"self":[{"href":"https:\/\/stptrans.com\/no\/wp-json\/wp\/v2\/pages\/15508","targetHints":{"allow":["GET"]}}],"collection":[{"href":"https:\/\/stptrans.com\/no\/wp-json\/wp\/v2\/pages"}],"about":[{"href":"https:\/\/stptrans.com\/no\/wp-json\/wp\/v2\/types\/page"}],"author":[{"embeddable":true,"href":"https:\/\/stptrans.com\/no\/wp-json\/wp\/v2\/users\/4"}],"replies":[{"embeddable":true,"href":"https:\/\/stptrans.com\/no\/wp-json\/wp\/v2\/comments?post=15508"}],"version-history":[{"count":6,"href":"https:\/\/stptrans.com\/no\/wp-json\/wp\/v2\/pages\/15508\/revisions"}],"predecessor-version":[{"id":16705,"href":"https:\/\/stptrans.com\/no\/wp-json\/wp\/v2\/pages\/15508\/revisions\/16705"}],"wp:attachment":[{"href":"https:\/\/stptrans.com\/no\/wp-json\/wp\/v2\/media?parent=15508"}],"wp:term":[{"taxonomy":"author","embeddable":true,"href":"https:\/\/stptrans.com\/no\/wp-json\/wp\/v2\/coauthors?post=15508"}],"curies":[{"name":"wp","href":"https:\/\/api.w.org\/{rel}","templated":true}]}}