  {"id":28721,"date":"2021-02-23T09:25:00","date_gmt":"2021-02-23T09:25:00","guid":{"rendered":"https:\/\/stptrans.com\/?page_id=28721"},"modified":"2026-01-29T17:55:05","modified_gmt":"2026-01-29T17:55:05","slug":"bli-frilanser","status":"publish","type":"page","link":"https:\/\/stptrans.com\/no\/bli-frilanser\/","title":{"rendered":"Bli frilanser"},"content":{"rendered":"\t\t<div data-elementor-type=\"wp-page\" data-elementor-id=\"28721\" class=\"elementor elementor-28721 elementor-27977\" data-elementor-post-type=\"page\">\n\t\t\t\t\t\t<section data-particle_enable=\"false\" data-particle-mobile-disabled=\"false\" class=\"elementor-section elementor-top-section elementor-element elementor-element-66217c21 elementor-section-boxed elementor-section-height-default elementor-section-height-default\" data-id=\"66217c21\" data-element_type=\"section\" data-e-type=\"section\">\n\t\t\t\t\t\t<div class=\"elementor-container elementor-column-gap-default\">\n\t\t\t\t\t<div class=\"elementor-column elementor-col-50 elementor-top-column elementor-element elementor-element-22c2f66b\" data-id=\"22c2f66b\" data-element_type=\"column\" data-e-type=\"column\">\n\t\t\t<div class=\"elementor-widget-wrap elementor-element-populated\">\n\t\t\t\t\t\t<div class=\"elementor-element elementor-element-ed914fc elementor-widget elementor-widget-text-editor\" data-id=\"ed914fc\" data-element_type=\"widget\" data-e-type=\"widget\" data-widget_type=\"text-editor.default\">\n\t\t\t\t<div class=\"elementor-widget-container\">\n\t\t\t\t\t\t\t\t\t<p>Hvis du er interessert i \u00e5 jobbe sammen med oss som frilanser, kan du fylle ut dette skjemaet, s\u00e5 vil en av v\u00e5re innkj\u00f8psansvarlige ta kontakt med deg, hvis du passer for v\u00e5re behov.<\/p>\t\t\t\t\t\t\t\t<\/div>\n\t\t\t\t<\/div>\n\t\t\t\t\t<\/div>\n\t\t<\/div>\n\t\t\t\t<div class=\"elementor-column elementor-col-50 elementor-top-column elementor-element elementor-element-6353082\" data-id=\"6353082\" data-element_type=\"column\" data-e-type=\"column\">\n\t\t\t<div class=\"elementor-widget-wrap elementor-element-populated\">\n\t\t\t\t\t\t<div class=\"elementor-element elementor-element-a3a0fe4 eael-contact-form-7-button-align-left eael-contact-form-7-button-custom elementor-widget elementor-widget-eael-contact-form-7\" data-id=\"a3a0fe4\" data-element_type=\"widget\" data-e-type=\"widget\" id=\"ctc-edit\" data-widget_type=\"eael-contact-form-7.default\">\n\t\t\t\t<div class=\"elementor-widget-container\">\n\t\t\t\t\t<div class=\"eael-contact-form-7-wrapper\">\n                <div class=\"eael-contact-form eael-contact-form-7 eael-contact-form-a3a0fe4 placeholder-show eael-contact-form-align-default\">\n<div class=\"wpcf7 no-js\" id=\"wpcf7-f49308-o1\" lang=\"en-GB\" dir=\"ltr\" data-wpcf7-id=\"49308\">\n<div class=\"screen-reader-response\"><p role=\"status\" aria-live=\"polite\" aria-atomic=\"true\"><\/p> <ul><\/ul><\/div>\n<form action=\"\/no\/wp-json\/wp\/v2\/pages\/28721#wpcf7-f49308-o1\" method=\"post\" class=\"wpcf7-form init\" aria-label=\"Contact form\" enctype=\"multipart\/form-data\" novalidate=\"novalidate\" data-status=\"init\">\n<fieldset class=\"hidden-fields-container\"><input type=\"hidden\" name=\"_wpcf7\" value=\"49308\" \/><input type=\"hidden\" name=\"_wpcf7_version\" value=\"6.1.5\" \/><input type=\"hidden\" name=\"_wpcf7_locale\" value=\"en_GB\" \/><input type=\"hidden\" name=\"_wpcf7_unit_tag\" value=\"wpcf7-f49308-o1\" \/><input type=\"hidden\" name=\"_wpcf7_container_post\" value=\"0\" \/><input type=\"hidden\" name=\"_wpcf7_posted_data_hash\" value=\"\" \/><input type=\"hidden\" name=\"_wpcf7_recaptcha_response\" value=\"\" \/>\n<\/fieldset>\n<p><span class=\"wpcf7-form-control-wrap\" data-name=\"first-name\"><input size=\"40\" maxlength=\"400\" class=\"wpcf7-form-control wpcf7-text wpcf7-validates-as-required\" autocomplete=\"name\" aria-required=\"true\" aria-invalid=\"false\" placeholder=\"First name\" value=\"\" type=\"text\" name=\"first-name\" \/><\/span><br \/>\n<span class=\"wpcf7-form-control-wrap\" data-name=\"last-name\"><input size=\"40\" maxlength=\"400\" class=\"wpcf7-form-control wpcf7-text wpcf7-validates-as-required\" autocomplete=\"name\" aria-required=\"true\" aria-invalid=\"false\" placeholder=\"Last name\" value=\"\" type=\"text\" name=\"last-name\" \/><\/span><br \/>\n<span class=\"wpcf7-form-control-wrap\" data-name=\"email-address\"><input size=\"40\" maxlength=\"400\" class=\"wpcf7-form-control wpcf7-email wpcf7-validates-as-required wpcf7-text wpcf7-validates-as-email\" autocomplete=\"email\" aria-required=\"true\" aria-invalid=\"false\" placeholder=\"Email address\" value=\"\" type=\"email\" name=\"email-address\" \/><\/span><br \/>\nHow did you hear about us?<br \/>\n<span class=\"wpcf7-form-control-wrap\" data-name=\"select-203\"><select class=\"wpcf7-form-control wpcf7-select wpcf7-validates-as-required\" aria-required=\"true\" aria-invalid=\"false\" name=\"select-203\"><option value=\"An online search for translation companies\">An online search for translation companies<\/option><option value=\"A colleague or friend\">A colleague or friend<\/option><option value=\"Saw a social media post\">Saw a social media post<\/option><option value=\"Read an article\/blog post\">Read an article\/blog post<\/option><option value=\"At a conference\/event\">At a conference\/event<\/option><option value=\"Visited the website for another reason and saw your &quot;Freelance for us&quot; page\">Visited the website for another reason and saw your &quot;Freelance for us&quot; page<\/option><option value=\"Familiar with the company through previous work\">Familiar with the company through previous work<\/option><option value=\"Other\">Other<\/option><\/select><\/span><br \/>\nSource language(s)<br \/>\n<span class=\"wpcf7-form-control-wrap\" data-name=\"select-293\"><select class=\"wpcf7-form-control wpcf7-select wpcf7-validates-as-required\" aria-required=\"true\" aria-invalid=\"false\" name=\"select-293\"><option value=\"Arabic\">Arabic<\/option><option value=\"Chinese\">Chinese<\/option><option value=\"Danish\">Danish<\/option><option value=\"Dutch\">Dutch<\/option><option value=\"English\">English<\/option><option value=\"Estonian\">Estonian<\/option><option value=\"French\">French<\/option><option value=\"German\">German<\/option><option value=\"Greenlandic\">Greenlandic<\/option><option value=\"Icelandic\">Icelandic<\/option><option value=\"Italian\">Italian<\/option><option value=\"Japanese\">Japanese<\/option><option value=\"Latvian\">Latvian<\/option><option value=\"Lithuanian\">Lithuanian<\/option><option value=\"Norwegian\">Norwegian<\/option><option value=\"Portuguese\">Portuguese<\/option><option value=\"Spanish\">Spanish<\/option><option value=\"Swedish\">Swedish<\/option><option value=\"Other\">Other<\/option><\/select><\/span><br \/>\nTarget language(s)<br \/>\n<span class=\"wpcf7-form-control-wrap\" data-name=\"select-294\"><select class=\"wpcf7-form-control wpcf7-select wpcf7-validates-as-required\" aria-required=\"true\" aria-invalid=\"false\" name=\"select-294\"><option value=\"Arabic\">Arabic<\/option><option value=\"Chinese\">Chinese<\/option><option value=\"Danish\">Danish<\/option><option value=\"Dutch\">Dutch<\/option><option value=\"English\">English<\/option><option value=\"Estonian\">Estonian<\/option><option value=\"French\">French<\/option><option value=\"German\">German<\/option><option value=\"Greenlandic\">Greenlandic<\/option><option value=\"Icelandic\">Icelandic<\/option><option value=\"Italian\">Italian<\/option><option value=\"Japanese\">Japanese<\/option><option value=\"Latvian\">Latvian<\/option><option value=\"Lithuanian\">Lithuanian<\/option><option value=\"Norwegian\">Norwegian<\/option><option value=\"Portuguese\">Portuguese<\/option><option value=\"Spanish\">Spanish<\/option><option value=\"Swedish\">Swedish<\/option><option value=\"Other\">Other<\/option><\/select><\/span><br \/>\n<label>CV<\/label><span class=\"wpcf7-form-control-wrap\" data-name=\"file-454\"><input size=\"40\" class=\"wpcf7-form-control wpcf7-file wpcf7-validates-as-required\" accept=\".pdf,.doc,.docx\" aria-required=\"true\" aria-invalid=\"false\" type=\"file\" name=\"file-454\" \/><\/span><br \/>\n<input class=\"wpcf7-form-control wpcf7-submit has-spinner\" type=\"submit\" value=\"Submit\" \/>\n<\/p><input type='hidden' class='wpcf7-pum' value='{\"closepopup\":false,\"closedelay\":0,\"openpopup\":false,\"openpopup_id\":0}' \/><div class=\"wpcf7-response-output\" aria-hidden=\"true\"><\/div>\n<\/form>\n<\/div>\n<\/div>\n            <\/div>\t\t\t\t<\/div>\n\t\t\t\t<\/div>\n\t\t\t\t\t<\/div>\n\t\t<\/div>\n\t\t\t\t\t<\/div>\n\t\t<\/section>\n\t\t\t\t<\/div>\n\t\t","protected":false},"excerpt":{"rendered":"<p>Hvis du er interessert i \u00e5 jobbe sammen med oss som frilanser, kan du fylle ut dette skjemaet, s\u00e5 vil en av v?","protected":false},"author":14,"featured_media":0,"parent":0,"menu_order":0,"comment_status":"closed","ping_status":"closed","template":"page-freelancer-new.php","meta":{"_acf_changed":false,"episode_type":"","audio_file":"","podmotor_file_id":"","podmotor_episode_id":"","cover_image":"","cover_image_id":"","duration":"","filesize":"","filesize_raw":"","date_recorded":"","explicit":"","block":"","itunes_episode_number":"","itunes_title":"","itunes_season_number":"","itunes_episode_type":"","footnotes":""},"coauthors":[125],"class_list":["post-28721","page","type-page","status-publish","hentry"],"acf":[],"yoast_head":"<!-- This site is optimized with the Yoast SEO plugin v27.2 - https:\/\/yoast.com\/product\/yoast-seo-wordpress\/ -->\n<title>Bli frilanser - sa国际传媒<\/title>\n<meta name=\"robots\" content=\"noindex, follow\" \/>\n<meta property=\"og:locale\" content=\"nb_NO\" \/>\n<meta property=\"og:type\" content=\"article\" \/>\n<meta property=\"og:title\" content=\"Bli frilanser - sa国际传媒\" \/>\n<meta property=\"og:description\" content=\"Hvis du er interessert i \u00e5 jobbe sammen med oss som frilanser, kan du fylle ut dette skjemaet, s\u00e5 vil en av v\u00e5re innkj\u00f8psansvarlige ta kontakt med deg, hvis du passer for v\u00e5re behov. How did you hear about us? An online search for translation companiesA colleague or friendSaw a social media postRead an article\/blog ...\" \/>\n<meta property=\"og:url\" content=\"https:\/\/stptrans.com\/no\/bli-frilanser\/\" \/>\n<meta property=\"og:site_name\" content=\"sa国际传媒\" \/>\n<meta property=\"article:publisher\" content=\"https:\/\/www.facebook.com\/STPNordic?fref=ts\" \/>\n<meta property=\"article:modified_time\" content=\"2026-01-29T17:55:05+00:00\" \/>\n<meta name=\"twitter:card\" content=\"summary_large_image\" \/>\n<meta name=\"twitter:site\" content=\"@STPConnect\" \/>\n<meta name=\"twitter:label1\" content=\"Ansl. lesetid\" \/>\n\t<meta name=\"twitter:data1\" content=\"1 minutt\" \/>\n\t<meta name=\"twitter:label2\" content=\"Written by\" \/>\n\t<meta name=\"twitter:data2\" content=\"Max Naylor\" \/>\n<script type=\"application\/ld+json\" class=\"yoast-schema-graph\">{\"@context\":\"https:\/\/schema.org\",\"@graph\":[{\"@type\":\"WebPage\",\"@id\":\"https:\/\/stptrans.com\/no\/bli-frilanser\/\",\"url\":\"https:\/\/stptrans.com\/no\/bli-frilanser\/\",\"name\":\"Bli frilanser - sa国际传媒\",\"isPartOf\":{\"@id\":\"https:\/\/stptrans.com\/no\/#website\"},\"datePublished\":\"2021-02-23T09:25:00+00:00\",\"dateModified\":\"2026-01-29T17:55:05+00:00\",\"breadcrumb\":{\"@id\":\"https:\/\/stptrans.com\/no\/bli-frilanser\/#breadcrumb\"},\"inLanguage\":\"nb-NO\",\"potentialAction\":[{\"@type\":\"ReadAction\",\"target\":[\"https:\/\/stptrans.com\/no\/bli-frilanser\/\"]}]},{\"@type\":\"BreadcrumbList\",\"@id\":\"https:\/\/stptrans.com\/no\/bli-frilanser\/#breadcrumb\",\"itemListElement\":[{\"@type\":\"ListItem\",\"position\":1,\"name\":\"Home\",\"item\":\"https:\/\/stptrans.com\/no\/\"},{\"@type\":\"ListItem\",\"position\":2,\"name\":\"Bli frilanser\"}]},{\"@type\":\"WebSite\",\"@id\":\"https:\/\/stptrans.com\/no\/#website\",\"url\":\"https:\/\/stptrans.com\/no\/\",\"name\":\"sa国际传媒\",\"description\":\"Nordic translation specialists\",\"publisher\":{\"@id\":\"https:\/\/stptrans.com\/no\/#organization\"},\"potentialAction\":[{\"@type\":\"SearchAction\",\"target\":{\"@type\":\"EntryPoint\",\"urlTemplate\":\"https:\/\/stptrans.com\/no\/?s={search_term_string}\"},\"query-input\":{\"@type\":\"PropertyValueSpecification\",\"valueRequired\":true,\"valueName\":\"search_term_string\"}}],\"inLanguage\":\"nb-NO\"},{\"@type\":\"Organization\",\"@id\":\"https:\/\/stptrans.com\/no\/#organization\",\"name\":\"sa国际传媒\",\"url\":\"https:\/\/stptrans.com\/no\/\",\"logo\":{\"@type\":\"ImageObject\",\"inLanguage\":\"nb-NO\",\"@id\":\"https:\/\/stptrans.com\/no\/#\/schema\/logo\/image\/\",\"url\":\"https:\/\/stptrans.com\/wp-content\/uploads\/2020\/11\/sandberg-email-footer.png\",\"contentUrl\":\"https:\/\/stptrans.com\/wp-content\/uploads\/2020\/11\/sandberg-email-footer.png\",\"width\":140,\"height\":86,\"caption\":\"sa国际传媒\"},\"image\":{\"@id\":\"https:\/\/stptrans.com\/no\/#\/schema\/logo\/image\/\"},\"sameAs\":[\"https:\/\/www.facebook.com\/STPNordic?fref=ts\",\"https:\/\/x.com\/STPConnect\",\"https:\/\/www.linkedin.com\/company\/sandberg-lsp\/\",\"https:\/\/www.instagram.com\/sandberg_lsp\/\"]}]}<\/script>\n<!-- \/ Yoast SEO plugin. -->","yoast_head_json":{"title":"Bli frilanser - sa国际传媒","robots":{"index":"noindex","follow":"follow"},"og_locale":"nb_NO","og_type":"article","og_title":"Bli frilanser - sa国际传媒","og_description":"Hvis du er interessert i \u00e5 jobbe sammen med oss som frilanser, kan du fylle ut dette skjemaet, s\u00e5 vil en av v\u00e5re innkj\u00f8psansvarlige ta kontakt med deg, hvis du passer for v\u00e5re behov. How did you hear about us? An online search for translation companiesA colleague or friendSaw a social media postRead an article\/blog ...","og_url":"https:\/\/stptrans.com\/no\/bli-frilanser\/","og_site_name":"sa国际传媒","article_publisher":"https:\/\/www.facebook.com\/STPNordic?fref=ts","article_modified_time":"2026-01-29T17:55:05+00:00","twitter_card":"summary_large_image","twitter_site":"@STPConnect","twitter_misc":{"Ansl. lesetid":"1 minutt","Written by":"Max Naylor"},"schema":{"@context":"https:\/\/schema.org","@graph":[{"@type":"WebPage","@id":"https:\/\/stptrans.com\/no\/bli-frilanser\/","url":"https:\/\/stptrans.com\/no\/bli-frilanser\/","name":"Bli frilanser - sa国际传媒","isPartOf":{"@id":"https:\/\/stptrans.com\/no\/#website"},"datePublished":"2021-02-23T09:25:00+00:00","dateModified":"2026-01-29T17:55:05+00:00","breadcrumb":{"@id":"https:\/\/stptrans.com\/no\/bli-frilanser\/#breadcrumb"},"inLanguage":"nb-NO","potentialAction":[{"@type":"ReadAction","target":["https:\/\/stptrans.com\/no\/bli-frilanser\/"]}]},{"@type":"BreadcrumbList","@id":"https:\/\/stptrans.com\/no\/bli-frilanser\/#breadcrumb","itemListElement":[{"@type":"ListItem","position":1,"name":"Home","item":"https:\/\/stptrans.com\/no\/"},{"@type":"ListItem","position":2,"name":"Bli frilanser"}]},{"@type":"WebSite","@id":"https:\/\/stptrans.com\/no\/#website","url":"https:\/\/stptrans.com\/no\/","name":"sa国际传媒","description":"Nordic translation specialists","publisher":{"@id":"https:\/\/stptrans.com\/no\/#organization"},"potentialAction":[{"@type":"SearchAction","target":{"@type":"EntryPoint","urlTemplate":"https:\/\/stptrans.com\/no\/?s={search_term_string}"},"query-input":{"@type":"PropertyValueSpecification","valueRequired":true,"valueName":"search_term_string"}}],"inLanguage":"nb-NO"},{"@type":"Organization","@id":"https:\/\/stptrans.com\/no\/#organization","name":"sa国际传媒","url":"https:\/\/stptrans.com\/no\/","logo":{"@type":"ImageObject","inLanguage":"nb-NO","@id":"https:\/\/stptrans.com\/no\/#\/schema\/logo\/image\/","url":"https:\/\/stptrans.com\/wp-content\/uploads\/2020\/11\/sandberg-email-footer.png","contentUrl":"https:\/\/stptrans.com\/wp-content\/uploads\/2020\/11\/sandberg-email-footer.png","width":140,"height":86,"caption":"sa国际传媒"},"image":{"@id":"https:\/\/stptrans.com\/no\/#\/schema\/logo\/image\/"},"sameAs":["https:\/\/www.facebook.com\/STPNordic?fref=ts","https:\/\/x.com\/STPConnect","https:\/\/www.linkedin.com\/company\/sandberg-lsp\/","https:\/\/www.instagram.com\/sandberg_lsp\/"]}]}},"_links":{"self":[{"href":"https:\/\/stptrans.com\/no\/wp-json\/wp\/v2\/pages\/28721","targetHints":{"allow":["GET"]}}],"collection":[{"href":"https:\/\/stptrans.com\/no\/wp-json\/wp\/v2\/pages"}],"about":[{"href":"https:\/\/stptrans.com\/no\/wp-json\/wp\/v2\/types\/page"}],"author":[{"embeddable":true,"href":"https:\/\/stptrans.com\/no\/wp-json\/wp\/v2\/users\/14"}],"replies":[{"embeddable":true,"href":"https:\/\/stptrans.com\/no\/wp-json\/wp\/v2\/comments?post=28721"}],"version-history":[{"count":6,"href":"https:\/\/stptrans.com\/no\/wp-json\/wp\/v2\/pages\/28721\/revisions"}],"predecessor-version":[{"id":52592,"href":"https:\/\/stptrans.com\/no\/wp-json\/wp\/v2\/pages\/28721\/revisions\/52592"}],"wp:attachment":[{"href":"https:\/\/stptrans.com\/no\/wp-json\/wp\/v2\/media?parent=28721"}],"wp:term":[{"taxonomy":"author","embeddable":true,"href":"https:\/\/stptrans.com\/no\/wp-json\/wp\/v2\/coauthors?post=28721"}],"curies":[{"name":"wp","href":"https:\/\/api.w.org\/{rel}","templated":true}]}}