  {"id":15408,"date":"2018-08-05T20:53:31","date_gmt":"2018-08-05T19:53:31","guid":{"rendered":"https:\/\/stptrans.com\/nordic-translation-specialists\/"},"modified":"2022-04-26T14:18:41","modified_gmt":"2022-04-26T13:18:41","slug":"experter-pa-nordisk-oversattning-old","status":"publish","type":"page","link":"https:\/\/stptrans.com\/sv\/experter-pa-nordisk-oversattning-old\/","title":{"rendered":"Experter p\u00e5 nordisk \u00f6vers\u00e4ttning"},"content":{"rendered":"","protected":false},"excerpt":{"rendered":"","protected":false},"author":4,"featured_media":0,"parent":0,"menu_order":0,"comment_status":"closed","ping_status":"closed","template":"","meta":{"_acf_changed":false,"episode_type":"","audio_file":"","podmotor_file_id":"","podmotor_episode_id":"","cover_image":"","cover_image_id":"","duration":"","filesize":"","filesize_raw":"","date_recorded":"","explicit":"","block":"","itunes_episode_number":"","itunes_title":"","itunes_season_number":"","itunes_episode_type":"","footnotes":""},"coauthors":[240],"class_list":["post-15408","page","type-page","status-publish","hentry"],"acf":[],"yoast_head":"<!-- This site is optimized with the Yoast SEO plugin v27.2 - https:\/\/yoast.com\/product\/yoast-seo-wordpress\/ -->\n<title>Experter p\u00e5 nordisk \u00f6vers\u00e4ttning | sa国际传媒 (STP)<\/title>\n<meta name=\"description\" content=\"Sandberg \u00e4r din \u00f6vers\u00e4ttningspartner f\u00f6r kommunikation p\u00e5 den nordiska marknaden. Vi har skalbara kvalitetsl\u00f6sningar f\u00f6r alla dina lokaliseringsbehov till danska, engelska, finska, isl\u00e4ndska, norska och svenska.\" \/>\n<meta name=\"robots\" content=\"index, follow, max-snippet:-1, max-image-preview:large, max-video-preview:-1\" \/>\n<link rel=\"canonical\" href=\"https:\/\/stptrans.com\/sv\/experter-pa-nordisk-oversattning-old\/\" \/>\n<meta property=\"og:locale\" content=\"sv_SE\" \/>\n<meta property=\"og:type\" content=\"article\" \/>\n<meta property=\"og:title\" content=\"Experter p\u00e5 nordisk \u00f6vers\u00e4ttning | sa国际传媒 (STP)\" \/>\n<meta property=\"og:description\" content=\"Sandberg \u00e4r din \u00f6vers\u00e4ttningspartner f\u00f6r kommunikation p\u00e5 den nordiska marknaden. Vi har skalbara kvalitetsl\u00f6sningar f\u00f6r alla dina lokaliseringsbehov till danska, engelska, finska, isl\u00e4ndska, norska och svenska.\" \/>\n<meta property=\"og:url\" content=\"https:\/\/stptrans.com\/sv\/experter-pa-nordisk-oversattning-old\/\" \/>\n<meta property=\"og:site_name\" content=\"sa国际传媒\" \/>\n<meta property=\"article:publisher\" content=\"https:\/\/www.facebook.com\/STPNordic?fref=ts\" \/>\n<meta property=\"article:modified_time\" content=\"2022-04-26T13:18:41+00:00\" \/>\n<meta name=\"twitter:card\" content=\"summary_large_image\" \/>\n<meta name=\"twitter:title\" content=\"Experter p\u00e5 nordisk \u00f6vers\u00e4ttning | sa国际传媒 (STP)\" \/>\n<meta name=\"twitter:description\" content=\"Sandberg \u00e4r din \u00f6vers\u00e4ttningspartner f\u00f6r kommunikation p\u00e5 den nordiska marknaden. Vi har skalbara kvalitetsl\u00f6sningar f\u00f6r alla dina lokaliseringsbehov till danska, engelska, finska, isl\u00e4ndska, norska och svenska.\" \/>\n<meta name=\"twitter:site\" content=\"@STPConnect\" \/>\n<script type=\"application\/ld+json\" class=\"yoast-schema-graph\">{\"@context\":\"https:\/\/schema.org\",\"@graph\":[{\"@type\":\"WebPage\",\"@id\":\"https:\/\/stptrans.com\/sv\/experter-pa-nordisk-oversattning-old\/\",\"url\":\"https:\/\/stptrans.com\/sv\/experter-pa-nordisk-oversattning-old\/\",\"name\":\"Experter p\u00e5 nordisk \u00f6vers\u00e4ttning | sa国际传媒 (STP)\",\"isPartOf\":{\"@id\":\"https:\/\/stptrans.com\/sv\/#website\"},\"datePublished\":\"2018-08-05T19:53:31+00:00\",\"dateModified\":\"2022-04-26T13:18:41+00:00\",\"description\":\"Sandberg \u00e4r din \u00f6vers\u00e4ttningspartner f\u00f6r kommunikation p\u00e5 den nordiska marknaden. Vi har skalbara kvalitetsl\u00f6sningar f\u00f6r alla dina lokaliseringsbehov till danska, engelska, finska, isl\u00e4ndska, norska och svenska.\",\"breadcrumb\":{\"@id\":\"https:\/\/stptrans.com\/sv\/experter-pa-nordisk-oversattning-old\/#breadcrumb\"},\"inLanguage\":\"sv-SE\",\"potentialAction\":[{\"@type\":\"ReadAction\",\"target\":[\"https:\/\/stptrans.com\/sv\/experter-pa-nordisk-oversattning-old\/\"]}]},{\"@type\":\"BreadcrumbList\",\"@id\":\"https:\/\/stptrans.com\/sv\/experter-pa-nordisk-oversattning-old\/#breadcrumb\",\"itemListElement\":[{\"@type\":\"ListItem\",\"position\":1,\"name\":\"Home\",\"item\":\"https:\/\/stptrans.com\/sv\/\"},{\"@type\":\"ListItem\",\"position\":2,\"name\":\"Experter p\u00e5 nordisk \u00f6vers\u00e4ttning\"}]},{\"@type\":\"WebSite\",\"@id\":\"https:\/\/stptrans.com\/sv\/#website\",\"url\":\"https:\/\/stptrans.com\/sv\/\",\"name\":\"sa国际传媒\",\"description\":\"Nordic translation specialists\",\"publisher\":{\"@id\":\"https:\/\/stptrans.com\/sv\/#organization\"},\"potentialAction\":[{\"@type\":\"SearchAction\",\"target\":{\"@type\":\"EntryPoint\",\"urlTemplate\":\"https:\/\/stptrans.com\/sv\/?s={search_term_string}\"},\"query-input\":{\"@type\":\"PropertyValueSpecification\",\"valueRequired\":true,\"valueName\":\"search_term_string\"}}],\"inLanguage\":\"sv-SE\"},{\"@type\":\"Organization\",\"@id\":\"https:\/\/stptrans.com\/sv\/#organization\",\"name\":\"sa国际传媒\",\"url\":\"https:\/\/stptrans.com\/sv\/\",\"logo\":{\"@type\":\"ImageObject\",\"inLanguage\":\"sv-SE\",\"@id\":\"https:\/\/stptrans.com\/sv\/#\/schema\/logo\/image\/\",\"url\":\"https:\/\/stptrans.com\/wp-content\/uploads\/2020\/11\/sandberg-email-footer.png\",\"contentUrl\":\"https:\/\/stptrans.com\/wp-content\/uploads\/2020\/11\/sandberg-email-footer.png\",\"width\":140,\"height\":86,\"caption\":\"sa国际传媒\"},\"image\":{\"@id\":\"https:\/\/stptrans.com\/sv\/#\/schema\/logo\/image\/\"},\"sameAs\":[\"https:\/\/www.facebook.com\/STPNordic?fref=ts\",\"https:\/\/x.com\/STPConnect\",\"https:\/\/www.linkedin.com\/company\/sandberg-lsp\/\",\"https:\/\/www.instagram.com\/sandberg_lsp\/\"]}]}<\/script>\n<!-- \/ Yoast SEO plugin. -->","yoast_head_json":{"title":"Experter p\u00e5 nordisk \u00f6vers\u00e4ttning | sa国际传媒 (STP)","description":"Sandberg \u00e4r din \u00f6vers\u00e4ttningspartner f\u00f6r kommunikation p\u00e5 den nordiska marknaden. Vi har skalbara kvalitetsl\u00f6sningar f\u00f6r alla dina lokaliseringsbehov till danska, engelska, finska, isl\u00e4ndska, norska och svenska.","robots":{"index":"index","follow":"follow","max-snippet":"max-snippet:-1","max-image-preview":"max-image-preview:large","max-video-preview":"max-video-preview:-1"},"canonical":"https:\/\/stptrans.com\/sv\/experter-pa-nordisk-oversattning-old\/","og_locale":"sv_SE","og_type":"article","og_title":"Experter p\u00e5 nordisk \u00f6vers\u00e4ttning | sa国际传媒 (STP)","og_description":"Sandberg \u00e4r din \u00f6vers\u00e4ttningspartner f\u00f6r kommunikation p\u00e5 den nordiska marknaden. Vi har skalbara kvalitetsl\u00f6sningar f\u00f6r alla dina lokaliseringsbehov till danska, engelska, finska, isl\u00e4ndska, norska och svenska.","og_url":"https:\/\/stptrans.com\/sv\/experter-pa-nordisk-oversattning-old\/","og_site_name":"sa国际传媒","article_publisher":"https:\/\/www.facebook.com\/STPNordic?fref=ts","article_modified_time":"2022-04-26T13:18:41+00:00","twitter_card":"summary_large_image","twitter_title":"Experter p\u00e5 nordisk \u00f6vers\u00e4ttning | sa国际传媒 (STP)","twitter_description":"Sandberg \u00e4r din \u00f6vers\u00e4ttningspartner f\u00f6r kommunikation p\u00e5 den nordiska marknaden. Vi har skalbara kvalitetsl\u00f6sningar f\u00f6r alla dina lokaliseringsbehov till danska, engelska, finska, isl\u00e4ndska, norska och svenska.","twitter_site":"@STPConnect","schema":{"@context":"https:\/\/schema.org","@graph":[{"@type":"WebPage","@id":"https:\/\/stptrans.com\/sv\/experter-pa-nordisk-oversattning-old\/","url":"https:\/\/stptrans.com\/sv\/experter-pa-nordisk-oversattning-old\/","name":"Experter p\u00e5 nordisk \u00f6vers\u00e4ttning | sa国际传媒 (STP)","isPartOf":{"@id":"https:\/\/stptrans.com\/sv\/#website"},"datePublished":"2018-08-05T19:53:31+00:00","dateModified":"2022-04-26T13:18:41+00:00","description":"Sandberg \u00e4r din \u00f6vers\u00e4ttningspartner f\u00f6r kommunikation p\u00e5 den nordiska marknaden. Vi har skalbara kvalitetsl\u00f6sningar f\u00f6r alla dina lokaliseringsbehov till danska, engelska, finska, isl\u00e4ndska, norska och svenska.","breadcrumb":{"@id":"https:\/\/stptrans.com\/sv\/experter-pa-nordisk-oversattning-old\/#breadcrumb"},"inLanguage":"sv-SE","potentialAction":[{"@type":"ReadAction","target":["https:\/\/stptrans.com\/sv\/experter-pa-nordisk-oversattning-old\/"]}]},{"@type":"BreadcrumbList","@id":"https:\/\/stptrans.com\/sv\/experter-pa-nordisk-oversattning-old\/#breadcrumb","itemListElement":[{"@type":"ListItem","position":1,"name":"Home","item":"https:\/\/stptrans.com\/sv\/"},{"@type":"ListItem","position":2,"name":"Experter p\u00e5 nordisk \u00f6vers\u00e4ttning"}]},{"@type":"WebSite","@id":"https:\/\/stptrans.com\/sv\/#website","url":"https:\/\/stptrans.com\/sv\/","name":"sa国际传媒","description":"Nordic translation specialists","publisher":{"@id":"https:\/\/stptrans.com\/sv\/#organization"},"potentialAction":[{"@type":"SearchAction","target":{"@type":"EntryPoint","urlTemplate":"https:\/\/stptrans.com\/sv\/?s={search_term_string}"},"query-input":{"@type":"PropertyValueSpecification","valueRequired":true,"valueName":"search_term_string"}}],"inLanguage":"sv-SE"},{"@type":"Organization","@id":"https:\/\/stptrans.com\/sv\/#organization","name":"sa国际传媒","url":"https:\/\/stptrans.com\/sv\/","logo":{"@type":"ImageObject","inLanguage":"sv-SE","@id":"https:\/\/stptrans.com\/sv\/#\/schema\/logo\/image\/","url":"https:\/\/stptrans.com\/wp-content\/uploads\/2020\/11\/sandberg-email-footer.png","contentUrl":"https:\/\/stptrans.com\/wp-content\/uploads\/2020\/11\/sandberg-email-footer.png","width":140,"height":86,"caption":"sa国际传媒"},"image":{"@id":"https:\/\/stptrans.com\/sv\/#\/schema\/logo\/image\/"},"sameAs":["https:\/\/www.facebook.com\/STPNordic?fref=ts","https:\/\/x.com\/STPConnect","https:\/\/www.linkedin.com\/company\/sandberg-lsp\/","https:\/\/www.instagram.com\/sandberg_lsp\/"]}]}},"_links":{"self":[{"href":"https:\/\/stptrans.com\/sv\/wp-json\/wp\/v2\/pages\/15408","targetHints":{"allow":["GET"]}}],"collection":[{"href":"https:\/\/stptrans.com\/sv\/wp-json\/wp\/v2\/pages"}],"about":[{"href":"https:\/\/stptrans.com\/sv\/wp-json\/wp\/v2\/types\/page"}],"author":[{"embeddable":true,"href":"https:\/\/stptrans.com\/sv\/wp-json\/wp\/v2\/users\/4"}],"replies":[{"embeddable":true,"href":"https:\/\/stptrans.com\/sv\/wp-json\/wp\/v2\/comments?post=15408"}],"version-history":[{"count":7,"href":"https:\/\/stptrans.com\/sv\/wp-json\/wp\/v2\/pages\/15408\/revisions"}],"predecessor-version":[{"id":28932,"href":"https:\/\/stptrans.com\/sv\/wp-json\/wp\/v2\/pages\/15408\/revisions\/28932"}],"wp:attachment":[{"href":"https:\/\/stptrans.com\/sv\/wp-json\/wp\/v2\/media?parent=15408"}],"wp:term":[{"taxonomy":"author","embeddable":true,"href":"https:\/\/stptrans.com\/sv\/wp-json\/wp\/v2\/coauthors?post=15408"}],"curies":[{"name":"wp","href":"https:\/\/api.w.org\/{rel}","templated":true}]}}