  {"id":29389,"date":"2021-02-24T09:22:28","date_gmt":"2021-02-24T09:22:28","guid":{"rendered":"https:\/\/stptrans.com\/?page_id=29389"},"modified":"2026-01-27T08:17:40","modified_gmt":"2026-01-27T08:17:40","slug":"begar-offert","status":"publish","type":"page","link":"https:\/\/stptrans.com\/sv\/begar-offert\/","title":{"rendered":"Beg\u00e4r offert"},"content":{"rendered":"\t\t<div data-elementor-type=\"wp-page\" data-elementor-id=\"29389\" class=\"elementor elementor-29389 elementor-28831\" data-elementor-post-type=\"page\">\n\t\t\t\t\t\t<section data-particle_enable=\"false\" data-particle-mobile-disabled=\"false\" class=\"elementor-section elementor-top-section elementor-element elementor-element-7ea8de41 elementor-section-boxed elementor-section-height-default elementor-section-height-default\" data-id=\"7ea8de41\" data-element_type=\"section\" data-e-type=\"section\" id=\"edit-width\">\n\t\t\t\t\t\t<div class=\"elementor-container elementor-column-gap-default\">\n\t\t\t\t\t<div class=\"elementor-column elementor-col-50 elementor-top-column elementor-element elementor-element-5834bd77\" data-id=\"5834bd77\" data-element_type=\"column\" data-e-type=\"column\">\n\t\t\t<div class=\"elementor-widget-wrap elementor-element-populated\">\n\t\t\t\t\t\t<div class=\"elementor-element elementor-element-6f599ece elementor-widget elementor-widget-text-editor\" data-id=\"6f599ece\" data-element_type=\"widget\" data-e-type=\"widget\" data-widget_type=\"text-editor.default\">\n\t\t\t\t<div class=\"elementor-widget-container\">\n\t\t\t\t\t\t\t\t\t<p>F\u00f6r att vi ska kunna ge\u00a0dig ett pris f\u00f6r \u00f6vers\u00e4ttnings\u00aduppdraget vill vi g\u00e4rna att du ber\u00e4ttar lite om dig sj\u00e4lv och ditt projekt.<\/p><p><strong>Observera att vi endast arbetar med andra f\u00f6retag, inte med privatpersoner.<\/strong><\/p><p>Om du vill arbeta med oss som frilans\u00f6vers\u00e4ttare fyller du i <a href=\"\/sv\/arbeta-med-oss-som-frilansoversattare\/\">det h\u00e4r formul\u00e4ret<\/a> i st\u00e4llet.<\/p>\t\t\t\t\t\t\t\t<\/div>\n\t\t\t\t<\/div>\n\t\t\t\t<section data-particle_enable=\"false\" data-particle-mobile-disabled=\"false\" class=\"elementor-section elementor-inner-section elementor-element elementor-element-fea11d0 elementor-section-boxed elementor-section-height-default elementor-section-height-default\" data-id=\"fea11d0\" data-element_type=\"section\" data-e-type=\"section\">\n\t\t\t\t\t\t<div class=\"elementor-container elementor-column-gap-default\">\n\t\t\t\t\t<div class=\"elementor-column elementor-col-100 elementor-inner-column elementor-element elementor-element-9904e4f\" data-id=\"9904e4f\" data-element_type=\"column\" data-e-type=\"column\">\n\t\t\t<div class=\"elementor-widget-wrap elementor-element-populated\">\n\t\t\t\t\t\t<div class=\"elementor-element elementor-element-5b0a06a elementor-widget elementor-widget-image\" data-id=\"5b0a06a\" data-element_type=\"widget\" data-e-type=\"widget\" data-widget_type=\"image.default\">\n\t\t\t\t<div class=\"elementor-widget-container\">\n\t\t\t\t\t\t\t\t\t\t\t\t\t\t\t<img fetchpriority=\"high\" decoding=\"async\" width=\"768\" height=\"755\" src=\"https:\/\/stptrans.com\/wp-content\/uploads\/2020\/03\/social-768x755.png\" class=\"attachment-medium_large size-medium_large wp-image-23192\" alt=\"Two circular images with emloyees at Sandberg being social.\" srcset=\"https:\/\/stptrans.com\/wp-content\/uploads\/2020\/03\/social-768x755.png 768w, https:\/\/stptrans.com\/wp-content\/uploads\/2020\/03\/social-300x295.png 300w, https:\/\/stptrans.com\/wp-content\/uploads\/2020\/03\/social.png 810w\" sizes=\"(max-width: 768px) 100vw, 768px\" \/>\t\t\t\t\t\t\t\t\t\t\t\t\t\t\t<\/div>\n\t\t\t\t<\/div>\n\t\t\t\t\t<\/div>\n\t\t<\/div>\n\t\t\t\t\t<\/div>\n\t\t<\/section>\n\t\t\t\t\t<\/div>\n\t\t<\/div>\n\t\t\t\t<div class=\"elementor-column elementor-col-50 elementor-top-column elementor-element elementor-element-00a66fd\" data-id=\"00a66fd\" data-element_type=\"column\" data-e-type=\"column\" data-settings=\"{&quot;background_background&quot;:&quot;classic&quot;}\">\n\t\t\t<div class=\"elementor-widget-wrap elementor-element-populated\">\n\t\t\t\t\t\t<section data-particle_enable=\"false\" data-particle-mobile-disabled=\"false\" class=\"elementor-section elementor-inner-section elementor-element elementor-element-2d2eb84 elementor-reverse-mobile elementor-section-boxed elementor-section-height-default elementor-section-height-default\" data-id=\"2d2eb84\" data-element_type=\"section\" data-e-type=\"section\">\n\t\t\t\t\t\t<div class=\"elementor-container elementor-column-gap-default\">\n\t\t\t\t\t<div class=\"elementor-column elementor-col-100 elementor-inner-column elementor-element elementor-element-0a7a3c4\" data-id=\"0a7a3c4\" data-element_type=\"column\" data-e-type=\"column\">\n\t\t\t<div class=\"elementor-widget-wrap elementor-element-populated\">\n\t\t\t\t\t\t<div class=\"elementor-element elementor-element-8d796f5 elementor-widget elementor-widget-text-editor\" data-id=\"8d796f5\" data-element_type=\"widget\" data-e-type=\"widget\" data-widget_type=\"text-editor.default\">\n\t\t\t\t<div class=\"elementor-widget-container\">\n\t\t\t\t\t\t\t\t\t<div id=\"opcrm-webform-680f5ecea43bdc22c5ef8a09\" class=\"opcrm-webform\" data-form-url=\"https:\/\/forms.onepagecrm.com\/680f5ecea43bdc22c5ef8a09\/\">\u00a0<\/div><p><script type=\"text\/javascript\" src=\"https:\/\/forms.onepagecrm.com\/embed.js\"><\/script><\/p>\t\t\t\t\t\t\t\t<\/div>\n\t\t\t\t<\/div>\n\t\t\t\t\t<\/div>\n\t\t<\/div>\n\t\t\t\t\t<\/div>\n\t\t<\/section>\n\t\t\t\t\t<\/div>\n\t\t<\/div>\n\t\t\t\t\t<\/div>\n\t\t<\/section>\n\t\t\t\t<\/div>\n\t\t","protected":false},"excerpt":{"rendered":"<p>F\u00f6r att vi ska kunna ge\u00a0dig ett pris f\u00f6r \u00f6vers\u00e4ttnings\u00aduppdraget vill vi g\u00e4rna att du ber\u00e4ttar lite om d","protected":false},"author":14,"featured_media":0,"parent":0,"menu_order":0,"comment_status":"closed","ping_status":"closed","template":"elementor_header_footer","meta":{"_acf_changed":false,"episode_type":"","audio_file":"","podmotor_file_id":"","podmotor_episode_id":"","cover_image":"","cover_image_id":"","duration":"","filesize":"","filesize_raw":"","date_recorded":"","explicit":"","block":"","itunes_episode_number":"","itunes_title":"","itunes_season_number":"","itunes_episode_type":"","footnotes":""},"coauthors":[125],"class_list":["post-29389","page","type-page","status-publish","hentry"],"acf":[],"yoast_head":"<!-- This site is optimized with the Yoast SEO plugin v27.2 - https:\/\/yoast.com\/product\/yoast-seo-wordpress\/ -->\n<title>Beg\u00e4r offert - sa国际传媒<\/title>\n<meta name=\"robots\" content=\"index, follow, max-snippet:-1, max-image-preview:large, max-video-preview:-1\" \/>\n<link rel=\"canonical\" href=\"https:\/\/stptrans.com\/sv\/begar-offert\/\" \/>\n<meta property=\"og:locale\" content=\"sv_SE\" \/>\n<meta property=\"og:type\" content=\"article\" \/>\n<meta property=\"og:title\" content=\"Beg\u00e4r offert - sa国际传媒\" \/>\n<meta property=\"og:description\" content=\"F\u00f6r att vi ska kunna ge\u00a0dig ett pris f\u00f6r \u00f6vers\u00e4ttnings\u00aduppdraget vill vi g\u00e4rna att du ber\u00e4ttar lite om dig sj\u00e4lv och ditt projekt. Observera att vi endast arbetar med andra f\u00f6retag, inte med privatpersoner. Om du vill arbeta med oss som frilans\u00f6vers\u00e4ttare fyller du i det h\u00e4r formul\u00e4ret i st\u00e4llet. \u00a0\" \/>\n<meta property=\"og:url\" content=\"https:\/\/stptrans.com\/sv\/begar-offert\/\" \/>\n<meta property=\"og:site_name\" content=\"sa国际传媒\" \/>\n<meta property=\"article:publisher\" content=\"https:\/\/www.facebook.com\/STPNordic?fref=ts\" \/>\n<meta property=\"article:modified_time\" content=\"2026-01-27T08:17:40+00:00\" \/>\n<meta property=\"og:image\" content=\"https:\/\/stptrans.com\/wp-content\/uploads\/2020\/03\/social.png\" \/>\n\t<meta property=\"og:image:width\" content=\"810\" \/>\n\t<meta property=\"og:image:height\" content=\"796\" \/>\n\t<meta property=\"og:image:type\" content=\"image\/png\" \/>\n<meta name=\"twitter:card\" content=\"summary_large_image\" \/>\n<meta name=\"twitter:site\" content=\"@STPConnect\" \/>\n<meta name=\"twitter:label1\" content=\"Ber\u00e4knad l\u00e4stid\" \/>\n\t<meta name=\"twitter:data1\" content=\"1 minut\" \/>\n\t<meta name=\"twitter:label2\" content=\"Skriven av\" \/>\n\t<meta name=\"twitter:data2\" content=\"Max Naylor\" \/>\n<script type=\"application\/ld+json\" class=\"yoast-schema-graph\">{\"@context\":\"https:\/\/schema.org\",\"@graph\":[{\"@type\":\"WebPage\",\"@id\":\"https:\/\/stptrans.com\/sv\/begar-offert\/\",\"url\":\"https:\/\/stptrans.com\/sv\/begar-offert\/\",\"name\":\"Beg\u00e4r offert - sa国际传媒\",\"isPartOf\":{\"@id\":\"https:\/\/stptrans.com\/sv\/#website\"},\"primaryImageOfPage\":{\"@id\":\"https:\/\/stptrans.com\/sv\/begar-offert\/#primaryimage\"},\"image\":{\"@id\":\"https:\/\/stptrans.com\/sv\/begar-offert\/#primaryimage\"},\"thumbnailUrl\":\"https:\/\/stptrans.com\/wp-content\/uploads\/2020\/03\/social-768x755.png\",\"datePublished\":\"2021-02-24T09:22:28+00:00\",\"dateModified\":\"2026-01-27T08:17:40+00:00\",\"breadcrumb\":{\"@id\":\"https:\/\/stptrans.com\/sv\/begar-offert\/#breadcrumb\"},\"inLanguage\":\"sv-SE\",\"potentialAction\":[{\"@type\":\"ReadAction\",\"target\":[\"https:\/\/stptrans.com\/sv\/begar-offert\/\"]}]},{\"@type\":\"ImageObject\",\"inLanguage\":\"sv-SE\",\"@id\":\"https:\/\/stptrans.com\/sv\/begar-offert\/#primaryimage\",\"url\":\"https:\/\/stptrans.com\/wp-content\/uploads\/2020\/03\/social-768x755.png\",\"contentUrl\":\"https:\/\/stptrans.com\/wp-content\/uploads\/2020\/03\/social-768x755.png\"},{\"@type\":\"BreadcrumbList\",\"@id\":\"https:\/\/stptrans.com\/sv\/begar-offert\/#breadcrumb\",\"itemListElement\":[{\"@type\":\"ListItem\",\"position\":1,\"name\":\"Home\",\"item\":\"https:\/\/stptrans.com\/sv\/\"},{\"@type\":\"ListItem\",\"position\":2,\"name\":\"Beg\u00e4r offert\"}]},{\"@type\":\"WebSite\",\"@id\":\"https:\/\/stptrans.com\/sv\/#website\",\"url\":\"https:\/\/stptrans.com\/sv\/\",\"name\":\"sa国际传媒\",\"description\":\"Nordic translation specialists\",\"publisher\":{\"@id\":\"https:\/\/stptrans.com\/sv\/#organization\"},\"potentialAction\":[{\"@type\":\"SearchAction\",\"target\":{\"@type\":\"EntryPoint\",\"urlTemplate\":\"https:\/\/stptrans.com\/sv\/?s={search_term_string}\"},\"query-input\":{\"@type\":\"PropertyValueSpecification\",\"valueRequired\":true,\"valueName\":\"search_term_string\"}}],\"inLanguage\":\"sv-SE\"},{\"@type\":\"Organization\",\"@id\":\"https:\/\/stptrans.com\/sv\/#organization\",\"name\":\"sa国际传媒\",\"url\":\"https:\/\/stptrans.com\/sv\/\",\"logo\":{\"@type\":\"ImageObject\",\"inLanguage\":\"sv-SE\",\"@id\":\"https:\/\/stptrans.com\/sv\/#\/schema\/logo\/image\/\",\"url\":\"https:\/\/stptrans.com\/wp-content\/uploads\/2020\/11\/sandberg-email-footer.png\",\"contentUrl\":\"https:\/\/stptrans.com\/wp-content\/uploads\/2020\/11\/sandberg-email-footer.png\",\"width\":140,\"height\":86,\"caption\":\"sa国际传媒\"},\"image\":{\"@id\":\"https:\/\/stptrans.com\/sv\/#\/schema\/logo\/image\/\"},\"sameAs\":[\"https:\/\/www.facebook.com\/STPNordic?fref=ts\",\"https:\/\/x.com\/STPConnect\",\"https:\/\/www.linkedin.com\/company\/sandberg-lsp\/\",\"https:\/\/www.instagram.com\/sandberg_lsp\/\"]}]}<\/script>\n<!-- \/ Yoast SEO plugin. -->","yoast_head_json":{"title":"Beg\u00e4r offert - sa国际传媒","robots":{"index":"index","follow":"follow","max-snippet":"max-snippet:-1","max-image-preview":"max-image-preview:large","max-video-preview":"max-video-preview:-1"},"canonical":"https:\/\/stptrans.com\/sv\/begar-offert\/","og_locale":"sv_SE","og_type":"article","og_title":"Beg\u00e4r offert - sa国际传媒","og_description":"F\u00f6r att vi ska kunna ge\u00a0dig ett pris f\u00f6r \u00f6vers\u00e4ttnings\u00aduppdraget vill vi g\u00e4rna att du ber\u00e4ttar lite om dig sj\u00e4lv och ditt projekt. Observera att vi endast arbetar med andra f\u00f6retag, inte med privatpersoner. Om du vill arbeta med oss som frilans\u00f6vers\u00e4ttare fyller du i det h\u00e4r formul\u00e4ret i st\u00e4llet. \u00a0","og_url":"https:\/\/stptrans.com\/sv\/begar-offert\/","og_site_name":"sa国际传媒","article_publisher":"https:\/\/www.facebook.com\/STPNordic?fref=ts","article_modified_time":"2026-01-27T08:17:40+00:00","og_image":[{"width":810,"height":796,"url":"https:\/\/stptrans.com\/wp-content\/uploads\/2020\/03\/social.png","type":"image\/png"}],"twitter_card":"summary_large_image","twitter_site":"@STPConnect","twitter_misc":{"Ber\u00e4knad l\u00e4stid":"1 minut","Skriven av":"Max Naylor"},"schema":{"@context":"https:\/\/schema.org","@graph":[{"@type":"WebPage","@id":"https:\/\/stptrans.com\/sv\/begar-offert\/","url":"https:\/\/stptrans.com\/sv\/begar-offert\/","name":"Beg\u00e4r offert - sa国际传媒","isPartOf":{"@id":"https:\/\/stptrans.com\/sv\/#website"},"primaryImageOfPage":{"@id":"https:\/\/stptrans.com\/sv\/begar-offert\/#primaryimage"},"image":{"@id":"https:\/\/stptrans.com\/sv\/begar-offert\/#primaryimage"},"thumbnailUrl":"https:\/\/stptrans.com\/wp-content\/uploads\/2020\/03\/social-768x755.png","datePublished":"2021-02-24T09:22:28+00:00","dateModified":"2026-01-27T08:17:40+00:00","breadcrumb":{"@id":"https:\/\/stptrans.com\/sv\/begar-offert\/#breadcrumb"},"inLanguage":"sv-SE","potentialAction":[{"@type":"ReadAction","target":["https:\/\/stptrans.com\/sv\/begar-offert\/"]}]},{"@type":"ImageObject","inLanguage":"sv-SE","@id":"https:\/\/stptrans.com\/sv\/begar-offert\/#primaryimage","url":"https:\/\/stptrans.com\/wp-content\/uploads\/2020\/03\/social-768x755.png","contentUrl":"https:\/\/stptrans.com\/wp-content\/uploads\/2020\/03\/social-768x755.png"},{"@type":"BreadcrumbList","@id":"https:\/\/stptrans.com\/sv\/begar-offert\/#breadcrumb","itemListElement":[{"@type":"ListItem","position":1,"name":"Home","item":"https:\/\/stptrans.com\/sv\/"},{"@type":"ListItem","position":2,"name":"Beg\u00e4r offert"}]},{"@type":"WebSite","@id":"https:\/\/stptrans.com\/sv\/#website","url":"https:\/\/stptrans.com\/sv\/","name":"sa国际传媒","description":"Nordic translation specialists","publisher":{"@id":"https:\/\/stptrans.com\/sv\/#organization"},"potentialAction":[{"@type":"SearchAction","target":{"@type":"EntryPoint","urlTemplate":"https:\/\/stptrans.com\/sv\/?s={search_term_string}"},"query-input":{"@type":"PropertyValueSpecification","valueRequired":true,"valueName":"search_term_string"}}],"inLanguage":"sv-SE"},{"@type":"Organization","@id":"https:\/\/stptrans.com\/sv\/#organization","name":"sa国际传媒","url":"https:\/\/stptrans.com\/sv\/","logo":{"@type":"ImageObject","inLanguage":"sv-SE","@id":"https:\/\/stptrans.com\/sv\/#\/schema\/logo\/image\/","url":"https:\/\/stptrans.com\/wp-content\/uploads\/2020\/11\/sandberg-email-footer.png","contentUrl":"https:\/\/stptrans.com\/wp-content\/uploads\/2020\/11\/sandberg-email-footer.png","width":140,"height":86,"caption":"sa国际传媒"},"image":{"@id":"https:\/\/stptrans.com\/sv\/#\/schema\/logo\/image\/"},"sameAs":["https:\/\/www.facebook.com\/STPNordic?fref=ts","https:\/\/x.com\/STPConnect","https:\/\/www.linkedin.com\/company\/sandberg-lsp\/","https:\/\/www.instagram.com\/sandberg_lsp\/"]}]}},"_links":{"self":[{"href":"https:\/\/stptrans.com\/sv\/wp-json\/wp\/v2\/pages\/29389","targetHints":{"allow":["GET"]}}],"collection":[{"href":"https:\/\/stptrans.com\/sv\/wp-json\/wp\/v2\/pages"}],"about":[{"href":"https:\/\/stptrans.com\/sv\/wp-json\/wp\/v2\/types\/page"}],"author":[{"embeddable":true,"href":"https:\/\/stptrans.com\/sv\/wp-json\/wp\/v2\/users\/14"}],"replies":[{"embeddable":true,"href":"https:\/\/stptrans.com\/sv\/wp-json\/wp\/v2\/comments?post=29389"}],"version-history":[{"count":12,"href":"https:\/\/stptrans.com\/sv\/wp-json\/wp\/v2\/pages\/29389\/revisions"}],"predecessor-version":[{"id":52478,"href":"https:\/\/stptrans.com\/sv\/wp-json\/wp\/v2\/pages\/29389\/revisions\/52478"}],"wp:attachment":[{"href":"https:\/\/stptrans.com\/sv\/wp-json\/wp\/v2\/media?parent=29389"}],"wp:term":[{"taxonomy":"author","embeddable":true,"href":"https:\/\/stptrans.com\/sv\/wp-json\/wp\/v2\/coauthors?post=29389"}],"curies":[{"name":"wp","href":"https:\/\/api.w.org\/{rel}","templated":true}]}}